{"id":8563165,"date":"2018-10-09T14:10:19","date_gmt":"2018-10-09T12:10:19","guid":{"rendered":"https:\/\/regiontatry.sk\/vodny-svet-aquacity-poprad-zima\/"},"modified":"2025-10-14T21:39:22","modified_gmt":"2025-10-14T19:39:22","slug":"lumea-acvatica-aquacity-poprad-iarna","status":"publish","type":"page","link":"https:\/\/regiontatry.sk\/ro\/wellness-a-relax\/lumea-acvatica-aquacity-poprad-iarna\/","title":{"rendered":"Parc acvatic termal \u00een Poprad &#8211; iarna"},"content":{"rendered":"\n<p>Mun\u021bii Tatra sunt o destina\u021bie ideal\u0103 pentru vizitatorii care caut\u0103 un nivel ridicat de servicii \u0219i, \u00een acela\u0219i timp, vor s\u0103 se bucure de relaxare activ\u0103. Dac\u0103 v-a\u021bi decis s\u0103 v\u0103 petrece\u021bi vacan\u021ba la munte, alege\u021bi Mun\u021bii Tatra &#8211; cel mai \u00eenalt \u0219i mai frumos lan\u021b muntos din Slovacia, care este locul perfect pentru petrecerea timpului liber \u00eentr-un mod variat. Vara se practic\u0103 \u00een principal drume\u021bii montane, ciclism \u00een cadruri naturale uimitoare, iar iarna se schiaz\u0103 pe pantele \u00eenz\u0103pezite ale sta\u021biunilor de schi. Chiar sub mun\u021bii Tatra, aproape \u00een inima Europei, se afl\u0103 un <strong>resort ecologic deosebit &#8211; Parc acvatic termal \u00een Poprad.<\/strong><br><\/p>\n\n\n\n<p>AquaCity Poprad este un complex unic, care ofer\u0103 o gam\u0103 larg\u0103 de servicii pentru o vacan\u021b\u0103 ideal\u0103, o excursie de neuitat \u00een familie sau un eveniment pentru companii. Complexul multifunc\u021bional ofer\u0103 <strong>cazare, servicii de relaxare \u0219i wellness, oportunit\u0103\u021bi pentru turismul de s\u0103n\u0103tate \u0219i activit\u0103\u021bi sportive, servicii gastronomice \u0219i de congrese pentru nevoile clien\u021bilor companii.<\/strong><br><\/p>\n\n\n\n<p>Este o lume a distrac\u021biei, a relax\u0103rii, a odihnei \u0219i a s\u0103n\u0103t\u0103\u021bii. Apa termal\u0103 din parc acvatic termal \u00een Poprad provine dintr-o surs\u0103 subteran\u0103 natural\u0103 \u0219i este introdus\u0103 \u00een complex, unde este r\u0103cit\u0103 de la 50\u00b0C la 36- 38\u00b0C printr-un proces tehnologic. Piscinele au o suprafa\u021b\u0103 anti-coroziune pentru a reduce la minimum nevoia de clor. Pentru dezinfectarea acestora se folose\u0219te lumina UV, ceea ce face ca apa s\u0103 nu irite pielea \u0219i ochii. Apa din piscinele termale izvor\u0103\u0219te de la o ad\u00e2ncime de 1.300 m \u0219i con\u021bine peste 20 de minerale diferite, benefice pentru s\u0103n\u0103tatea uman\u0103. Ajut\u0103 la rezolvarea problemelor legate de sistemul musculo-scheletic \u0219i respirator, circula\u021bia s\u00e2ngelui, sistemul nervos \u0219i are efecte cosmetice benefice.<br><br><\/p>\n\n\n\n<h3 class=\"wp-block-heading\"><strong>Parc acvatic termal \u00een Poprad<\/strong><\/h3>\n\n\n\n<p>Complexul dispune de un Aquaparc cu 13 piscine interioare \u0219i exterioare cu ap\u0103 termal\u0103 \u0219i de relaxare cu temperatura apei \u00eentre 28 \u0219i 38\u00b0, o piscin\u0103 interioar\u0103 de 50 m, un centru de fitness \u0219i de spinning, o zon\u0103 sportiv\u0103 pentru fotbal pe plaj\u0103 \u0219i volei, o plaj\u0103 cu nisip, cu un bar pe plaj\u0103, 6 tobogane \u0219i peste 350 de atrac\u021bii acvatice, hidromasaj, bule, jeturi de ap\u0103, zone de joac\u0103 pentru copii, locuri de joac\u0103 \u0219i un spectacol laser excep\u021bional \u00een piscine. Gama de servicii de wellness este completat\u0103 de masaje thailandeze \u0219i clasice de relaxare, solariu, pedichiur\u0103 bio cu pe\u0219te Garra Rufa, dar mai ales de cel mai mare <strong>centru de wellness<\/strong> cu dou\u0103 etaje, <strong>Fire &amp; Water Wellness &amp; Spa.<\/strong><br><\/p>\n\n\n\n<p>\u00cen piscinele \u00een aer liber, v\u0103 pute\u021bi relaxa \u00een <strong>piscina de \u0219ezut sau de relaxare<\/strong> deschis\u0103 tot timpul anului, unde ve\u021bi g\u0103si masaj cu bule de ap\u0103, jeturi de masaj, o ciuperc\u0103 de ap\u0103 sau un clopot oscilant, sau pute\u021bi \u00eenota \u00een <strong>piscina de recondi\u021bionare<\/strong> \u00een aer liber, lung\u0103 de 33 de metri, destinat\u0103 sportivilor activi. \u00cen timpul sezonului estival pute\u021bi \u00eencerca adev\u0103rata distrac\u021bie acvatic\u0103 \u00een Piramida Maya\u0219ilor cu 3 piscine din o\u021bel inoxidabil cu ad\u00e2ncimi de 1 &#8211; 1,2 m, tobogane \u0219i atrac\u021bii acvatice.<br><\/p>\n\n\n\n<figure class=\"wp-block-gallery has-nested-images columns-default is-cropped wp-block-gallery-2 is-layout-flex wp-block-gallery-is-layout-flex\">\n<figure class=\"wp-block-image\"><img loading=\"lazy\" decoding=\"async\" width=\"1024\" height=\"548\" data-id=\"22382\" src=\"https:\/\/regiontatry.sk\/wp-content\/uploads\/2019\/12\/AquaCity_Winter_2015_Panorama_C-1024x548.jpg\" alt=\"\" class=\"wp-image-22382\" srcset=\"https:\/\/regiontatry.sk\/wp-content\/uploads\/2019\/12\/AquaCity_Winter_2015_Panorama_C-1024x548.jpg 1024w, https:\/\/regiontatry.sk\/wp-content\/uploads\/2019\/12\/AquaCity_Winter_2015_Panorama_C-300x161.jpg 300w, https:\/\/regiontatry.sk\/wp-content\/uploads\/2019\/12\/AquaCity_Winter_2015_Panorama_C-768x411.jpg 768w, https:\/\/regiontatry.sk\/wp-content\/uploads\/2019\/12\/AquaCity_Winter_2015_Panorama_C-698x374.jpg 698w, https:\/\/regiontatry.sk\/wp-content\/uploads\/2019\/12\/AquaCity_Winter_2015_Panorama_C-552x296.jpg 552w, https:\/\/regiontatry.sk\/wp-content\/uploads\/2019\/12\/AquaCity_Winter_2015_Panorama_C.jpg 1500w\" sizes=\"(max-width: 1024px) 100vw, 1024px\" \/><\/figure>\n\n\n\n<figure class=\"wp-block-image\"><img loading=\"lazy\" decoding=\"async\" width=\"1024\" height=\"545\" data-id=\"22467\" src=\"https:\/\/regiontatry.sk\/wp-content\/uploads\/2019\/12\/AquaCity_Winter_2015_Panorama_3000-1-1024x545.jpg\" alt=\"\" class=\"wp-image-22467\" srcset=\"https:\/\/regiontatry.sk\/wp-content\/uploads\/2019\/12\/AquaCity_Winter_2015_Panorama_3000-1-1024x545.jpg 1024w, https:\/\/regiontatry.sk\/wp-content\/uploads\/2019\/12\/AquaCity_Winter_2015_Panorama_3000-1-300x160.jpg 300w, https:\/\/regiontatry.sk\/wp-content\/uploads\/2019\/12\/AquaCity_Winter_2015_Panorama_3000-1-768x409.jpg 768w, https:\/\/regiontatry.sk\/wp-content\/uploads\/2019\/12\/AquaCity_Winter_2015_Panorama_3000-1-698x372.jpg 698w, https:\/\/regiontatry.sk\/wp-content\/uploads\/2019\/12\/AquaCity_Winter_2015_Panorama_3000-1-552x294.jpg 552w, https:\/\/regiontatry.sk\/wp-content\/uploads\/2019\/12\/AquaCity_Winter_2015_Panorama_3000-1.jpg 1639w\" sizes=\"(max-width: 1024px) 100vw, 1024px\" \/><\/figure>\n<\/figure>\n\n\n\n<p>\u00cen spa\u021biile interioare ale complexului se afl\u0103 un loc de relaxare excep\u021bional\u0103 &#8211; <strong>piscinele<\/strong> <strong>Blue Diamond<\/strong>. Cu o atmosfer\u0103 confortabil\u0103, ap\u0103 termal\u0103 cald\u0103 \u0219i piscine interioare acoperite, este ideal chiar \u0219i pentru cei mai mici copii \u0219i pentru adul\u021bi. Piscinele exclusiviste, cu baruri de b\u0103uturi direct \u00een ap\u0103, ofer\u0103&nbsp; luxul a\u0219teptat. V\u0103 pute\u021bi bucura de o gam\u0103 larg\u0103 de b\u0103uturi mixte sau v\u0103 pute\u021bi relaxa pe scaunele de la bar \u00een ap\u0103.<br><\/p>\n\n\n\n<figure class=\"wp-block-gallery has-nested-images columns-default is-cropped wp-block-gallery-3 is-layout-flex wp-block-gallery-is-layout-flex\">\n<figure class=\"wp-block-image\"><img loading=\"lazy\" decoding=\"async\" width=\"1024\" height=\"576\" data-id=\"22394\" src=\"https:\/\/regiontatry.sk\/wp-content\/uploads\/2019\/12\/AquaCity_Blue_Diamond_08-1024x576.jpg\" alt=\"\" class=\"wp-image-22394\" srcset=\"https:\/\/regiontatry.sk\/wp-content\/uploads\/2019\/12\/AquaCity_Blue_Diamond_08-1024x576.jpg 1024w, https:\/\/regiontatry.sk\/wp-content\/uploads\/2019\/12\/AquaCity_Blue_Diamond_08-300x169.jpg 300w, https:\/\/regiontatry.sk\/wp-content\/uploads\/2019\/12\/AquaCity_Blue_Diamond_08-768x432.jpg 768w, https:\/\/regiontatry.sk\/wp-content\/uploads\/2019\/12\/AquaCity_Blue_Diamond_08-698x393.jpg 698w, https:\/\/regiontatry.sk\/wp-content\/uploads\/2019\/12\/AquaCity_Blue_Diamond_08-552x311.jpg 552w, https:\/\/regiontatry.sk\/wp-content\/uploads\/2019\/12\/AquaCity_Blue_Diamond_08.jpg 1500w\" sizes=\"(max-width: 1024px) 100vw, 1024px\" \/><\/figure>\n\n\n\n<figure class=\"wp-block-image\"><img loading=\"lazy\" decoding=\"async\" width=\"1024\" height=\"576\" data-id=\"22414\" src=\"https:\/\/regiontatry.sk\/wp-content\/uploads\/2019\/12\/AquaCity_Blue_Diamond_00-1024x576.jpg\" alt=\"\" class=\"wp-image-22414\" srcset=\"https:\/\/regiontatry.sk\/wp-content\/uploads\/2019\/12\/AquaCity_Blue_Diamond_00-1024x576.jpg 1024w, https:\/\/regiontatry.sk\/wp-content\/uploads\/2019\/12\/AquaCity_Blue_Diamond_00-300x169.jpg 300w, https:\/\/regiontatry.sk\/wp-content\/uploads\/2019\/12\/AquaCity_Blue_Diamond_00-768x432.jpg 768w, https:\/\/regiontatry.sk\/wp-content\/uploads\/2019\/12\/AquaCity_Blue_Diamond_00-698x393.jpg 698w, https:\/\/regiontatry.sk\/wp-content\/uploads\/2019\/12\/AquaCity_Blue_Diamond_00-552x311.jpg 552w, https:\/\/regiontatry.sk\/wp-content\/uploads\/2019\/12\/AquaCity_Blue_Diamond_00.jpg 1500w\" sizes=\"(max-width: 1024px) 100vw, 1024px\" \/><\/figure>\n<\/figure>\n\n\n\n<p><strong>Piscinele Blue Sapphire <\/strong>sunt unice nu numai prin gama de servicii pe care le ofer\u0103, ci \u0219i prin contribu\u021bia lor la protec\u021bia mediului. Cl\u0103direa modern\u0103, care folose\u0219te apa termal\u0103 ca surs\u0103 principal\u0103 de energie \u0219i valorific\u0103 \u0219i energia solar\u0103, ofer\u0103 o experien\u021b\u0103 de neuitat pentru toate sim\u021burile. Dou\u0103 piscine de relaxare cu temperaturi ale apei de 30 &#8211; 35\u00b0C, ofer\u0103 masaje cu ap\u0103 \u0219i aer, \u0219ezlonguri cu hidromasaj, jeturi de ap\u0103, lumini speciale pentru&nbsp; cromoterapie &#8211; terapie prin lumin\u0103, echipamente cu valuri artificiale \u0219i alte atrac\u021bii. Spa\u021biul piscinei Blue Sapphire este dotat cu un spectacol cu laser, proiec\u021bie pe un perete de ap\u0103 \u00eenalt de 9 m \u0219i un sistem de sunet ambiental.<br><\/p>\n\n\n\n<figure class=\"wp-block-gallery has-nested-images columns-default is-cropped wp-block-gallery-4 is-layout-flex wp-block-gallery-is-layout-flex\">\n<figure class=\"wp-block-image\"><img loading=\"lazy\" decoding=\"async\" width=\"1024\" height=\"576\" data-id=\"22374\" src=\"https:\/\/regiontatry.sk\/wp-content\/uploads\/2019\/12\/AquaCity_Wellness_Bazeny_08-1024x576.jpg\" alt=\"\" class=\"wp-image-22374\" srcset=\"https:\/\/regiontatry.sk\/wp-content\/uploads\/2019\/12\/AquaCity_Wellness_Bazeny_08-1024x576.jpg 1024w, https:\/\/regiontatry.sk\/wp-content\/uploads\/2019\/12\/AquaCity_Wellness_Bazeny_08-300x169.jpg 300w, https:\/\/regiontatry.sk\/wp-content\/uploads\/2019\/12\/AquaCity_Wellness_Bazeny_08-768x432.jpg 768w, https:\/\/regiontatry.sk\/wp-content\/uploads\/2019\/12\/AquaCity_Wellness_Bazeny_08-698x393.jpg 698w, https:\/\/regiontatry.sk\/wp-content\/uploads\/2019\/12\/AquaCity_Wellness_Bazeny_08-552x311.jpg 552w, https:\/\/regiontatry.sk\/wp-content\/uploads\/2019\/12\/AquaCity_Wellness_Bazeny_08.jpg 1500w\" sizes=\"(max-width: 1024px) 100vw, 1024px\" \/><\/figure>\n\n\n\n<figure class=\"wp-block-image\"><img loading=\"lazy\" decoding=\"async\" width=\"1024\" height=\"576\" data-id=\"22406\" src=\"https:\/\/regiontatry.sk\/wp-content\/uploads\/2019\/12\/AquaCity_Wellness_Bazeny_12-1024x576.jpg\" alt=\"\" class=\"wp-image-22406\" srcset=\"https:\/\/regiontatry.sk\/wp-content\/uploads\/2019\/12\/AquaCity_Wellness_Bazeny_12-1024x576.jpg 1024w, https:\/\/regiontatry.sk\/wp-content\/uploads\/2019\/12\/AquaCity_Wellness_Bazeny_12-300x169.jpg 300w, https:\/\/regiontatry.sk\/wp-content\/uploads\/2019\/12\/AquaCity_Wellness_Bazeny_12-768x432.jpg 768w, https:\/\/regiontatry.sk\/wp-content\/uploads\/2019\/12\/AquaCity_Wellness_Bazeny_12-698x393.jpg 698w, https:\/\/regiontatry.sk\/wp-content\/uploads\/2019\/12\/AquaCity_Wellness_Bazeny_12-552x311.jpg 552w, https:\/\/regiontatry.sk\/wp-content\/uploads\/2019\/12\/AquaCity_Wellness_Bazeny_12.jpg 1500w\" sizes=\"(max-width: 1024px) 100vw, 1024px\" \/><\/figure>\n<\/figure>\n\n\n\n<p>Pentru familiile cu <strong>copii mai mici este aici \u0219i o piscin\u0103 pentru copii, Treasure Island &#8211; Insula comorilor, <\/strong>\u00een stilul unui golf exotic&nbsp; cu o nav\u0103 naufragiat\u0103 cu tobogane \u0219i atrac\u021bii acvatice. Copii au ocazia de a experimenta senza\u021bia de a naviga pe o nav\u0103 istoric\u0103 \u0219i de a \u00eenota \u00een ap\u0103 s\u0103rat\u0103. Lumea copiilor, cu terasa Summer Lounge \u0219i jacuzzi pentru adul\u021bi, este potrivit\u0103 pentru \u00eentreaga familie. Pe Insula Comorilor \u00eei a\u0219teapt\u0103 pe copii \u0219i Nemo, fabulosul pe\u0219ti\u0219or, \u0219i mascotele Insulei Comorii, Hugo \u0219i Boss, dou\u0103 iguane vii din arhipelagul Galapagos, care sunt protectorii \u00eentregii insule.<br><\/p>\n\n\n\n<figure class=\"wp-block-gallery has-nested-images columns-default is-cropped wp-block-gallery-5 is-layout-flex wp-block-gallery-is-layout-flex\">\n<figure class=\"wp-block-image\"><img loading=\"lazy\" decoding=\"async\" width=\"1024\" height=\"646\" data-id=\"22426\" src=\"https:\/\/regiontatry.sk\/wp-content\/uploads\/2019\/12\/AquaCity_Treasure_Island_2019__18-1-1024x646.jpg\" alt=\"\" class=\"wp-image-22426\" srcset=\"https:\/\/regiontatry.sk\/wp-content\/uploads\/2019\/12\/AquaCity_Treasure_Island_2019__18-1-1024x646.jpg 1024w, https:\/\/regiontatry.sk\/wp-content\/uploads\/2019\/12\/AquaCity_Treasure_Island_2019__18-1-300x189.jpg 300w, https:\/\/regiontatry.sk\/wp-content\/uploads\/2019\/12\/AquaCity_Treasure_Island_2019__18-1-768x484.jpg 768w, https:\/\/regiontatry.sk\/wp-content\/uploads\/2019\/12\/AquaCity_Treasure_Island_2019__18-1-698x440.jpg 698w, https:\/\/regiontatry.sk\/wp-content\/uploads\/2019\/12\/AquaCity_Treasure_Island_2019__18-1-552x348.jpg 552w, https:\/\/regiontatry.sk\/wp-content\/uploads\/2019\/12\/AquaCity_Treasure_Island_2019__18-1.jpg 1500w\" sizes=\"(max-width: 1024px) 100vw, 1024px\" \/><\/figure>\n\n\n\n<figure class=\"wp-block-image\"><img loading=\"lazy\" decoding=\"async\" width=\"1000\" height=\"666\" data-id=\"2307\" src=\"https:\/\/regiontatry.sk\/wp-content\/uploads\/2018\/08\/Treasure_Island_2016.jpg\" alt=\"\" class=\"wp-image-2307\" srcset=\"https:\/\/regiontatry.sk\/wp-content\/uploads\/2018\/08\/Treasure_Island_2016.jpg 1000w, https:\/\/regiontatry.sk\/wp-content\/uploads\/2018\/08\/Treasure_Island_2016-300x200.jpg 300w, https:\/\/regiontatry.sk\/wp-content\/uploads\/2018\/08\/Treasure_Island_2016-768x511.jpg 768w\" sizes=\"(max-width: 1000px) 100vw, 1000px\" \/><\/figure>\n<\/figure>\n\n\n\n<p>\u00cen AquaCity Poprad exist\u0103 locuri de distrac\u021bie \u0219i pentru copiii mai mari. Zona de joac\u0103 pentru copii de l\u00e2ng\u0103 recep\u021bia hotelului, zona de joac\u0103 pentru copii cu dou\u0103 etaje de l\u00e2ng\u0103 piscinele Blue&nbsp; Sapphire \u0219i locurile de joac\u0103 \u00een aer liber le vor garanta copiilor dvs. o zi minunat\u0103 \u0219i v\u0103 vor oferi \u0219ansa de a petrece timp doar pentru dvs. Copiii vor g\u0103si aici o mul\u021bime de juc\u0103rii, cadre de c\u0103\u021b\u0103rat, tobogane, pur \u0219i simplu distrac\u021bie pentru ore \u00eentregi. \u00cen timpul orelor de func\u021bionare selectate, zona de joac\u0103 pentru copii are o cre\u0219\u0103 supravegheat\u0103 \u0219i programe de anima\u021bie.<br><br><\/p>\n\n\n\n<h3 class=\"wp-block-heading\"><br><strong>CENTRUL DE WELLNESS FIRE &amp; WATER WELLNESS &amp; SPA<\/strong><\/h3>\n\n\n\n<p>Pe o suprafa\u021b\u0103 de peste 1590 m2 ve\u021bi g\u0103si o lume plin\u0103 de contraste sub semnul elementelor naturii foc \u0219i ap\u0103. Aceste elemente sunt noul simbol al centrului wellness, \u00eemp\u0103r\u021bit \u00een zone private \u0219i zone party, unde ve\u021bi g\u0103si diferite tipuri de saune \u0219i camere de inhalare. Excep\u021bionala saun\u0103 cu ceremonii, unde ve\u021bi avea parte de ceremonii \u0219i spectacole de saun\u0103 extraordinare \u00een fiecare zi, sauna finlandez\u0103 clasic\u0103 sau sauna cu plante, cu aburi sau cu eucalipt, sauna cu sare de Himalaya, sauna cu infraro\u0219u sau pe\u0219tera de z\u0103pad\u0103 v\u0103 vor m\u00e2ng\u00e2ia sim\u021burile, v\u0103 vor trezi corpul \u0219i v\u0103 vor re\u00eemprosp\u0103ta mintea. Ve\u021bi avea parte de relaxare perfect\u0103 \u00een piscina&nbsp; de relaxare cu golful iubirii, \u00een camerele de relaxare \u0219i odihn\u0103 cu bio\u0219eminee. Centrul include un Wellness Bar, cu o varietate de b\u0103uturi s\u0103n\u0103toase, cocktailuri \u0219i mese u\u0219oare la mod\u0103.<br><\/p>\n\n\n\n<figure class=\"wp-block-gallery has-nested-images columns-default is-cropped wp-block-gallery-6 is-layout-flex wp-block-gallery-is-layout-flex\">\n<figure class=\"wp-block-image\"><img loading=\"lazy\" decoding=\"async\" width=\"1200\" height=\"542\" data-id=\"2279\" src=\"https:\/\/regiontatry.sk\/wp-content\/uploads\/2018\/08\/Relax_Panorama1-2.jpg\" alt=\"\" class=\"wp-image-2279\" srcset=\"https:\/\/regiontatry.sk\/wp-content\/uploads\/2018\/08\/Relax_Panorama1-2.jpg 1200w, https:\/\/regiontatry.sk\/wp-content\/uploads\/2018\/08\/Relax_Panorama1-2-300x136.jpg 300w, https:\/\/regiontatry.sk\/wp-content\/uploads\/2018\/08\/Relax_Panorama1-2-768x347.jpg 768w, https:\/\/regiontatry.sk\/wp-content\/uploads\/2018\/08\/Relax_Panorama1-2-1024x463.jpg 1024w\" sizes=\"(max-width: 1200px) 100vw, 1200px\" \/><\/figure>\n\n\n\n<figure class=\"wp-block-image\"><img loading=\"lazy\" decoding=\"async\" width=\"1000\" height=\"549\" data-id=\"2290\" src=\"https:\/\/regiontatry.sk\/wp-content\/uploads\/2018\/08\/Finska_sauna_Panorama1_web-1.jpg\" alt=\"\" class=\"wp-image-2290\" srcset=\"https:\/\/regiontatry.sk\/wp-content\/uploads\/2018\/08\/Finska_sauna_Panorama1_web-1.jpg 1000w, https:\/\/regiontatry.sk\/wp-content\/uploads\/2018\/08\/Finska_sauna_Panorama1_web-1-300x165.jpg 300w, https:\/\/regiontatry.sk\/wp-content\/uploads\/2018\/08\/Finska_sauna_Panorama1_web-1-768x422.jpg 768w, https:\/\/regiontatry.sk\/wp-content\/uploads\/2018\/08\/Finska_sauna_Panorama1_web-1-860x472.jpg 860w, https:\/\/regiontatry.sk\/wp-content\/uploads\/2018\/08\/Finska_sauna_Panorama1_web-1-698x383.jpg 698w, https:\/\/regiontatry.sk\/wp-content\/uploads\/2018\/08\/Finska_sauna_Panorama1_web-1-552x303.jpg 552w\" sizes=\"(max-width: 1000px) 100vw, 1000px\" \/><\/figure>\n\n\n\n<figure class=\"wp-block-image\"><img loading=\"lazy\" decoding=\"async\" width=\"1024\" height=\"681\" data-id=\"22430\" src=\"https:\/\/regiontatry.sk\/wp-content\/uploads\/2019\/12\/DSC_6337_vitalny_svet_jaskyna_web-1-1024x681.jpg\" alt=\"\" class=\"wp-image-22430\" srcset=\"https:\/\/regiontatry.sk\/wp-content\/uploads\/2019\/12\/DSC_6337_vitalny_svet_jaskyna_web-1-1024x681.jpg 1024w, https:\/\/regiontatry.sk\/wp-content\/uploads\/2019\/12\/DSC_6337_vitalny_svet_jaskyna_web-1-300x200.jpg 300w, https:\/\/regiontatry.sk\/wp-content\/uploads\/2019\/12\/DSC_6337_vitalny_svet_jaskyna_web-1-768x511.jpg 768w, https:\/\/regiontatry.sk\/wp-content\/uploads\/2019\/12\/DSC_6337_vitalny_svet_jaskyna_web-1-698x464.jpg 698w, https:\/\/regiontatry.sk\/wp-content\/uploads\/2019\/12\/DSC_6337_vitalny_svet_jaskyna_web-1-552x367.jpg 552w, https:\/\/regiontatry.sk\/wp-content\/uploads\/2019\/12\/DSC_6337_vitalny_svet_jaskyna_web-1.jpg 1500w\" sizes=\"(max-width: 1024px) 100vw, 1024px\" \/><\/figure>\n<\/figure>\n\n\n\n<h3 class=\"wp-block-heading\">CENTRU DE \u00ceNOT SUB MUN\u021aII TATRA<\/h3>\n\n\n\n<p>Daca iubesti inotul, rasfata-te cu el in noua piscina, care este un loc ideal nu doar pentru performante sportive adecvate, ci si pentru relaxarea mult dorita. Exist\u0103 opt piste de \u00eenot preg\u0103tite pentru \u00eenot\u0103tori, \u00een care pute\u021bi practica sport pe tot parcursul s\u0103pt\u0103m\u00e2nii. Paradisul nou creat pentru \u00eenot\u0103tori \u00eendepline\u0219te cerin\u021bele pentru organizarea taberelor de antrenament, taberelor sportive \u0219i evenimentelor sportive \u00een \u00eenot.<\/p>\n\n\n\n<p>Reconstruc\u021bia piscinei a fost proiectat\u0103 conform parametrilor prescri\u0219i de Federa\u021bia Interna\u021bional\u0103 de \u00cenot (FINA) \u0219i astfel asigur\u0103 nu numai un proces de preg\u0103tire de \u00eenalt\u0103 calitate pentru sportivi, ci \u0219i posibilitatea organiz\u0103rii de evenimente competitive. Sunt disponibile \u0219aisprezece blocuri de start FINA<\/p>\n\n\n\n<p>Noua piscin\u0103 din o\u021bel inoxidabil v\u0103 va fermeca cu confortul utilizatorului pentru sportivi \u0219i vizitatori. De asemenea, v\u0103 va mul\u021bumi cu o temperatur\u0103 pl\u0103cut\u0103 a apei de 28\u00b0C. Fundul a fost proiectat cu o pant\u0103 constant\u0103 \u0219i o ad\u00e2ncime de 1,35-1,8 metri. Nu este doar un loc pentru spectacole sportive, ci \u0219i pentru relaxare. Dac\u0103 trebuie s\u0103-\u021bi stimulezi \u0219i mai mult circula\u021bia s\u00e2ngelui, exist\u0103 o saun\u0103 cu aburi cu umiditate ridicat\u0103, unde corpul t\u0103u scap\u0103 de substan\u021bele nocive \u0219i se relaxeaz\u0103. \u00cembun\u0103t\u0103\u021be\u0219te-\u021bi starea \u0219i \u00eent\u0103re\u0219te-\u021bi vitalitatea \u0219i s\u0103n\u0103tatea.<\/p>\n\n\n\n<figure class=\"wp-block-gallery has-nested-images columns-default is-cropped wp-block-gallery-7 is-layout-flex wp-block-gallery-is-layout-flex\">\n<figure class=\"wp-block-image size-large\"><img loading=\"lazy\" decoding=\"async\" width=\"1024\" height=\"576\" data-id=\"8865637\" src=\"https:\/\/regiontatry.sk\/wp-content\/uploads\/2023\/03\/AquaCity_web_202222-1024x576.jpg\" alt=\"\" class=\"wp-image-8865637\" srcset=\"https:\/\/regiontatry.sk\/wp-content\/uploads\/2023\/03\/AquaCity_web_202222-1024x576.jpg 1024w, https:\/\/regiontatry.sk\/wp-content\/uploads\/2023\/03\/AquaCity_web_202222-300x169.jpg 300w, https:\/\/regiontatry.sk\/wp-content\/uploads\/2023\/03\/AquaCity_web_202222-768x432.jpg 768w, https:\/\/regiontatry.sk\/wp-content\/uploads\/2023\/03\/AquaCity_web_202222.jpg 1920w, https:\/\/regiontatry.sk\/wp-content\/uploads\/2023\/03\/AquaCity_web_202222-1705x959.jpg 1705w, https:\/\/regiontatry.sk\/wp-content\/uploads\/2023\/03\/AquaCity_web_202222-698x393.jpg 698w, https:\/\/regiontatry.sk\/wp-content\/uploads\/2023\/03\/AquaCity_web_202222-552x311.jpg 552w\" sizes=\"(max-width: 1024px) 100vw, 1024px\" \/><\/figure>\n\n\n\n<figure class=\"wp-block-image size-large\"><img loading=\"lazy\" decoding=\"async\" width=\"1024\" height=\"576\" data-id=\"8865651\" src=\"https:\/\/regiontatry.sk\/wp-content\/uploads\/2023\/03\/AquaCity_web_202251-1-1024x576.jpg\" alt=\"\" class=\"wp-image-8865651\" srcset=\"https:\/\/regiontatry.sk\/wp-content\/uploads\/2023\/03\/AquaCity_web_202251-1-1024x576.jpg 1024w, https:\/\/regiontatry.sk\/wp-content\/uploads\/2023\/03\/AquaCity_web_202251-1-300x169.jpg 300w, https:\/\/regiontatry.sk\/wp-content\/uploads\/2023\/03\/AquaCity_web_202251-1-768x432.jpg 768w, https:\/\/regiontatry.sk\/wp-content\/uploads\/2023\/03\/AquaCity_web_202251-1.jpg 1920w, https:\/\/regiontatry.sk\/wp-content\/uploads\/2023\/03\/AquaCity_web_202251-1-1705x959.jpg 1705w, https:\/\/regiontatry.sk\/wp-content\/uploads\/2023\/03\/AquaCity_web_202251-1-698x393.jpg 698w, https:\/\/regiontatry.sk\/wp-content\/uploads\/2023\/03\/AquaCity_web_202251-1-552x311.jpg 552w\" sizes=\"(max-width: 1024px) 100vw, 1024px\" \/><\/figure>\n\n\n\n<figure class=\"wp-block-image size-large\"><img loading=\"lazy\" decoding=\"async\" width=\"1024\" height=\"576\" data-id=\"8865631\" src=\"https:\/\/regiontatry.sk\/wp-content\/uploads\/2023\/03\/AquaCity_web_202220-1024x576.jpg\" alt=\"\" class=\"wp-image-8865631\" srcset=\"https:\/\/regiontatry.sk\/wp-content\/uploads\/2023\/03\/AquaCity_web_202220-1024x576.jpg 1024w, https:\/\/regiontatry.sk\/wp-content\/uploads\/2023\/03\/AquaCity_web_202220-300x169.jpg 300w, https:\/\/regiontatry.sk\/wp-content\/uploads\/2023\/03\/AquaCity_web_202220-768x432.jpg 768w, https:\/\/regiontatry.sk\/wp-content\/uploads\/2023\/03\/AquaCity_web_202220.jpg 1920w, https:\/\/regiontatry.sk\/wp-content\/uploads\/2023\/03\/AquaCity_web_202220-1705x959.jpg 1705w, https:\/\/regiontatry.sk\/wp-content\/uploads\/2023\/03\/AquaCity_web_202220-698x393.jpg 698w, https:\/\/regiontatry.sk\/wp-content\/uploads\/2023\/03\/AquaCity_web_202220-552x311.jpg 552w\" sizes=\"(max-width: 1024px) 100vw, 1024px\" \/><\/figure>\n<\/figure>\n\n\n\n<h3 class=\"wp-block-heading\"><\/h3>\n\n\n\n<figure class=\"wp-block-gallery has-nested-images columns-default is-cropped wp-block-gallery-8 is-layout-flex wp-block-gallery-is-layout-flex\"><\/figure>\n\n\n\n<p>\u00cen AquaCity Poprad ve\u021bi petrece momente de neuitat \u0219i o vacan\u021b\u0103 perfect\u0103 al\u0103turi de cei dragi.<br><\/p>\n\n\n\n<iframe loading=\"lazy\" width=\"49.7%\" height=\"315\" src=\"https:\/\/www.youtube.com\/embed\/pSx10YaxXV4\" frameborder=\"0\" allow=\"autoplay; encrypted-media\" allowfullscreen=\"\"><\/iframe>\n\n\n\n<iframe loading=\"lazy\" width=\"50%\" height=\"315\" src=\"https:\/\/www.youtube.com\/embed\/6in48RJD8KU\" frameborder=\"0\" allow=\"autoplay; encrypted-media\" allowfullscreen=\"\"><\/iframe>\n\n\n\n<h3 class=\"wp-block-heading\"><strong><br>Pagina web\u00a0<a href=\"http:\/\/www.aquacity.sk\/\" target=\"_blank\" rel=\"noreferrer noopener\">Parc acvatic termal \u00een Poprad<\/a><\/strong><\/h3>\n\n\n<div class=\"wp-block-image\">\n<figure class=\"aligncenter\"><a href=\"http:\/\/regiontatry.sk\/wp-content\/uploads\/2014\/10\/AquaCity_Winter_2015_Panorama_1500.jpg\" class=\"broken_link\" data-rel=\"lightbox-image-0\" data-rl_title=\"\" data-rl_caption=\"\" title=\"\"><img decoding=\"async\" src=\"http:\/\/regiontatry.sk\/wp-content\/uploads\/2014\/10\/AquaCity_Winter_2015_Panorama_1500.jpg\" alt=\"\"\/><\/a><\/figure><\/div>","protected":false},"excerpt":{"rendered":"<p>Mun\u021bii Tatra sunt o destina\u021bie ideal\u0103 pentru vizitatorii care caut\u0103 un nivel ridicat de servicii \u0219i, \u00een acela\u0219i timp, vor s\u0103 se bucure de relaxare activ\u0103. Dac\u0103 v-a\u021bi decis s\u0103 v\u0103 petrece\u021bi vacan\u021ba la munte, alege\u021bi Mun\u021bii Tatra &#8211; cel mai \u00eenalt \u0219i mai frumos lan\u021b muntos din Slovacia, care este locul perfect pentru petrecerea [&hellip;]<\/p>\n","protected":false},"author":2,"featured_media":8563166,"parent":9998911,"menu_order":0,"comment_status":"closed","ping_status":"closed","template":"template-simple-page.php","meta":{"footnotes":""},"class_list":["post-8563165","page","type-page","status-publish","has-post-thumbnail","hentry"],"_links":{"self":[{"href":"https:\/\/regiontatry.sk\/ro\/wp-json\/wp\/v2\/pages\/8563165"}],"collection":[{"href":"https:\/\/regiontatry.sk\/ro\/wp-json\/wp\/v2\/pages"}],"about":[{"href":"https:\/\/regiontatry.sk\/ro\/wp-json\/wp\/v2\/types\/page"}],"author":[{"embeddable":true,"href":"https:\/\/regiontatry.sk\/ro\/wp-json\/wp\/v2\/users\/2"}],"replies":[{"embeddable":true,"href":"https:\/\/regiontatry.sk\/ro\/wp-json\/wp\/v2\/comments?post=8563165"}],"version-history":[{"count":5,"href":"https:\/\/regiontatry.sk\/ro\/wp-json\/wp\/v2\/pages\/8563165\/revisions"}],"predecessor-version":[{"id":11145977,"href":"https:\/\/regiontatry.sk\/ro\/wp-json\/wp\/v2\/pages\/8563165\/revisions\/11145977"}],"up":[{"embeddable":true,"href":"https:\/\/regiontatry.sk\/ro\/wp-json\/wp\/v2\/pages\/9998911"}],"wp:featuredmedia":[{"embeddable":true,"href":"https:\/\/regiontatry.sk\/ro\/wp-json\/wp\/v2\/media\/8563166"}],"wp:attachment":[{"href":"https:\/\/regiontatry.sk\/ro\/wp-json\/wp\/v2\/media?parent=8563165"}],"curies":[{"name":"wp","href":"https:\/\/api.w.org\/{rel}","templated":true}]}}