{"id":8903618,"date":"2023-01-06T21:37:09","date_gmt":"2023-01-06T20:37:09","guid":{"rendered":"https:\/\/regiontatry.sk\/gastronomia-az-nad-oblaky\/"},"modified":"2023-04-19T11:35:15","modified_gmt":"2023-04-19T09:35:15","slug":"gastronomia-az-nad-oblaky","status":"publish","type":"page","link":"https:\/\/regiontatry.sk\/ro\/gastronomia-az-nad-oblaky\/","title":{"rendered":"Gastronomie deasupra norilor"},"content":{"rendered":"\n<h3 class=\"wp-block-heading\"><em><strong>O experien\u021b\u0103 culinar\u0103 de neuitat \u00een nori deasupra Mun\u021bilor Tatra<\/strong><\/em><\/h3>\n\n\n\n<p>Tr\u0103i\u021bi o <strong>aventur\u0103 extraordinar\u0103 <\/strong>sub forma unei experien\u021be gastronomice de neuitat chiar \u00een co\u0219ul unui balon cu aer cald. Vom decola de pe Mun\u021bii Tatra mare \u0219i \u00eempreun\u0103 ne vom bucura de aproximativ 60-90 de minute* de zbor incredibil cu specialit\u0103\u021bi culinare de la buc\u0103tarii <strong>Hotelului Lomnica<\/strong>.<\/p>\n\n\n\n<p><em>* Durata zborului depinde de condi\u021biile meteorologice actuale.\u00a0\u00a0 <\/em><\/p>\n\n\n\n<ul class=\"wp-block-gallery columns-2 is-cropped wp-block-gallery-2 is-layout-flex wp-block-gallery-is-layout-flex\"><li class=\"blocks-gallery-item\"><figure><img loading=\"lazy\" decoding=\"async\" width=\"560\" height=\"560\" src=\"https:\/\/regiontatry.sk\/wp-content\/uploads\/2023\/01\/image-1-1-1.png\" alt=\"\" data-id=\"8714120\" data-link=\"https:\/\/regiontatry.sk\/?attachment_id=8714120\" class=\"wp-image-8714120\" srcset=\"https:\/\/regiontatry.sk\/wp-content\/uploads\/2023\/01\/image-1-1-1.png 560w, https:\/\/regiontatry.sk\/wp-content\/uploads\/2023\/01\/image-1-1-1-150x150.png 150w, https:\/\/regiontatry.sk\/wp-content\/uploads\/2023\/01\/image-1-1-1-300x300.png 300w, https:\/\/regiontatry.sk\/wp-content\/uploads\/2023\/01\/image-1-1-1-552x552.png 552w\" sizes=\"(max-width: 560px) 100vw, 560px\" \/><\/figure><\/li><li class=\"blocks-gallery-item\"><figure><img loading=\"lazy\" decoding=\"async\" width=\"587\" height=\"449\" src=\"https:\/\/regiontatry.sk\/wp-content\/uploads\/2023\/01\/Kulin\u00e1rske-lety.png\" alt=\"\" data-id=\"8714132\" data-link=\"https:\/\/regiontatry.sk\/?attachment_id=8714132\" class=\"wp-image-8714132\" srcset=\"https:\/\/regiontatry.sk\/wp-content\/uploads\/2023\/01\/Kulin\u00e1rske-lety.png 587w, https:\/\/regiontatry.sk\/wp-content\/uploads\/2023\/01\/Kulin\u00e1rske-lety-300x229.png 300w, https:\/\/regiontatry.sk\/wp-content\/uploads\/2023\/01\/Kulin\u00e1rske-lety-552x422.png 552w\" sizes=\"(max-width: 587px) 100vw, 587px\" \/><\/figure><\/li><\/ul>\n\n\n\n<h1 class=\"wp-block-heading\"><em><strong>Zboruri culinare<\/strong><\/em><\/h1>\n\n\n\n<p>Pl\u0103cerea cereasc\u0103 a gastronomiei de prim\u0103 clas\u0103 servit\u0103 de echipa Hotelului Lomnica, combinat\u0103 cu o priveli\u0219te a r\u0103s\u0103ritului sau a apusului de soare, combinat\u0103 cu un pahar de Hey You Bubbles de la crama ViaJur \u0219i o cafea aromat\u0103 servit\u0103 \u00een timp ce balonul este preg\u0103tit pentru zbor, va crea o atmosfer\u0103 romantic\u0103 perfect\u0103. Oferta de zbor poate fi g\u0103sit\u0103 <a href=\"https:\/\/www.kuulinair.sk\/ponuka-letov\/\">AICI<\/a><\/p>\n\n\n\n<ul class=\"wp-block-gallery columns-3 is-cropped wp-block-gallery-3 is-layout-flex wp-block-gallery-is-layout-flex\"><li class=\"blocks-gallery-item\"><figure><img loading=\"lazy\" decoding=\"async\" width=\"360\" height=\"360\" src=\"https:\/\/regiontatry.sk\/wp-content\/uploads\/2023\/01\/kulin\u00e1rske-lety-1.png\" alt=\"\" data-id=\"8714138\" data-link=\"https:\/\/regiontatry.sk\/?attachment_id=8714138\" class=\"wp-image-8714138\" srcset=\"https:\/\/regiontatry.sk\/wp-content\/uploads\/2023\/01\/kulin\u00e1rske-lety-1.png 360w, https:\/\/regiontatry.sk\/wp-content\/uploads\/2023\/01\/kulin\u00e1rske-lety-1-150x150.png 150w, https:\/\/regiontatry.sk\/wp-content\/uploads\/2023\/01\/kulin\u00e1rske-lety-1-300x300.png 300w\" sizes=\"(max-width: 360px) 100vw, 360px\" \/><\/figure><\/li><li class=\"blocks-gallery-item\"><figure><img loading=\"lazy\" decoding=\"async\" width=\"360\" height=\"540\" src=\"https:\/\/regiontatry.sk\/wp-content\/uploads\/2023\/01\/image-3-1.png\" alt=\"\" data-id=\"8714144\" data-link=\"https:\/\/regiontatry.sk\/?attachment_id=8714144\" class=\"wp-image-8714144\" srcset=\"https:\/\/regiontatry.sk\/wp-content\/uploads\/2023\/01\/image-3-1.png 360w, https:\/\/regiontatry.sk\/wp-content\/uploads\/2023\/01\/image-3-1-200x300.png 200w\" sizes=\"(max-width: 360px) 100vw, 360px\" \/><\/figure><\/li><li class=\"blocks-gallery-item\"><figure><img loading=\"lazy\" decoding=\"async\" width=\"360\" height=\"540\" src=\"https:\/\/regiontatry.sk\/wp-content\/uploads\/2023\/01\/kulin\u00e1rske-lety-2.png\" alt=\"\" data-id=\"8714150\" data-link=\"https:\/\/regiontatry.sk\/?attachment_id=8714150\" class=\"wp-image-8714150\" srcset=\"https:\/\/regiontatry.sk\/wp-content\/uploads\/2023\/01\/kulin\u00e1rske-lety-2.png 360w, https:\/\/regiontatry.sk\/wp-content\/uploads\/2023\/01\/kulin\u00e1rske-lety-2-200x300.png 200w\" sizes=\"(max-width: 360px) 100vw, 360px\" \/><\/figure><\/li><\/ul>\n\n\n\n<h1 class=\"wp-block-heading\"><em><strong>Zboruri panoramice<\/strong><\/em><\/h1>\n\n\n\n<p>Urm\u0103ri\u021bi str\u0103lucirea dimine\u021bii peste v\u00e2rfurile Mun\u021bilor Tatra sau apusurile de soare, care v\u0103 dezv\u0103luie peisaje neobi\u0219nuite ale naturii \u0219i frumuse\u021bea acesteia, din prim\u0103var\u0103 p\u00e2n\u0103 \u00een toamn\u0103. \u00cenceputul unei noi zile \u00eensorite, dar \u0219i sf\u00e2r\u0219itul ei, vor deveni o experien\u021b\u0103 de neuitat datorit\u0103 emo\u021biei pe care o ofer\u0103 zborul panoramic pe care tocmai l-a\u021bi f\u0103cut. Oferta de zbor poate fi g\u0103sit\u0103 <a href=\"https:\/\/www.kuulinair.sk\/ponuka-letov\/\">AICI<\/a><\/p>\n\n\n\n<ul class=\"wp-block-gallery columns-1 is-cropped wp-block-gallery-4 is-layout-flex wp-block-gallery-is-layout-flex\"><li class=\"blocks-gallery-item\"><figure><img loading=\"lazy\" decoding=\"async\" width=\"560\" height=\"560\" src=\"https:\/\/regiontatry.sk\/wp-content\/uploads\/2023\/01\/image-1-8-1-1.png\" alt=\"\" data-id=\"8714156\" data-link=\"https:\/\/regiontatry.sk\/?attachment_id=8714156\" class=\"wp-image-8714156\" srcset=\"https:\/\/regiontatry.sk\/wp-content\/uploads\/2023\/01\/image-1-8-1-1.png 560w, https:\/\/regiontatry.sk\/wp-content\/uploads\/2023\/01\/image-1-8-1-1-150x150.png 150w, https:\/\/regiontatry.sk\/wp-content\/uploads\/2023\/01\/image-1-8-1-1-300x300.png 300w, https:\/\/regiontatry.sk\/wp-content\/uploads\/2023\/01\/image-1-8-1-1-552x552.png 552w\" sizes=\"(max-width: 560px) 100vw, 560px\" \/><\/figure><\/li><\/ul>\n\n\n\n<p>Kuulinair v\u0103 aduce o combina\u021bie unic\u0103 a tuturor sim\u021burilor, experien\u021be culinare cu o excursie fabuloas\u0103 \u00een nori, care \u00eei va \u00eenc\u00e2nta pe to\u021bi iubitorii de experien\u021be extraordinare, dar \u0219i pe cei mai conservatori, c\u0103rora le place s\u0103 ias\u0103 din c\u00e2nd \u00een c\u00e2nd din tiparele b\u0103t\u0103torite.<br> <br> <\/p>\n","protected":false},"excerpt":{"rendered":"<p>O experien\u021b\u0103 culinar\u0103 de neuitat \u00een nori deasupra Mun\u021bilor Tatra Tr\u0103i\u021bi o aventur\u0103 extraordinar\u0103 sub forma unei experien\u021be gastronomice de neuitat chiar \u00een co\u0219ul unui balon cu aer cald. Vom decola de pe Mun\u021bii Tatra mare \u0219i \u00eempreun\u0103 ne vom bucura de aproximativ 60-90 de minute* de zbor incredibil cu specialit\u0103\u021bi culinare de la buc\u0103tarii [&hellip;]<\/p>\n","protected":false},"author":12,"featured_media":8714137,"parent":0,"menu_order":0,"comment_status":"closed","ping_status":"closed","template":"template-simple-page.php","meta":{"footnotes":""},"class_list":["post-8903618","page","type-page","status-publish","has-post-thumbnail","hentry"],"_links":{"self":[{"href":"https:\/\/regiontatry.sk\/ro\/wp-json\/wp\/v2\/pages\/8903618"}],"collection":[{"href":"https:\/\/regiontatry.sk\/ro\/wp-json\/wp\/v2\/pages"}],"about":[{"href":"https:\/\/regiontatry.sk\/ro\/wp-json\/wp\/v2\/types\/page"}],"author":[{"embeddable":true,"href":"https:\/\/regiontatry.sk\/ro\/wp-json\/wp\/v2\/users\/12"}],"replies":[{"embeddable":true,"href":"https:\/\/regiontatry.sk\/ro\/wp-json\/wp\/v2\/comments?post=8903618"}],"version-history":[{"count":1,"href":"https:\/\/regiontatry.sk\/ro\/wp-json\/wp\/v2\/pages\/8903618\/revisions"}],"predecessor-version":[{"id":8903622,"href":"https:\/\/regiontatry.sk\/ro\/wp-json\/wp\/v2\/pages\/8903618\/revisions\/8903622"}],"wp:featuredmedia":[{"embeddable":true,"href":"https:\/\/regiontatry.sk\/ro\/wp-json\/wp\/v2\/media\/8714137"}],"wp:attachment":[{"href":"https:\/\/regiontatry.sk\/ro\/wp-json\/wp\/v2\/media?parent=8903618"}],"curies":[{"name":"wp","href":"https:\/\/api.w.org\/{rel}","templated":true}]}}