{"id":8903623,"date":"2018-08-15T15:47:33","date_gmt":"2018-08-15T13:47:33","guid":{"rendered":"https:\/\/regiontatry.sk\/ubytovanie\/"},"modified":"2023-08-28T22:07:44","modified_gmt":"2023-08-28T20:07:44","slug":"cazare","status":"publish","type":"page","link":"https:\/\/regiontatry.sk\/ro\/cazare\/","title":{"rendered":"Cazare"},"content":{"rendered":"\n<p>Vo Vysok\u00fdch Tatr\u00e1ch pri kozube aj pod stanom. Na chalupe \u010di vo wellness hoteli. Mo\u017enosti ubytovania s\u00fa rozmanit\u00e9, preto vyhovej\u00fa ka\u017ed\u00e9mu. Komfortn\u00e9 hotely vybaven\u00e9 t\u00fdmi najluxusnej\u0161\u00edmi apartm\u00e1nmi, penzi\u00f3ny, priv\u00e1ty, turistick\u00e9 ubytovne i \u00fatuln\u00e9 vysokohorsk\u00e9 chaty. Sta\u010d\u00ed si vybra\u0165!<\/p>\n\n\n\n<h4 class=\"wp-block-heading\"><strong>Hotely<\/strong><\/h4>\n\n\n\n<p>V tatranskom regi\u00f3ne sa nach\u00e1dza mno\u017estvo Grand Hotelov a hotelov tej najvy\u0161\u0161ej kvality, v&nbsp;ktor\u00fdch si vychutn\u00e1te v\u00e1\u0161 pobyt tak, \u017ee sa tu budete chcie\u0165 vr\u00e1ti\u0165. Ak patr\u00edte k n\u00e1ro\u010dnej\u0161\u00edm a chcete ok\u00fasi\u0165 noblesu a luxus, nav\u0161t\u00edvte niektor\u00fd z tatransk\u00fdch Grand Hotelov. K\u00e1vi\u010dka v kub\u00e1nskej kaviarni v Grand Hoteli Star\u00fd Smokovec, komfortn\u00fd kongresov\u00fd hotel so \u0161t\u00fdlom a&nbsp;trad\u00edciou Grand Hotel Bellevue, ozajstn\u00fd luxus v 5-hviezdi\u010dkovom Grand Hoteli Kempinski a&nbsp;e\u0161te omnoho viac.<\/p>\n\n\n\n<h4 class=\"wp-block-heading\"><strong>Penzi\u00f3ny a&nbsp;priv\u00e1ty<\/strong><\/h4>\n\n\n\n<p>Druhou mo\u017enos\u0165ou ubytovania v Tatr\u00e1ch s\u00fa penzi\u00f3ny a priv\u00e1ty, ktor\u00e9 v\u00e1s dostan\u00fa svojou rodinnou atmosf\u00e9rou a&nbsp;\u00fatuln\u00fdmi komfortne vybaven\u00fdmi izbami. \u0160irok\u00fa ponuku slu\u017eieb poskytuj\u00fa aj apartm\u00e1ny, ktor\u00fdch s\u00fa\u010das\u0165ou s\u00fa relax centr\u00e1 s v\u00edriv\u00fdmi va\u0148ami a&nbsp;saunami. Lokalita t\u00fdchto zariaden\u00ed je ide\u00e1lna pre akt\u00edvne str\u00e1ven\u00fd oddych spojen\u00fd s&nbsp;turistikou \u010di nen\u00e1ro\u010dn\u00e9 prech\u00e1dzky po okol\u00ed.<\/p>\n\n\n\n<h4 class=\"wp-block-heading\"><strong>Vysokohorsk\u00e9 chaty<\/strong><\/h4>\n\n\n\n<p>Tre\u0165ou mo\u017enos\u0165ou ubytovania v Tatr\u00e1ch s\u00fa horsk\u00e9 a vysokohorsk\u00e9 chaty, ktor\u00e9 n\u00e1jdete pri turistick\u00fdch chodn\u00edkoch, ples\u00e1ch, aj vysoko v hor\u00e1ch. Pon\u00fakaj\u00fa romantiku, ak\u00fa ste e\u0161te neza\u017eili. Prebudi\u0165 sa r\u00e1no vysoko v hor\u00e1ch a ra\u0148ajkova\u0165 nad oblakmi je ako sen. Kapacitn\u00e9 mo\u017enosti jednotliv\u00fdch ch\u00e1t s\u00fa pomerne n\u00edzke, naopak z\u00e1ujem o pobyty pomerne vysok\u00e9. Preto je d\u00f4le\u017eit\u00e1 v\u010dasn\u00e1 rezerv\u00e1cia.<\/p>\n\n\n\n<ul class=\"wp-block-gallery columns-3 is-cropped wp-block-gallery-2 is-layout-flex wp-block-gallery-is-layout-flex\"><li class=\"blocks-gallery-item\"><figure><img loading=\"lazy\" decoding=\"async\" width=\"300\" height=\"199\" src=\"https:\/\/regiontatry.sk\/wp-content\/uploads\/2018\/10\/hotel-Kukucka-1_800-300x199.jpg\" alt=\"\" data-id=\"12434\" data-link=\"https:\/\/regiontatry.sk\/ubytovanie\/hotel-kukucka-1_800-300x199\/\" class=\"wp-image-12434\"\/><\/figure><\/li><li class=\"blocks-gallery-item\"><figure><img loading=\"lazy\" decoding=\"async\" width=\"300\" height=\"200\" src=\"https:\/\/regiontatry.sk\/wp-content\/uploads\/2018\/10\/vila-Krejza-300x200.jpg\" alt=\"\" data-id=\"12450\" data-link=\"https:\/\/regiontatry.sk\/ubytovanie\/vila-krejza-300x200\/\" class=\"wp-image-12450\"\/><\/figure><\/li><li class=\"blocks-gallery-item\"><figure><img loading=\"lazy\" decoding=\"async\" width=\"300\" height=\"225\" src=\"https:\/\/regiontatry.sk\/wp-content\/uploads\/2018\/10\/brncalka-300x225-1.jpg\" alt=\"\" data-id=\"12452\" data-link=\"https:\/\/regiontatry.sk\/ubytovanie\/brncalka-300x225-2\/\" class=\"wp-image-12452\"\/><\/figure><\/li><\/ul>\n","protected":false},"excerpt":{"rendered":"<p>Vo Vysok\u00fdch Tatr\u00e1ch pri kozube aj pod stanom. Na chalupe \u010di vo wellness hoteli. Mo\u017enosti ubytovania s\u00fa rozmanit\u00e9, preto vyhovej\u00fa ka\u017ed\u00e9mu. Komfortn\u00e9 hotely vybaven\u00e9 t\u00fdmi najluxusnej\u0161\u00edmi apartm\u00e1nmi, penzi\u00f3ny, priv\u00e1ty, turistick\u00e9 ubytovne i \u00fatuln\u00e9 vysokohorsk\u00e9 chaty. Sta\u010d\u00ed si vybra\u0165! Hotely V tatranskom regi\u00f3ne sa nach\u00e1dza mno\u017estvo Grand Hotelov a hotelov tej najvy\u0161\u0161ej kvality, v&nbsp;ktor\u00fdch si vychutn\u00e1te [&hellip;]<\/p>\n","protected":false},"author":1,"featured_media":8903625,"parent":0,"menu_order":0,"comment_status":"closed","ping_status":"closed","template":"template-subpages.php","meta":{"footnotes":""},"class_list":["post-8903623","page","type-page","status-publish","has-post-thumbnail","hentry"],"_links":{"self":[{"href":"https:\/\/regiontatry.sk\/ro\/wp-json\/wp\/v2\/pages\/8903623"}],"collection":[{"href":"https:\/\/regiontatry.sk\/ro\/wp-json\/wp\/v2\/pages"}],"about":[{"href":"https:\/\/regiontatry.sk\/ro\/wp-json\/wp\/v2\/types\/page"}],"author":[{"embeddable":true,"href":"https:\/\/regiontatry.sk\/ro\/wp-json\/wp\/v2\/users\/1"}],"replies":[{"embeddable":true,"href":"https:\/\/regiontatry.sk\/ro\/wp-json\/wp\/v2\/comments?post=8903623"}],"version-history":[{"count":2,"href":"https:\/\/regiontatry.sk\/ro\/wp-json\/wp\/v2\/pages\/8903623\/revisions"}],"predecessor-version":[{"id":8918327,"href":"https:\/\/regiontatry.sk\/ro\/wp-json\/wp\/v2\/pages\/8903623\/revisions\/8918327"}],"wp:featuredmedia":[{"embeddable":true,"href":"https:\/\/regiontatry.sk\/ro\/wp-json\/wp\/v2\/media\/8903625"}],"wp:attachment":[{"href":"https:\/\/regiontatry.sk\/ro\/wp-json\/wp\/v2\/media?parent=8903623"}],"curies":[{"name":"wp","href":"https:\/\/api.w.org\/{rel}","templated":true}]}}