{"id":8918210,"date":"2018-07-11T09:43:00","date_gmt":"2018-07-11T07:43:00","guid":{"rendered":"https:\/\/regiontatry.sk\/gastronomie\/gurmanstvo-a-emocie\/"},"modified":"2023-04-25T14:01:41","modified_gmt":"2023-04-25T12:01:41","slug":"gourmet-si-emotii","status":"publish","type":"page","link":"https:\/\/regiontatry.sk\/ro\/gastronomie\/gourmet-si-emotii\/","title":{"rendered":"Gourmet \u0219i emo\u021bii"},"content":{"rendered":"\n<p><strong>Rozmanit\u00e9 a nezamenite\u013en\u00e9. Tak\u00e9 s\u00fa z\u00e1\u017eitky, ktor\u00e9 vo V\u00e1s ostan\u00fa e\u0161te dlho po tom, ako str\u00e1vite vo\u013en\u00e9 chv\u00edle vo Vysok\u00fdch Tatr\u00e1ch.<\/strong><\/p>\n\n\n\n<p>Tatransk\u00e1 krajina V\u00e1m nemie\u0161a ten najlep\u0161\u00ed koktejl em\u00f3cii &#8211; zamilujete sa do nedostupn\u00fdch \u0161t\u00edtov, zamrznut\u00fdch vodop\u00e1dov, na\u010derp\u00e1te nov\u00fa energiu pri poh\u013eade na biely rozpr\u00e1vkov\u00fd kraj a du\u0161u V\u00e1m zaplav\u00ed pocit harm\u00f3nie a spokojnosti.<\/p>\n\n\n\n<p>Cez de\u0148 si vychutnajte romantick\u00e9 prech\u00e1dzky po k\u013eukat\u00fdch turistick\u00fdch chodn\u00edkoch a pri z\u00e1pade slnka si doprajte \u0161peciality region\u00e1lnej kuchyne. V\u00fddatn\u00e9 dom\u00e1ce jedl\u00e1 aj rafinovan\u00e9 kre\u00e1cie majstrov svojho odboru V\u00e1m prines\u00fa jedine\u010dn\u00e9 momenty pln\u00e9 chuti a kulin\u00e1rskych p\u00f4\u017eitkov.<\/p>\n\n\n\n<p><strong>Tatry V\u00e1m ur\u010dite bud\u00fa chuti\u0165!<\/strong><br><strong><br><\/strong><\/p>\n\n\n\t<a href=\"https:\/\/regiontatry.sk\/rodina-a-deti-leto\/gastronomia-az-nad-oblaky\/\" class=\"wp-block-cgb-block-creanet-list category-list grid-x grid-padding-x align-middle\">\n\t\t\t\t\t<div class=\"small-12 medium-6 large-5\">\n\t\t\t\t<figure><img src='https:\/\/regiontatry.sk\/wp-content\/uploads\/2023\/01\/image-1-1.png'\n\t\t\t\t\t\talt=''\n\t\t\t\t\t\ttitle='image-1-1'\n\t\t\t\t\t\/><\/figure>\n\t\t\t<\/div>\n\t\t\n\n\t\t<div class=\"cell small-12 medium-5 large-7\">\n\t\t\t<h3>Gastron\u00f3mia a\u017e nad oblaky<\/h3>\n\t\t\t<p>Za\u017eite <strong>neoby\u010dajn\u00e9 dobrodru\u017estvo<\/strong>\u00a0\u00a0v\u00a0podobe neopakovate\u013en\u00e9ho gastronomick\u00e9ho z\u00e1\u017eitku priamo v ko\u0161i teplovzdu\u0161n\u00e9ho bal\u00f3na. \u0160tartujeme spod kon\u010diarov Vysok\u00fdch Tatier a spolu si vychutn\u00e1me pribli\u017ene 60 \u2013 90 min\u00fat * neskuto\u010dn\u00e9ho letu s\u00a0kulin\u00e1rskymi \u0161pecialitami od \u0161\u00e9fkuch\u00e1rov\u00a0<strong>Hotela Lomnica<\/strong>. <\/p>\n\t\t<\/div>\n\t<\/a>\n\n\t\n\n\t<a href=\"https:\/\/www.vt.sk\/stredisko\/bary-restauracie-obchody\/restauracie\/kaviaren-dedo?no_cache=1\" class=\"wp-block-cgb-block-creanet-list category-list grid-x grid-padding-x align-middle\">\n\t\t\t\t\t<div class=\"small-12 medium-6 large-5\">\n\t\t\t\t<figure><img src='https:\/\/regiontatry.sk\/wp-content\/uploads\/2018\/10\/ranajky_u_deda.png'\n\t\t\t\t\t\talt=''\n\t\t\t\t\t\ttitle='ranajky_u_deda'\n\t\t\t\t\t\/><\/figure>\n\t\t\t<\/div>\n\t\t\n\n\t\t<div class=\"cell small-12 medium-5 large-7\">\n\t\t\t<h3>Ra\u0148ajky nad oblakmi<\/h3>\n\t\t\t<p>Vyrazte prv\u00fdmi rann\u00fdmi lanovkami z Tatranskej Lomnice na Skalnat\u00e9 pleso a odtia\u013e sa nechajte vyviez\u0165 na tradi\u010dn\u00e9\u00a0<strong>slovensk\u00e9 ra\u0148ajky<\/strong>\u00a0a\u017e medzi oblaky \u2013 na samotn\u00fd vrchol Lomnick\u00e9ho \u0161t\u00edtu do v\u00fd\u0161ky\u00a0<strong>2 634 m n. m<\/strong>. Za\u017eite neopakovate\u013en\u00e9 panoramatick\u00e9 v\u00fdh\u013eady na leskn\u00face sa \u0161t\u00edty Tatier, do hlbok\u00fdch dol\u00edn a na okolit\u00fa pr\u00edrodu. No \u010do m\u00f4\u017ee by\u0165 romantickej\u0161ie?<\/p>\n\t\t<\/div>\n\t<\/a>\n\n\t\n\n\t<a href=\"\/turisticke-informacie\/restauracie-pizza\/\" class=\"wp-block-cgb-block-creanet-list category-list grid-x grid-padding-x align-middle\">\n\t\t\t\t\t<div class=\"small-12 medium-6 large-5\">\n\t\t\t\t<figure><img src='https:\/\/regiontatry.sk\/wp-content\/uploads\/2019\/05\/88c5738573af14711c71d7943b2552af.png'\n\t\t\t\t\t\talt=''\n\t\t\t\t\t\ttitle='88c5738573af14711c71d7943b2552af'\n\t\t\t\t\t\/><\/figure>\n\t\t\t<\/div>\n\t\t\n\n\t\t<div class=\"cell small-12 medium-5 large-7\">\n\t\t\t<h3>Rozmanit\u00e9 kulin\u00e1rske p\u00f4\u017eitky<\/h3>\n\t\t\t<p><strong>Tatransk\u00e9 re\u0161taur\u00e1cie<\/strong>\u00a0s\u00fa st\u00e1lym prame\u0148om neporovnate\u013en\u00fdch z\u00e1\u017eitkov, \u010di u\u017e preferujete jedl\u00e1 tradi\u010dn\u00e9 a jednoduch\u00e9 alebo s ochotou experimentova\u0165 a so \u0161tipkou rafinovanovanosti. Pr\u00edjemn\u00e1 atmosf\u00e9ra a\u00a0<strong>vyberan\u00e9 gurm\u00e1nske \u0161peciality<\/strong>\u00a0nes\u00fa z\u00e1ruky za Va\u0161u spokojnos\u0165. Nechajte si chutna\u0165!<\/p>\n\t\t<\/div>\n\t<\/a>\n\n\t\n\n\t<a href=\"\/turisticke-informacie\/salase-koliby\/\" class=\"wp-block-cgb-block-creanet-list category-list grid-x grid-padding-x align-middle\">\n\t\t\t\t\t<div class=\"small-12 medium-6 large-5\">\n\t\t\t\t<figure><img src='https:\/\/regiontatry.sk\/wp-content\/uploads\/2018\/10\/koliba_kamzik.jpg'\n\t\t\t\t\t\talt=''\n\t\t\t\t\t\ttitle='koliba_kamzik'\n\t\t\t\t\t\/><\/figure>\n\t\t\t<\/div>\n\t\t\n\n\t\t<div class=\"cell small-12 medium-5 large-7\">\n\t\t\t<h3>Tradi\u010dn\u00e9 slovensk\u00e9 \u0161peciality<\/h3>\n\t\t\t<p>Ke\u010f patr\u00edte k t\u00fdm, ktor\u00ed popri horskej turistike \u010di cykloturistike, radi spozn\u00e1te aj gastron\u00f3miu a ob\u013e\u00faben\u00e9 chute dan\u00e9ho k\u00faska zeme, odpor\u00fa\u010dame v\u00e1m nav\u0161t\u00edvi\u0165 tradi\u010dn\u00e9 <strong>slovensk\u00e9 koliby a sala\u0161e<\/strong>. <\/p>\n\t\t<\/div>\n\t<\/a>\n\n\t\n\n\n<h3 class=\"wp-block-heading\"><strong><br>K\u00fazlo bohatej hist\u00f3rie tatransk\u00fdch hotelov<\/strong><\/h3>\n\n\n\n<p>Na prelome 19. a&nbsp;20. storo\u010dia nastalo pre Eur\u00f3pu obdobie, naz\u00fdvan\u00e9 vo Franc\u00fazsku&nbsp;La belle \u00e9poque, teda kr\u00e1sna doba. V\u0161ade spokojne \u017eila modern\u00e1 aristokracia, ktor\u00e1 mala dos\u0165 pe\u0148az\u00ed a&nbsp;sna\u017eila sa \u010das\u0165 zo svojho \u017eivota pre\u017ei\u0165 \u010do najpr\u00edjemnej\u0161ie.<\/p>\n\n\n\n<p>Architekti vymysleli&nbsp;<strong>luxusn\u00fd sloh<\/strong>&nbsp;primeran\u00fd dobe &#8211; secesiu.&nbsp; Jej tatransk\u00e9 skvosty si ur\u010dite zamilujete. Ich bohat\u00e1 hist\u00f3ria a lie\u010div\u00e9 \u00fa\u010dinky tatranskej pr\u00edrody vytv\u00e1raj\u00fa dokonal\u00fd p\u00f4\u017eitok aj pre t\u00fdch najn\u00e1ro\u010dnej\u0161\u00edch. Pre ich majest\u00e1tny \u0161arm hostili ve\u013ea v\u00fdznamn\u00fdch osobnost\u00ed.<\/p>\n\n\n\n<p><strong>Nechajte sa aj vy o\u010dari\u0165 k\u00fazlom&nbsp;hist\u00f3rie<\/strong>&nbsp;a&nbsp;doprajte si nezamenite\u013en\u00fd oddych s&nbsp;atmosf\u00e9rou d\u00e1vneho luxusu.<\/p>\n\n\n\n<ul class=\"wp-block-gallery columns-3 is-cropped wp-block-gallery-2 is-layout-flex wp-block-gallery-is-layout-flex\"><li class=\"blocks-gallery-item\"><figure><img loading=\"lazy\" decoding=\"async\" width=\"800\" height=\"531\" src=\"https:\/\/regiontatry.sk\/wp-content\/uploads\/2018\/10\/castro-caf_8532899761_o-1.jpg\" alt=\"\" data-id=\"11908\" data-link=\"https:\/\/regiontatry.sk\/gurmanstvo-a-emocie-3\/castro-caf_8532899761_o-2\/\" class=\"wp-image-11908\" srcset=\"https:\/\/regiontatry.sk\/wp-content\/uploads\/2018\/10\/castro-caf_8532899761_o-1.jpg 800w, https:\/\/regiontatry.sk\/wp-content\/uploads\/2018\/10\/castro-caf_8532899761_o-1-300x199.jpg 300w, https:\/\/regiontatry.sk\/wp-content\/uploads\/2018\/10\/castro-caf_8532899761_o-1-768x510.jpg 768w\" sizes=\"(max-width: 800px) 100vw, 800px\" \/><\/figure><\/li><li class=\"blocks-gallery-item\"><figure><img loading=\"lazy\" decoding=\"async\" width=\"800\" height=\"375\" src=\"https:\/\/regiontatry.sk\/wp-content\/uploads\/2018\/10\/castro-cafe_16638630777_o-1.jpg\" alt=\"\" data-id=\"11938\" data-link=\"https:\/\/regiontatry.sk\/gurmanstvo-a-emocie-3\/castro-cafe_16638630777_o-2\/\" class=\"wp-image-11938\" srcset=\"https:\/\/regiontatry.sk\/wp-content\/uploads\/2018\/10\/castro-cafe_16638630777_o-1.jpg 800w, https:\/\/regiontatry.sk\/wp-content\/uploads\/2018\/10\/castro-cafe_16638630777_o-1-300x141.jpg 300w, https:\/\/regiontatry.sk\/wp-content\/uploads\/2018\/10\/castro-cafe_16638630777_o-1-768x360.jpg 768w\" sizes=\"(max-width: 800px) 100vw, 800px\" \/><\/figure><\/li><li class=\"blocks-gallery-item\"><figure><img loading=\"lazy\" decoding=\"async\" width=\"800\" height=\"523\" src=\"https:\/\/regiontatry.sk\/wp-content\/uploads\/2018\/10\/24822759419_7555dd7b06_o.jpg\" alt=\"\" data-id=\"11985\" data-link=\"https:\/\/regiontatry.sk\/gurmanstvo-a-emocie-3\/24822759419_7555dd7b06_o\/\" class=\"wp-image-11985\" srcset=\"https:\/\/regiontatry.sk\/wp-content\/uploads\/2018\/10\/24822759419_7555dd7b06_o.jpg 800w, https:\/\/regiontatry.sk\/wp-content\/uploads\/2018\/10\/24822759419_7555dd7b06_o-300x196.jpg 300w, https:\/\/regiontatry.sk\/wp-content\/uploads\/2018\/10\/24822759419_7555dd7b06_o-768x502.jpg 768w\" sizes=\"(max-width: 800px) 100vw, 800px\" \/><\/figure><\/li><\/ul>\n\n\n\n<h2 class=\"wp-block-heading\"><strong><a href=\"https:\/\/regiontatry.sk\/turisticke-informacie\/restauracie-pizza\/\"><br>Re\u0161taur\u00e1cie \/ Pizza<\/a><\/strong><\/h2>\n\n\n\n<h2 class=\"wp-block-heading\"><strong><a href=\"https:\/\/regiontatry.sk\/turisticke-informacie\/salase-koliby\/\">Sala\u0161e \/ Koliby<\/a><\/strong><\/h2>\n\n\n\n<h2 class=\"wp-block-heading\"><strong><a href=\"https:\/\/regiontatry.sk\/turisticke-informacie\/kaviarne\/\">Kaviarne<\/a><\/strong><\/h2>\n\n\n\n<h2 class=\"wp-block-heading\"><strong><a href=\"https:\/\/regiontatry.sk\/turisticke-informacie\/bary-nocny-zivot\/\">Bary \/ No\u010dn\u00fd \u017eivot<\/a><\/strong><\/h2>\n","protected":false},"excerpt":{"rendered":"<p>Rozmanit\u00e9 a nezamenite\u013en\u00e9. Tak\u00e9 s\u00fa z\u00e1\u017eitky, ktor\u00e9 vo V\u00e1s ostan\u00fa e\u0161te dlho po tom, ako str\u00e1vite vo\u013en\u00e9 chv\u00edle vo Vysok\u00fdch Tatr\u00e1ch. Tatransk\u00e1 krajina V\u00e1m nemie\u0161a ten najlep\u0161\u00ed koktejl em\u00f3cii &#8211; zamilujete sa do nedostupn\u00fdch \u0161t\u00edtov, zamrznut\u00fdch vodop\u00e1dov, na\u010derp\u00e1te nov\u00fa energiu pri poh\u013eade na biely rozpr\u00e1vkov\u00fd kraj a du\u0161u V\u00e1m zaplav\u00ed pocit harm\u00f3nie a spokojnosti. Cez [&hellip;]<\/p>\n","protected":false},"author":1,"featured_media":8918212,"parent":8917610,"menu_order":10,"comment_status":"closed","ping_status":"closed","template":"template-simple-page.php","meta":{"footnotes":""},"class_list":["post-8918210","page","type-page","status-publish","has-post-thumbnail","hentry"],"_links":{"self":[{"href":"https:\/\/regiontatry.sk\/ro\/wp-json\/wp\/v2\/pages\/8918210"}],"collection":[{"href":"https:\/\/regiontatry.sk\/ro\/wp-json\/wp\/v2\/pages"}],"about":[{"href":"https:\/\/regiontatry.sk\/ro\/wp-json\/wp\/v2\/types\/page"}],"author":[{"embeddable":true,"href":"https:\/\/regiontatry.sk\/ro\/wp-json\/wp\/v2\/users\/1"}],"replies":[{"embeddable":true,"href":"https:\/\/regiontatry.sk\/ro\/wp-json\/wp\/v2\/comments?post=8918210"}],"version-history":[{"count":1,"href":"https:\/\/regiontatry.sk\/ro\/wp-json\/wp\/v2\/pages\/8918210\/revisions"}],"predecessor-version":[{"id":8918213,"href":"https:\/\/regiontatry.sk\/ro\/wp-json\/wp\/v2\/pages\/8918210\/revisions\/8918213"}],"up":[{"embeddable":true,"href":"https:\/\/regiontatry.sk\/ro\/wp-json\/wp\/v2\/pages\/8917610"}],"wp:featuredmedia":[{"embeddable":true,"href":"https:\/\/regiontatry.sk\/ro\/wp-json\/wp\/v2\/media\/8918212"}],"wp:attachment":[{"href":"https:\/\/regiontatry.sk\/ro\/wp-json\/wp\/v2\/media?parent=8918210"}],"curies":[{"name":"wp","href":"https:\/\/api.w.org\/{rel}","templated":true}]}}