{"id":8918339,"date":"2018-08-23T13:05:39","date_gmt":"2018-08-23T11:05:39","guid":{"rendered":"https:\/\/regiontatry.sk\/cazare\/specialne-ponuky\/"},"modified":"2024-11-02T23:22:16","modified_gmt":"2024-11-02T22:22:16","slug":"oferte-speciale","status":"publish","type":"page","link":"https:\/\/regiontatry.sk\/ro\/cazare\/oferte-speciale\/","title":{"rendered":"Oferte speciale"},"content":{"rendered":"\n<h2 class=\"wp-block-heading\"><a href=\"https:\/\/regiontatry.sk\/ro\/cazare\/oferte-speciale\/family-friendly\/\" target=\"_blank\" rel=\"noreferrer noopener\">Prietenos de familie<\/a><\/h2>\n\n\n\n<p>G\u0103si\u021bi cazarea p<strong>otrivit\u0103 pentru familia dvs. \u00eentr-una dintre aceste facilit\u0103\u021bi <\/strong>de cazare potrivite pentru FAMILII \u0219i bucura\u021bi-v\u0103 de o vacan\u021b\u0103 frumoas\u0103, plin\u0103 de confort pentru familie chiar \u00een Mun\u021bii Tatra \u00cenalte!<\/p>\n\n\n\n<h2 class=\"wp-block-heading\"><a href=\"https:\/\/regiontatry.sk\/ro\/cazare\/oferte-speciale\/bike-friendly\/\" target=\"_blank\" rel=\"noreferrer noopener\">Prietenos cu bicicletele<\/a><\/h2>\n\n\n\n<p>R\u0103sf\u0103\u021ba\u021bi-v\u0103 cu o experien\u021b\u0103 unic\u0103. Cunoa\u0219te\u021bi \u00eenal\u021bii Tatra de pe \u0219aua bicicletei \u0219i caza\u021bi-v\u0103 \u00eentr-una dintre unit\u0103\u021bile de cazare <strong>prietenoase cu BIKE, direct <\/strong>\u00een regiunea Tatra, care ofer\u0103 peste 300 km de trasee de biciclete marcate.<\/p>\n\n\n\n<h2 class=\"wp-block-heading\"><a href=\"https:\/\/regiontatry.sk\/ro\/cazare\/oferte-speciale\/dog-pet-friendly\/\" target=\"_blank\" rel=\"noreferrer noopener\">Admite c\u00e2ini\/animale de companie<\/a><\/h2>\n\n\n\n<p>Sta\u021bi \u00een aceste locuri de cazare cu animalul dvs. de companie \u0219i bucura\u021bi-v\u0103 \u00eempreun\u0103 de zilele de vacan\u021b\u0103 \u00een Tatra!<\/p>\n\n\n\n<h2 class=\"wp-block-heading\"><a href=\"https:\/\/regiontatry.sk\/ro\/cazare\/oferte-speciale\/congrese\/\" target=\"_blank\" rel=\"noreferrer noopener\">Congrese<\/a><\/h2>\n\n\n\n<p>Alege dintre urm\u0103toarele spa\u021bii pentru desf\u0103\u0219urarea de congrese, conferin\u021be, \u00eent\u00e2lniri de afaceri, evenimente corporate, culturale \u0219i sociale. Datorit\u0103 fondului s\u0103u natural, cultural \u0219i istoric specific, High Tatra poate deveni \u0219i destina\u021bia ta ideal\u0103 pentru congres.<\/p>\n","protected":false},"excerpt":{"rendered":"<p>Prietenos de familie G\u0103si\u021bi cazarea potrivit\u0103 pentru familia dvs. \u00eentr-una dintre aceste facilit\u0103\u021bi de cazare potrivite pentru FAMILII \u0219i bucura\u021bi-v\u0103 de o vacan\u021b\u0103 frumoas\u0103, plin\u0103 de confort pentru familie chiar \u00een Mun\u021bii Tatra \u00cenalte! Prietenos cu bicicletele R\u0103sf\u0103\u021ba\u021bi-v\u0103 cu o experien\u021b\u0103 unic\u0103. Cunoa\u0219te\u021bi \u00eenal\u021bii Tatra de pe \u0219aua bicicletei \u0219i caza\u021bi-v\u0103 \u00eentr-una dintre unit\u0103\u021bile de [&hellip;]<\/p>\n","protected":false},"author":1,"featured_media":8918341,"parent":8903623,"menu_order":0,"comment_status":"closed","ping_status":"closed","template":"template-simple-page.php","meta":{"footnotes":""},"class_list":["post-8918339","page","type-page","status-publish","has-post-thumbnail","hentry"],"_links":{"self":[{"href":"https:\/\/regiontatry.sk\/ro\/wp-json\/wp\/v2\/pages\/8918339"}],"collection":[{"href":"https:\/\/regiontatry.sk\/ro\/wp-json\/wp\/v2\/pages"}],"about":[{"href":"https:\/\/regiontatry.sk\/ro\/wp-json\/wp\/v2\/types\/page"}],"author":[{"embeddable":true,"href":"https:\/\/regiontatry.sk\/ro\/wp-json\/wp\/v2\/users\/1"}],"replies":[{"embeddable":true,"href":"https:\/\/regiontatry.sk\/ro\/wp-json\/wp\/v2\/comments?post=8918339"}],"version-history":[{"count":3,"href":"https:\/\/regiontatry.sk\/ro\/wp-json\/wp\/v2\/pages\/8918339\/revisions"}],"predecessor-version":[{"id":9969547,"href":"https:\/\/regiontatry.sk\/ro\/wp-json\/wp\/v2\/pages\/8918339\/revisions\/9969547"}],"up":[{"embeddable":true,"href":"https:\/\/regiontatry.sk\/ro\/wp-json\/wp\/v2\/pages\/8903623"}],"wp:featuredmedia":[{"embeddable":true,"href":"https:\/\/regiontatry.sk\/ro\/wp-json\/wp\/v2\/media\/8918341"}],"wp:attachment":[{"href":"https:\/\/regiontatry.sk\/ro\/wp-json\/wp\/v2\/media?parent=8918339"}],"curies":[{"name":"wp","href":"https:\/\/api.w.org\/{rel}","templated":true}]}}