{"id":8918353,"date":"2018-09-07T13:30:21","date_gmt":"2018-09-07T11:30:21","guid":{"rendered":"https:\/\/regiontatry.sk\/cazare\/oferte-speciale\/dog-pet-friendly\/"},"modified":"2024-11-02T23:21:06","modified_gmt":"2024-11-02T22:21:06","slug":"dog-pet-friendly","status":"publish","type":"page","link":"https:\/\/regiontatry.sk\/ro\/cazare\/oferte-speciale\/dog-pet-friendly\/","title":{"rendered":"Admite c\u00e2ini\/animale de companie"},"content":{"rendered":"\n<p class=\"has-text-align-left\">Sta\u021bi \u00een aceste locuri de cazare cu animalul dvs. de companie \u0219i bucura\u021bi-v\u0103 \u00eempreun\u0103 de zilele de vacan\u021b\u0103 \u00een Tatra!<\/p>\n","protected":false},"excerpt":{"rendered":"<p>Sta\u021bi \u00een aceste locuri de cazare cu animalul dvs. de companie \u0219i bucura\u021bi-v\u0103 \u00eempreun\u0103 de zilele de vacan\u021b\u0103 \u00een Tatra!<\/p>\n","protected":false},"author":1,"featured_media":0,"parent":8918339,"menu_order":0,"comment_status":"closed","ping_status":"closed","template":"template-objects.php","meta":{"footnotes":""},"class_list":["post-8918353","page","type-page","status-publish","hentry"],"_links":{"self":[{"href":"https:\/\/regiontatry.sk\/ro\/wp-json\/wp\/v2\/pages\/8918353"}],"collection":[{"href":"https:\/\/regiontatry.sk\/ro\/wp-json\/wp\/v2\/pages"}],"about":[{"href":"https:\/\/regiontatry.sk\/ro\/wp-json\/wp\/v2\/types\/page"}],"author":[{"embeddable":true,"href":"https:\/\/regiontatry.sk\/ro\/wp-json\/wp\/v2\/users\/1"}],"replies":[{"embeddable":true,"href":"https:\/\/regiontatry.sk\/ro\/wp-json\/wp\/v2\/comments?post=8918353"}],"version-history":[{"count":2,"href":"https:\/\/regiontatry.sk\/ro\/wp-json\/wp\/v2\/pages\/8918353\/revisions"}],"predecessor-version":[{"id":9969545,"href":"https:\/\/regiontatry.sk\/ro\/wp-json\/wp\/v2\/pages\/8918353\/revisions\/9969545"}],"up":[{"embeddable":true,"href":"https:\/\/regiontatry.sk\/ro\/wp-json\/wp\/v2\/pages\/8918339"}],"wp:attachment":[{"href":"https:\/\/regiontatry.sk\/ro\/wp-json\/wp\/v2\/media?parent=8918353"}],"curies":[{"name":"wp","href":"https:\/\/api.w.org\/{rel}","templated":true}]}}