{"id":8918355,"date":"2018-09-07T13:24:21","date_gmt":"2018-09-07T11:24:21","guid":{"rendered":"https:\/\/regiontatry.sk\/cazare\/oferte-speciale\/family-friendly\/"},"modified":"2024-11-02T23:16:04","modified_gmt":"2024-11-02T22:16:04","slug":"family-friendly","status":"publish","type":"page","link":"https:\/\/regiontatry.sk\/ro\/cazare\/oferte-speciale\/family-friendly\/","title":{"rendered":"Prietenos de familie"},"content":{"rendered":"\n<p>G\u0103si\u021bi cazarea p<strong>otrivit\u0103 pentru familia dvs. \u00eentr-una dintre aceste facilit\u0103\u021bi <\/strong>de cazare potrivite pentru FAMILII \u0219i bucura\u021bi-v\u0103 de o vacan\u021b\u0103 frumoas\u0103, plin\u0103 de confort pentru familie chiar \u00een Mun\u021bii Tatra \u00cenalte!<\/p>\n","protected":false},"excerpt":{"rendered":"<p>G\u0103si\u021bi cazarea potrivit\u0103 pentru familia dvs. \u00eentr-una dintre aceste facilit\u0103\u021bi de cazare potrivite pentru FAMILII \u0219i bucura\u021bi-v\u0103 de o vacan\u021b\u0103 frumoas\u0103, plin\u0103 de confort pentru familie chiar \u00een Mun\u021bii Tatra \u00cenalte!<\/p>\n","protected":false},"author":1,"featured_media":0,"parent":8918339,"menu_order":0,"comment_status":"closed","ping_status":"closed","template":"template-objects.php","meta":{"footnotes":""},"class_list":["post-8918355","page","type-page","status-publish","hentry"],"_links":{"self":[{"href":"https:\/\/regiontatry.sk\/ro\/wp-json\/wp\/v2\/pages\/8918355"}],"collection":[{"href":"https:\/\/regiontatry.sk\/ro\/wp-json\/wp\/v2\/pages"}],"about":[{"href":"https:\/\/regiontatry.sk\/ro\/wp-json\/wp\/v2\/types\/page"}],"author":[{"embeddable":true,"href":"https:\/\/regiontatry.sk\/ro\/wp-json\/wp\/v2\/users\/1"}],"replies":[{"embeddable":true,"href":"https:\/\/regiontatry.sk\/ro\/wp-json\/wp\/v2\/comments?post=8918355"}],"version-history":[{"count":1,"href":"https:\/\/regiontatry.sk\/ro\/wp-json\/wp\/v2\/pages\/8918355\/revisions"}],"predecessor-version":[{"id":9969541,"href":"https:\/\/regiontatry.sk\/ro\/wp-json\/wp\/v2\/pages\/8918355\/revisions\/9969541"}],"up":[{"embeddable":true,"href":"https:\/\/regiontatry.sk\/ro\/wp-json\/wp\/v2\/pages\/8918339"}],"wp:attachment":[{"href":"https:\/\/regiontatry.sk\/ro\/wp-json\/wp\/v2\/media?parent=8918355"}],"curies":[{"name":"wp","href":"https:\/\/api.w.org\/{rel}","templated":true}]}}