{"id":8918357,"date":"2018-09-07T13:28:28","date_gmt":"2018-09-07T11:28:28","guid":{"rendered":"https:\/\/regiontatry.sk\/cazare\/oferte-speciale\/bike-friendly\/"},"modified":"2024-11-02T23:17:25","modified_gmt":"2024-11-02T22:17:25","slug":"bike-friendly","status":"publish","type":"page","link":"https:\/\/regiontatry.sk\/ro\/cazare\/oferte-speciale\/bike-friendly\/","title":{"rendered":"Prietenos cu bicicletele"},"content":{"rendered":"\n<p>R\u0103sf\u0103\u021ba\u021bi-v\u0103 cu o experien\u021b\u0103 unic\u0103. Cunoa\u0219te\u021bi \u00eenal\u021bii Tatra de pe \u0219aua bicicletei \u0219i caza\u021bi-v\u0103 \u00eentr-una dintre unit\u0103\u021bile de cazare <strong>prietenoase cu BIKE, direct <\/strong>\u00een regiunea Tatra, care ofer\u0103 peste 300 km de trasee de biciclete marcate.<\/p>\n","protected":false},"excerpt":{"rendered":"<p>R\u0103sf\u0103\u021ba\u021bi-v\u0103 cu o experien\u021b\u0103 unic\u0103. Cunoa\u0219te\u021bi \u00eenal\u021bii Tatra de pe \u0219aua bicicletei \u0219i caza\u021bi-v\u0103 \u00eentr-una dintre unit\u0103\u021bile de cazare prietenoase cu BIKE, direct \u00een regiunea Tatra, care ofer\u0103 peste 300 km de trasee de biciclete marcate.<\/p>\n","protected":false},"author":1,"featured_media":0,"parent":8918339,"menu_order":0,"comment_status":"closed","ping_status":"closed","template":"template-objects.php","meta":{"footnotes":""},"class_list":["post-8918357","page","type-page","status-publish","hentry"],"_links":{"self":[{"href":"https:\/\/regiontatry.sk\/ro\/wp-json\/wp\/v2\/pages\/8918357"}],"collection":[{"href":"https:\/\/regiontatry.sk\/ro\/wp-json\/wp\/v2\/pages"}],"about":[{"href":"https:\/\/regiontatry.sk\/ro\/wp-json\/wp\/v2\/types\/page"}],"author":[{"embeddable":true,"href":"https:\/\/regiontatry.sk\/ro\/wp-json\/wp\/v2\/users\/1"}],"replies":[{"embeddable":true,"href":"https:\/\/regiontatry.sk\/ro\/wp-json\/wp\/v2\/comments?post=8918357"}],"version-history":[{"count":1,"href":"https:\/\/regiontatry.sk\/ro\/wp-json\/wp\/v2\/pages\/8918357\/revisions"}],"predecessor-version":[{"id":9969543,"href":"https:\/\/regiontatry.sk\/ro\/wp-json\/wp\/v2\/pages\/8918357\/revisions\/9969543"}],"up":[{"embeddable":true,"href":"https:\/\/regiontatry.sk\/ro\/wp-json\/wp\/v2\/pages\/8918339"}],"wp:attachment":[{"href":"https:\/\/regiontatry.sk\/ro\/wp-json\/wp\/v2\/media?parent=8918357"}],"curies":[{"name":"wp","href":"https:\/\/api.w.org\/{rel}","templated":true}]}}