{"id":9228072,"date":"2018-08-24T11:02:01","date_gmt":"2018-08-24T09:02:01","guid":{"rendered":"https:\/\/regiontatry.sk\/ciclism\/traseele-de-ciclism-2\/"},"modified":"2023-08-27T23:11:27","modified_gmt":"2023-08-27T21:11:27","slug":"traseele-de-ciclism-2","status":"publish","type":"page","link":"https:\/\/regiontatry.sk\/ro\/ciclism\/traseele-de-ciclism-2\/","title":{"rendered":"Trasee cu bicicleta"},"content":{"rendered":"\n<h2 class=\"wp-block-heading\"> 39 de trasee de ciclism recomandate <\/h2>\n\n\n\n<p>Consulta\u021bi peste 300 km de trasee de biciclete marcate \u00een \u00eentreaga regiune sau 30 de trasee de TOP oferite de regiunea High Tatra. Cele mai provocatoare, dar \u00een acela\u0219i timp cele care v\u0103 vor oferi cele mai frumoase priveli\u0219ti sunt traseele de biciclete c\u0103tre Chata pri Zelenom pleso, Hrebienok, Sliezsky dom sau Popradsk\u00e9 pleso. Alege c\u0103l\u0103toria potrivit\u0103 cu bicicleta!<\/p>\n","protected":false},"excerpt":{"rendered":"<p>39 de trasee de ciclism recomandate Consulta\u021bi peste 300 km de trasee de biciclete marcate \u00een \u00eentreaga regiune sau 30 de trasee de TOP oferite de regiunea High Tatra. Cele mai provocatoare, dar \u00een acela\u0219i timp cele care v\u0103 vor oferi cele mai frumoase priveli\u0219ti sunt traseele de biciclete c\u0103tre Chata pri Zelenom pleso, Hrebienok, [&hellip;]<\/p>\n","protected":false},"author":1,"featured_media":8094296,"parent":8094269,"menu_order":0,"comment_status":"closed","ping_status":"closed","template":"template-objects.php","meta":{"footnotes":""},"class_list":["post-9228072","page","type-page","status-publish","has-post-thumbnail","hentry"],"_links":{"self":[{"href":"https:\/\/regiontatry.sk\/ro\/wp-json\/wp\/v2\/pages\/9228072"}],"collection":[{"href":"https:\/\/regiontatry.sk\/ro\/wp-json\/wp\/v2\/pages"}],"about":[{"href":"https:\/\/regiontatry.sk\/ro\/wp-json\/wp\/v2\/types\/page"}],"author":[{"embeddable":true,"href":"https:\/\/regiontatry.sk\/ro\/wp-json\/wp\/v2\/users\/1"}],"replies":[{"embeddable":true,"href":"https:\/\/regiontatry.sk\/ro\/wp-json\/wp\/v2\/comments?post=9228072"}],"version-history":[{"count":1,"href":"https:\/\/regiontatry.sk\/ro\/wp-json\/wp\/v2\/pages\/9228072\/revisions"}],"predecessor-version":[{"id":9228073,"href":"https:\/\/regiontatry.sk\/ro\/wp-json\/wp\/v2\/pages\/9228072\/revisions\/9228073"}],"up":[{"embeddable":true,"href":"https:\/\/regiontatry.sk\/ro\/wp-json\/wp\/v2\/pages\/8094269"}],"wp:featuredmedia":[{"embeddable":true,"href":"https:\/\/regiontatry.sk\/ro\/wp-json\/wp\/v2\/media\/8094296"}],"wp:attachment":[{"href":"https:\/\/regiontatry.sk\/ro\/wp-json\/wp\/v2\/media?parent=9228072"}],"curies":[{"name":"wp","href":"https:\/\/api.w.org\/{rel}","templated":true}]}}