{"id":9994658,"date":"2018-07-18T14:50:44","date_gmt":"2018-07-18T12:50:44","guid":{"rendered":"https:\/\/regiontatry.sk\/aktivity-a-atrakcie\/"},"modified":"2025-11-18T22:36:14","modified_gmt":"2025-11-18T21:36:14","slug":"aktivity-a-atrakcie","status":"publish","type":"page","link":"https:\/\/regiontatry.sk\/ro\/aktivity-a-atrakcie\/","title":{"rendered":"Activit\u0103\u021bi \u0219i atrac\u021bii"},"content":{"rendered":"\n<p>Activit\u0103\u021bile \u0219i atrac\u021biile din Regiunea Tatra ofer\u0103 posibilitatea de a v\u0103 folosi timpul liber \u00eentr-un mod foarte variat. E\u0219ti un pasionat de adrenalin\u0103, \u00ee\u021bi place s\u0103 \u00eencerci noi atrac\u021bii sau vrei s\u0103 le ar\u0103\u021bi copiilor t\u0103i c\u0103 po\u021bi merge la s\u0103niu\u0219 chiar \u0219i iarna?<\/p>\n\n\n\n<p><strong>De-a lungul \u00eenal\u021bilor Tatra, sunt preg\u0103tite pentru tine pe timpul iernii multe activit\u0103\u021bi, cu care cu siguran\u021b\u0103 nu te vei plictisi.<\/strong><\/p>\n\n\n\t<div class=\"wp-block-cgb-block-creanet-grid category-list cell small-12 medium-4 cg\">\n\t\t<div class=\"cell small-12 medium-12 large-12 medium-order-1\">\n\t\t\t<a href=\"https:\/\/regiontatry.sk\/ro\/aktivity-a-atrakcie\/sanius-pe-hrebienk\/\">\n\t\t\t\t<div class=\"background-grid-color\"><\/div>\n\t\t\t\t\t\t\t\t\t<figure><img decoding=\"async\" src=\"https:\/\/regiontatry.sk\/wp-content\/uploads\/2024\/11\/Hrebienok-zima-2.png\" alt=\"\"\n\t\t\t\t\t\t\t\t title=\"Hrebienok zima (2)\"\/><\/figure>\n\t\t\t\t\t\t\t\t<h3>S\u0103niu\u015f<\/h3>\t\t\t\t\t\t\t<\/a>\n\t\t<\/div>\n\t<\/div>\n\t\n\n\t<div class=\"wp-block-cgb-block-creanet-grid category-list cell small-12 medium-4 cg\">\n\t\t<div class=\"cell small-12 medium-12 large-12 medium-order-1\">\n\t\t\t<a href=\"templul-de-gheata-tatransky-dom\">\n\t\t\t\t<div class=\"background-grid-color\"><\/div>\n\t\t\t\t\t\t\t\t\t<figure><img decoding=\"async\" src=\"https:\/\/regiontatry.sk\/wp-content\/uploads\/2025\/11\/\u00a9-Marek-Hajkovsky_foto_Ladovy-Dom_2025_12-1024x696.jpg\" alt=\"\"\n\t\t\t\t\t\t\t\t title=\"\u00a9 Marek Hajkovsky_foto_Ladovy Dom_2025_12\"\/><\/figure>\n\t\t\t\t\t\t\t\t<h3><strong>DOMUL DE GHEA\u021a\u0102 DIN MUN\u021aII TATRA<\/strong><\/h3>\t\t\t\t\t\t\t<\/a>\n\t\t<\/div>\n\t<\/div>\n\t","protected":false},"excerpt":{"rendered":"<p>Activit\u0103\u021bile \u0219i atrac\u021biile din Regiunea Tatra ofer\u0103 posibilitatea de a v\u0103 folosi timpul liber \u00eentr-un mod foarte variat. E\u0219ti un pasionat de adrenalin\u0103, \u00ee\u021bi place s\u0103 \u00eencerci noi atrac\u021bii sau vrei s\u0103 le ar\u0103\u021bi copiilor t\u0103i c\u0103 po\u021bi merge la s\u0103niu\u0219 chiar \u0219i iarna? De-a lungul \u00eenal\u021bilor Tatra, sunt preg\u0103tite pentru tine pe timpul iernii [&hellip;]<\/p>\n","protected":false},"author":1,"featured_media":9994659,"parent":0,"menu_order":0,"comment_status":"closed","ping_status":"closed","template":"template-list.php","meta":{"footnotes":""},"class_list":["post-9994658","page","type-page","status-publish","has-post-thumbnail","hentry"],"_links":{"self":[{"href":"https:\/\/regiontatry.sk\/ro\/wp-json\/wp\/v2\/pages\/9994658"}],"collection":[{"href":"https:\/\/regiontatry.sk\/ro\/wp-json\/wp\/v2\/pages"}],"about":[{"href":"https:\/\/regiontatry.sk\/ro\/wp-json\/wp\/v2\/types\/page"}],"author":[{"embeddable":true,"href":"https:\/\/regiontatry.sk\/ro\/wp-json\/wp\/v2\/users\/1"}],"replies":[{"embeddable":true,"href":"https:\/\/regiontatry.sk\/ro\/wp-json\/wp\/v2\/comments?post=9994658"}],"version-history":[{"count":8,"href":"https:\/\/regiontatry.sk\/ro\/wp-json\/wp\/v2\/pages\/9994658\/revisions"}],"predecessor-version":[{"id":11191290,"href":"https:\/\/regiontatry.sk\/ro\/wp-json\/wp\/v2\/pages\/9994658\/revisions\/11191290"}],"wp:featuredmedia":[{"embeddable":true,"href":"https:\/\/regiontatry.sk\/ro\/wp-json\/wp\/v2\/media\/9994659"}],"wp:attachment":[{"href":"https:\/\/regiontatry.sk\/ro\/wp-json\/wp\/v2\/media?parent=9994658"}],"curies":[{"name":"wp","href":"https:\/\/api.w.org\/{rel}","templated":true}]}}