{"id":9994743,"date":"2018-07-18T14:48:09","date_gmt":"2018-07-18T12:48:09","guid":{"rendered":"https:\/\/regiontatry.sk\/zimne-vylety\/"},"modified":"2024-11-18T21:54:47","modified_gmt":"2024-11-18T20:54:47","slug":"excursii-de-iarna","status":"publish","type":"page","link":"https:\/\/regiontatry.sk\/ro\/excursii-de-iarna\/","title":{"rendered":"Excursii de iarn\u0103"},"content":{"rendered":"\n<p>Iarna, \u00een Mun\u021bii Tatra, adev\u0103rata aventur\u0103 abia \u00eencepe.<\/p>\n\n\n\n<p>Pe l\u00e2ng\u0103 schiatul pe p\u00e2rtii perfect \u00eengrijite, cu cele mai frumoase priveli\u0219ti asupra peisajului alb al mun\u021bilor \u0219i distrac\u021bia nesf\u00e2r\u0219it\u0103 pe p\u00e2rtie, aici v\u0103 a\u0219teapt\u0103 \u0219i multe alte experien\u021be autentice de iarn\u0103 \u0219i aventuri de neuitat.<\/p>\n\n\n\n<p>Pute\u021bi face o <strong>plimbare romantic\u0103 prin v\u0103ile din Mun\u021bii Tatra<\/strong>, unde, \u00een sezonul de iarn\u0103, sunt amenajate p\u00e2n\u0103 la <strong>20 km de trasee turistice marcate,<\/strong> s\u0103 <strong>savura\u021bi faimosul ceai al cabanierilor \u00eentr-una dintre cele 12 cabane montane<\/strong> care \u00ee\u0219i \u021bin por\u021bile deschise pentru vizitatori pe tot parcursul anului sau <strong>s\u0103 porni\u021bi spre un v\u00e2rf montan acoperit de z\u0103pad\u0103 al\u0103turi de un ghid montan.<\/strong><\/p>\n\n\n\n<p>Ave\u021bi nevoie de o doz\u0103 de adrenalin\u0103? Dac\u0103 sunte\u021bi un schior experimentat \u0219i un iubitor \u00eenfocat al muntelui, o <strong>cobor\u00e2re pe z\u0103pada virgin\u0103, cu o priveli\u0219te unic\u0103,<\/strong> va fi pentru dumneavoastr\u0103 o experien\u021b\u0103 de neuitat. Descoperi\u021bi natura prin intermediul schi-alpinismului!<\/p>\n\n\n\n<p>Dori\u021bi s\u0103 preg\u0103ti\u021bi ceva special pentru copiii dumneavoastr\u0103? Lua\u021bi-i \u00eentr-o <strong>excursie cu telecabina p\u00e2n\u0103 sub crestele abrupte ale v\u00e2rfurilor uria\u0219e din Mun\u021bii Tatra.<\/strong> Vor tr\u0103i momente minunate, iar dumneavoastr\u0103 v\u0103 ve\u021bi bucura de <strong>cele mai frumoase panorame din Mun\u021bii Tatra.<\/strong><\/p>\n\n\n\n<p>Vacan\u021ba de iarn\u0103 \u00een Mun\u021bii Tatra este cea mai bun\u0103 alegere pentru relaxare, activit\u0103\u021bi recreative sau oportunitatea de a \u00eencerca noi sporturi.<\/p>\n\n\n\t<div class=\"wp-block-cgb-block-creanet-grid category-list cell small-12 medium-4 cg\">\n\t\t<div class=\"cell small-12 medium-12 large-12 medium-order-1\">\n\t\t\t<a href=\"https:\/\/regiontatry.sk\/ro\/excursii-de-iarna\/drumetii-prin-peisajul-de-iarna\/\">\n\t\t\t\t<div class=\"background-grid-color\"><\/div>\n\t\t\t\t\t\t\t\t\t<figure><img decoding=\"async\" src=\"https:\/\/regiontatry.sk\/wp-content\/uploads\/2018\/07\/DSC_1373_2000.jpg\" alt=\"\"\n\t\t\t\t\t\t\t\t title=\"DSC_1373_2000\"\/><\/figure>\n\t\t\t\t\t\t\t\t<h3>Drume\u021bii prin peisajul de iarn\u0103<\/h3>\t\t\t\t\t\t\t<\/a>\n\t\t<\/div>\n\t<\/div>\n\t\n\n\t<div class=\"wp-block-cgb-block-creanet-grid category-list cell small-12 medium-4 cg\">\n\t\t<div class=\"cell small-12 medium-12 large-12 medium-order-1\">\n\t\t\t<a href=\"https:\/\/regiontatry.sk\/ro\/excursii-de-iarna\/skialpinism\/\">\n\t\t\t\t<div class=\"background-grid-color\"><\/div>\n\t\t\t\t\t\t\t\t\t<figure><img decoding=\"async\" src=\"https:\/\/regiontatry.sk\/wp-content\/uploads\/2024\/02\/9_Martin-Kolba.jpg\" alt=\"\"\n\t\t\t\t\t\t\t\t title=\"_9_Martin Kolba\"\/><\/figure>\n\t\t\t\t\t\t\t\t<h3>SKIALPINISM<\/h3>\t\t\t\t\t\t\t<\/a>\n\t\t<\/div>\n\t<\/div>\n\t\n\n\t<div class=\"wp-block-cgb-block-creanet-grid category-list cell small-12 medium-4 cg\">\n\t\t<div class=\"cell small-12 medium-12 large-12 medium-order-1\">\n\t\t\t<a href=\"https:\/\/regiontatry.sk\/ro\/excursii-de-iarna\/cabane-montane-2\/\">\n\t\t\t\t<div class=\"background-grid-color\"><\/div>\n\t\t\t\t\t\t\t\t\t<figure><img decoding=\"async\" src=\"https:\/\/regiontatry.sk\/wp-content\/uploads\/2024\/02\/IMG_2214-Edit-Edit-Edit.jpg\" alt=\"\"\n\t\t\t\t\t\t\t\t title=\"IMG_2214-Edit-Edit-Edit\"\/><\/figure>\n\t\t\t\t\t\t\t\t<h3>Cabane montane<\/h3>\t\t\t\t\t\t\t<\/a>\n\t\t<\/div>\n\t<\/div>\n\t\n\n\t<div class=\"wp-block-cgb-block-creanet-grid category-list cell small-12 medium-4 cg\">\n\t\t<div class=\"cell small-12 medium-12 large-12 medium-order-1\">\n\t\t\t<a href=\"https:\/\/regiontatry.sk\/ro\/excursii-de-iarna\/cu-telecabina-spre-panorame-frumoase\/\">\n\t\t\t\t<div class=\"background-grid-color\"><\/div>\n\t\t\t\t\t\t\t\t\t<figure><img decoding=\"async\" src=\"https:\/\/regiontatry.sk\/wp-content\/uploads\/2024\/02\/c-Marek-Hajkovsky-foto-LS-2020_134_11zon-1.jpg\" alt=\"\"\n\t\t\t\t\t\t\t\t title=\"c Marek Hajkovsky foto LS 2020_134_11zon (1)\"\/><\/figure>\n\t\t\t\t\t\t\t\t<h3>Cu telecabina spre panorame frumoase<\/h3>\t\t\t\t\t\t\t<\/a>\n\t\t<\/div>\n\t<\/div>\n\t","protected":false},"excerpt":{"rendered":"<p>Iarna, \u00een Mun\u021bii Tatra, adev\u0103rata aventur\u0103 abia \u00eencepe. Pe l\u00e2ng\u0103 schiatul pe p\u00e2rtii perfect \u00eengrijite, cu cele mai frumoase priveli\u0219ti asupra peisajului alb al mun\u021bilor \u0219i distrac\u021bia nesf\u00e2r\u0219it\u0103 pe p\u00e2rtie, aici v\u0103 a\u0219teapt\u0103 \u0219i multe alte experien\u021be autentice de iarn\u0103 \u0219i aventuri de neuitat. Pute\u021bi face o plimbare romantic\u0103 prin v\u0103ile din Mun\u021bii Tatra, unde, [&hellip;]<\/p>\n","protected":false},"author":1,"featured_media":9994745,"parent":0,"menu_order":0,"comment_status":"closed","ping_status":"closed","template":"template-list.php","meta":{"footnotes":""},"class_list":["post-9994743","page","type-page","status-publish","has-post-thumbnail","hentry"],"_links":{"self":[{"href":"https:\/\/regiontatry.sk\/ro\/wp-json\/wp\/v2\/pages\/9994743"}],"collection":[{"href":"https:\/\/regiontatry.sk\/ro\/wp-json\/wp\/v2\/pages"}],"about":[{"href":"https:\/\/regiontatry.sk\/ro\/wp-json\/wp\/v2\/types\/page"}],"author":[{"embeddable":true,"href":"https:\/\/regiontatry.sk\/ro\/wp-json\/wp\/v2\/users\/1"}],"replies":[{"embeddable":true,"href":"https:\/\/regiontatry.sk\/ro\/wp-json\/wp\/v2\/comments?post=9994743"}],"version-history":[{"count":4,"href":"https:\/\/regiontatry.sk\/ro\/wp-json\/wp\/v2\/pages\/9994743\/revisions"}],"predecessor-version":[{"id":9994757,"href":"https:\/\/regiontatry.sk\/ro\/wp-json\/wp\/v2\/pages\/9994743\/revisions\/9994757"}],"wp:featuredmedia":[{"embeddable":true,"href":"https:\/\/regiontatry.sk\/ro\/wp-json\/wp\/v2\/media\/9994745"}],"wp:attachment":[{"href":"https:\/\/regiontatry.sk\/ro\/wp-json\/wp\/v2\/media?parent=9994743"}],"curies":[{"name":"wp","href":"https:\/\/api.w.org\/{rel}","templated":true}]}}