{"id":9998911,"date":"2018-08-28T11:17:37","date_gmt":"2018-08-28T09:17:37","guid":{"rendered":"https:\/\/regiontatry.sk\/wellness-a-relax\/"},"modified":"2024-11-21T09:45:13","modified_gmt":"2024-11-21T08:45:13","slug":"wellness-a-relax","status":"publish","type":"page","link":"https:\/\/regiontatry.sk\/ro\/wellness-a-relax\/","title":{"rendered":"Wellness \u0219i relaxare"},"content":{"rendered":"\n<h2 class=\"wp-block-heading\"><a rel=\"noreferrer noopener\" href=\"https:\/\/regiontatry.sk\/zdravy-zivotny-styl-a-wellness\/\" target=\"_blank\">Zdrav\u00fd \u017eivotn\u00fd \u0161t\u00fdl<\/a> <\/h2>\n\n\n\n<h2 class=\"wp-block-heading\"><a href=\"https:\/\/regiontatry.sk\/ro\/wellness-a-relax\/lumea-acvatica-aquacity-poprad\/\">Vodn\u00fd svet AquaCity Poprad<\/a><\/h2>\n\n\n\n<h2 class=\"wp-block-heading\"><a href=\"https:\/\/regiontatry.sk\/wellness-a-relax\/kryoterapia\/\">Kryoterapia<\/a><\/h2>\n\n\n\n<h2 class=\"wp-block-heading\"><a href=\"https:\/\/regiontatry.sk\/wellness-a-relax\/wellness-spa\/\">Wellness &amp; SPA hotely<\/a><\/h2>\n\n\n\n<h2 class=\"wp-block-heading\"><a href=\"https:\/\/regiontatry.sk\/wellness-a-relax\/klimaticke-kupele\/\">Klimatick\u00e9 k\u00fapele<\/a><\/h2>\n\n\n\n<p><\/p>\n","protected":false},"excerpt":{"rendered":"<p>Zdrav\u00fd \u017eivotn\u00fd \u0161t\u00fdl Vodn\u00fd svet AquaCity Poprad Kryoterapia Wellness &amp; SPA hotely Klimatick\u00e9 k\u00fapele<\/p>\n","protected":false},"author":3,"featured_media":9999449,"parent":0,"menu_order":0,"comment_status":"closed","ping_status":"closed","template":"template-subpages.php","meta":{"footnotes":""},"class_list":["post-9998911","page","type-page","status-publish","has-post-thumbnail","hentry"],"_links":{"self":[{"href":"https:\/\/regiontatry.sk\/ro\/wp-json\/wp\/v2\/pages\/9998911"}],"collection":[{"href":"https:\/\/regiontatry.sk\/ro\/wp-json\/wp\/v2\/pages"}],"about":[{"href":"https:\/\/regiontatry.sk\/ro\/wp-json\/wp\/v2\/types\/page"}],"author":[{"embeddable":true,"href":"https:\/\/regiontatry.sk\/ro\/wp-json\/wp\/v2\/users\/3"}],"replies":[{"embeddable":true,"href":"https:\/\/regiontatry.sk\/ro\/wp-json\/wp\/v2\/comments?post=9998911"}],"version-history":[{"count":3,"href":"https:\/\/regiontatry.sk\/ro\/wp-json\/wp\/v2\/pages\/9998911\/revisions"}],"predecessor-version":[{"id":9999461,"href":"https:\/\/regiontatry.sk\/ro\/wp-json\/wp\/v2\/pages\/9998911\/revisions\/9999461"}],"wp:featuredmedia":[{"embeddable":true,"href":"https:\/\/regiontatry.sk\/ro\/wp-json\/wp\/v2\/media\/9999449"}],"wp:attachment":[{"href":"https:\/\/regiontatry.sk\/ro\/wp-json\/wp\/v2\/media?parent=9998911"}],"curies":[{"name":"wp","href":"https:\/\/api.w.org\/{rel}","templated":true}]}}