{"id":9229983,"date":"2018-08-23T14:09:10","date_gmt":"2018-08-23T12:09:10","guid":{"rendered":"https:\/\/regiontatry.sk\/drumetii-montane\/"},"modified":"2023-09-13T14:33:44","modified_gmt":"2023-09-13T12:33:44","slug":"%d0%b3%d0%be%d1%80%d0%bd%d1%8b%d0%b9-%d1%82%d1%83%d1%80%d0%b8%d0%b7%d0%bc","status":"publish","type":"page","link":"https:\/\/regiontatry.sk\/ru\/%d0%b3%d0%be%d1%80%d0%bd%d1%8b%d0%b9-%d1%82%d1%83%d1%80%d0%b8%d0%b7%d0%bc\/","title":{"rendered":"\u0413\u043e\u0440\u043d\u044b\u0439 \u0442\u0443\u0440\u0438\u0437\u043c"},"content":{"rendered":"\n<p>\u0412 \u0412\u044b\u0441\u043e\u043a\u0438\u0445   \u0422\u0430\u0442\u0440\u0430\u0445 \u043f\u0440\u043e\u043b\u043e\u0436\u0435\u043d\u043e \u043e\u043a\u043e\u043b\u043e<strong> 600 \u043a\u043c   \u043c\u0430\u0440\u043a\u0438\u0440\u043e\u0432\u0430\u043d\u043d\u044b\u0445 \u0442\u0440\u043e\u043f<\/strong>, \u043a\u043e\u0442\u043e\u0440\u044b\u0435 \u043f\u043e\u0437\u0432\u043e\u043b\u044f\u044e\u0442 \u0442\u0443\u0440\u0438\u0441\u0442\u0430\u043c \u043e\u0442\u043a\u0440\u044b\u0442\u044c \u0434\u043b\u044f \u0441\u0435\u0431\u044f \u0441\u0430\u043c\u044b\u0435   \u043a\u0440\u0430\u0441\u0438\u0432\u044b\u0435 \u043c\u0435\u0441\u0442\u0430 \u044d\u0442\u043e\u0433\u043e \u0433\u043e\u0440\u043d\u043e\u0433\u043e \u043a\u0440\u0430\u044f. \u042d\u0442\u043e \u0442\u0443\u0440\u0438\u0441\u0442\u0438\u0447\u0435\u0441\u043a\u0438\u0435 \u0442\u0440\u043e\u043f\u044b <strong>\u043f\u043e \u0434\u043e\u043b\u0438\u043d\u0430\u043c<\/strong>, \u0432\u043e\u0441\u0445\u043e\u0436\u0434\u0435\u043d\u0438\u044f \u043a <strong>\u0442\u0430\u0442\u0440\u0430\u043d\u0441\u043a\u0438\u043c \u043f\u0440\u0438\u044e\u0442\u0430\u043c<\/strong>, \u0442\u0440\u043e\u043f\u044b \u043a \u0441\u0430\u043c\u044b\u043c   \u043a\u0440\u0430\u0441\u0438\u0432\u044b\u043c <strong>\u0442\u0430\u0442\u0440\u0430\u043d\u0441\u043a\u0438\u043c \u043e\u0437\u0451\u0440\u0430\u043c<\/strong>,   \u0442\u0430\u0442\u0440\u0430\u043d\u0441\u043a\u0438\u043c <strong>\u0432\u0435\u0440\u0448\u0438\u043d\u0430\u043c<\/strong> \u0438\u043b\u0438 <strong>\u043f\u0438\u043a\u0430\u043c <\/strong>\u0434\u0432\u0443\u0445\u0442\u044b\u0441\u044f\u0447\u043d\u0438\u043a\u0430\u043c, \u043f\u0435\u0440\u0435\u0445\u043e\u0434\u044b \u0447\u0435\u0440\u0435\u0437 <strong>\u0442\u0430\u0442\u0440\u0430\u043d\u0441\u043a\u0438\u0435 \u0441\u0435\u0434\u043b\u043e\u0432\u0438\u043d\u044b<\/strong> \u0441 \u043d\u0435\u0437\u0435\u043c\u043d\u044b\u043c\u0438   \u0432\u0438\u0434\u0430\u043c\u0438, \u0430 \u0442\u0430\u043a\u0436\u0435 \u0443\u0432\u043b\u0435\u043a\u0430\u0442\u0435\u043b\u044c\u043d\u044b\u0439 \u043c\u0438\u0440 \u0436\u0438\u0432\u043e\u0442\u043d\u044b\u0445 \u0438 \u0440\u0430\u0441\u0442\u0435\u043d\u0438\u0439.   <\/p>\n\n\n\n<p>\u0415\u0441\u043b\u0438 \u0412\u044b   \u043f\u043e\u0441\u0435\u0442\u0438\u0442\u0435 \u044d\u0442\u043e\u0442 \u0436\u0438\u0432\u043e\u043f\u0438\u0441\u043d\u044b\u0439 \u0443\u0433\u043e\u043b\u043e\u043a \u0437\u0435\u043c\u043b\u0438, \u0412\u044b \u043e\u0431\u044f\u0437\u0430\u0442\u0435\u043b\u044c\u043d\u043e \u0435\u0433\u043e \u043f\u043e\u043b\u044e\u0431\u0438\u0442\u0435.   <\/p>\n\n\n\n<p>\u0412\u044b\u0441\u043e\u043a\u0438\u0435   \u0422\u0430\u0442\u0440\u044b \u043f\u043e\u0434\u0445\u043e\u0434\u044f\u0442 \u0434\u043b\u044f \u043b\u044e\u0431\u043e\u0433\u043e \u0442\u0438\u043f\u0430 \u0442\u0443\u0440\u0438\u0437\u043c\u0430, \u043e\u0442 \u043b\u0451\u0433\u043a\u0438\u0445 \u043f\u0440\u043e\u0433\u0443\u043b\u043e\u043a \u0434\u043b\u044f \u0441\u0435\u043c\u0435\u0439 \u0441 \u0434\u0435\u0442\u044c\u043c\u0438,   \u0430\u043a\u0442\u0438\u0432\u043d\u044b\u0445 \u043f\u043e\u0445\u043e\u0434\u043e\u0432 \u0434\u043b\u044f \u0431\u043e\u043b\u0435\u0435 \u0442\u0440\u0435\u0431\u043e\u0432\u0430\u0442\u0435\u043b\u044c\u043d\u044b\u0445 \u0442\u0443\u0440\u0438\u0441\u0442\u043e\u0432 \u0438 \u0434\u043e \u0444\u0438\u0437\u0438\u0447\u0435\u0441\u043a\u043e\u0433\u043e   \u043f\u0440\u0435\u043e\u0434\u043e\u043b\u0435\u043d\u0438\u044f \u0434\u043b\u044f \u0442\u0435\u0445, \u043a\u0442\u043e \u0445\u043e\u0447\u0435\u0442 \u0434\u043e\u0441\u0442\u0438\u0447\u044c \u0441\u0430\u043c\u044b\u0445 \u0432\u044b\u0441\u043e\u043a\u0438\u0445 \u0432\u0435\u0440\u0448\u0438\u043d.   <\/p>\n\n\n\n<p>\u0412\u0441\u0435   \u0442\u0443\u0440\u0438\u0441\u0442\u0438\u0447\u0435\u0441\u043a\u0438\u0435 \u0442\u0440\u043e\u043f\u044b, \u043f\u0440\u0435\u0434\u043d\u0430\u0437\u043d\u0430\u0447\u0435\u043d\u043d\u044b\u0435 \u0434\u043b\u044f \u043f\u0435\u0440\u0435\u0434\u0432\u0438\u0436\u0435\u043d\u0438\u044f \u043f\u043e\u0441\u0435\u0442\u0438\u0442\u0435\u043b\u0435\u0439 \u043f\u043e   \u0422\u0430\u0442\u0440\u0430\u043d\u0441\u043a\u043e\u043c\u0443 \u043d\u0430\u0446\u0438\u043e\u043d\u0430\u043b\u044c\u043d\u043e\u043c\u0443 \u043f\u0430\u0440\u043a\u0443, \u043e\u0431\u043e\u0437\u043d\u0430\u0447\u0435\u043d\u044b \u043c\u0435\u0442\u043a\u0430\u043c\u0438 (\u043a\u0440\u0430\u0441\u043d\u044b\u043c\u0438, \u0441\u0438\u043d\u0438\u043c\u0438, \u0437\u0435\u043b\u0451\u043d\u044b\u043c\u0438,   \u0436\u0451\u043b\u0442\u044b\u043c\u0438). \u0412 \u0437\u0430\u0432\u0438\u0441\u0438\u043c\u043e\u0441\u0442\u0438 \u043e\u0442 \u0441\u043b\u043e\u0436\u043d\u043e\u0441\u0442\u0438 \u043e\u0442\u0434\u0435\u043b\u044c\u043d\u044b\u0445 \u0443\u0447\u0430\u0441\u0442\u043a\u043e\u0432 \u043e\u043d\u0438 \u0434\u0435\u043b\u044f\u0442\u0441\u044f \u043d\u0430   \u043d\u0435\u0441\u043a\u043e\u043b\u044c\u043a\u043e \u0433\u0440\u0443\u043f\u043f.   <\/p>\n\n\n\n<div style=\"height:100px\" aria-hidden=\"true\" class=\"wp-block-spacer\"><\/div>\n\n\n\n<iframe loading=\"lazy\" title=\"Horsk\u00e1 turistika vo Vysok\u00fdch Tatr\u00e1ch\" width=\"640\" height=\"360\" src=\"https:\/\/www.youtube.com\/embed\/WOdnl5jNlAg?feature=oembed\" frameborder=\"0\" allow=\"accelerometer; autoplay; clipboard-write; encrypted-media; gyroscope; picture-in-picture; web-share\" referrerpolicy=\"strict-origin-when-cross-origin\" allowfullscreen><\/iframe>\n\n\n\n<p><br><strong>\u041f\u0420\u041e\u0413\u0423\u041b\u041a\u0418 \u041f\u041e \u041f\u0420\u0418\u0420\u041e\u0414\u041d\u042b\u041c \u041a\u0420\u0410\u0421\u041e\u0422\u0410\u041c<br><\/strong>\u0418\u0434\u0435\u0430\u043b\u044c\u043d\u044b\u0435 \u043a\u043e\u0440\u043e\u0442\u043a\u0438\u0435 \u043f\u0440\u043e\u0433\u0443\u043b\u043a\u0438 \u0434\u043b\u044f \u043c\u0435\u043d\u0435\u0435 \u0442\u0440\u0435\u0431\u043e\u0432\u0430\u0442\u0435\u043b\u044c\u043d\u044b\u0445 \u0442\u0443\u0440\u0438\u0441\u0442\u043e\u0432 \u043f\u0440\u043e\u0434\u043e\u043b\u0436\u0438\u0442\u0435\u043b\u044c\u043d\u043e\u0441\u0442\u044c\u044e \u0434\u043e 2 \u0447\u0430\u0441\u043e\u0432, \u043a\u043e\u0442\u043e\u0440\u044b\u0435 \u043c\u043e\u0436\u043d\u043e \u0441\u043e\u0432\u0435\u0440\u0448\u0430\u0442\u044c \u0434\u0430\u0436\u0435 \u0441 \u043c\u0430\u043b\u0435\u043d\u044c\u043a\u0438\u043c\u0438 \u0434\u0435\u0442\u044c\u043c\u0438<strong>.<\/strong><\/p>\n\n\n\n<p><strong>\u041f\u041e\u0425\u041e\u0414\u042b \u041f\u041e \u0414\u041e\u041b\u0418\u041d\u0410\u041c<br><\/strong>\u0415\u0441\u043b\u0438 \u0412\u044b \u043e\u0442\u043d\u043e\u0441\u0438\u0442\u0435\u0441\u044c \u043a \u0431\u043e\u043b\u0435\u0435 \u0442\u0440\u0435\u0431\u043e\u0432\u0430\u0442\u0435\u043b\u044c\u043d\u044b\u043c \u0442\u0443\u0440\u0438\u0441\u0442\u0430\u043c, \u0442\u043e \u0441\u043a\u043e\u0440\u0435\u0439 \u0432\u0441\u0435\u0433\u043e \u043d\u0435 \u043e\u0442\u043a\u0430\u0436\u0435\u0442\u0435\u0441\u044c \u043e\u0442 \u043d\u0435\u043a\u043e\u0442\u043e\u0440\u044b\u0445 \u0431\u043e\u043b\u0435\u0435 \u0434\u043b\u0438\u0442\u0435\u043b\u044c\u043d\u044b\u0445 \u043f\u043e\u0445\u043e\u0434\u043e\u0432 \u043f\u043e \u0434\u043e\u043b\u0438\u043d\u0430\u043c. \u041e\u043a\u0440\u0443\u0436\u0451\u043d\u043d\u044b\u0435 \u043f\u0435\u0439\u0437\u0430\u0436\u0430\u043c\u0438 \u0432\u044b\u0441\u043e\u043a\u043e\u0433\u043e\u0440\u043d\u043e\u0439 \u043f\u0440\u0438\u0440\u043e\u0434\u044b, \u043e\u0442\u043f\u0440\u0430\u0432\u043b\u044f\u0439\u0442\u0435\u0441\u044c \u043a \u043e\u0437\u0451\u0440\u0430\u043c \u0438 \u0445\u0438\u0436\u0438\u043d\u0430\u043c \u043f\u043e \u0445\u043e\u0440\u043e\u0448\u043e \u043e\u0431\u0443\u0441\u0442\u0440\u043e\u0435\u043d\u043d\u044b\u043c \u0442\u0440\u043e\u043f\u0430\u043c. <\/p>\n\n\n\n<p><strong>\u0412\u041e\u0421\u0425\u041e\u0416\u0414\u0415\u041d\u0418\u042f \u041d\u0410 \u0412\u0415\u0420\u0428\u0418\u041d\u042b<br><\/strong>\u0414\u043b\u044f \u0441\u0430\u043c\u044b\u0445 \u0438\u0441\u043a\u0443\u0448\u0451\u043d\u043d\u044b\u0445 \u0442\u0443\u0440\u0438\u0441\u0442\u043e\u0432, \u043d\u0430\u0441\u0442\u0440\u043e\u0435\u043d\u043d\u044b\u0445 \u043d\u0430 \u043f\u043e\u043a\u043e\u0440\u0435\u043d\u0438\u0435 \u0441\u043b\u043e\u0436\u043d\u044b\u0445 \u043c\u0430\u0440\u0448\u0440\u0443\u0442\u043e\u0432 \u0438 \u043f\u0440\u0435\u043e\u0434\u043e\u043b\u0435\u043d\u0438\u0435 \u0431\u043e\u043b\u044c\u0448\u0438\u0445 \u043f\u0435\u0440\u0435\u043f\u0430\u0434\u043e\u0432 \u0432\u044b\u0441\u043e\u0442, \u043f\u043e\u0434\u0445\u043e\u0434\u044f\u0442 \u0432\u043e\u0441\u0445\u043e\u0436\u0434\u0435\u043d\u0438\u044f \u043d\u0430 \u0432\u0435\u0440\u0448\u0438\u043d\u044b. \u041c\u043d\u043e\u0433\u0438\u0435 \u0438\u0437 \u043d\u0438\u0445 \u0440\u0430\u0437\u0440\u0435\u0448\u0435\u043d\u044b \u0442\u043e\u043b\u044c\u043a\u043e \u0432 \u0441\u043e\u043f\u0440\u043e\u0432\u043e\u0436\u0434\u0435\u043d\u0438\u0438 <a href=\"https:\/\/regiontatry.sk\/turistika\/horski-vodcovia\/\">\u0433\u043e\u0440\u043d\u044b\u0445 \u043f\u0440\u043e\u0432\u043e\u0434\u043d\u0438\u043a\u043e\u0432<\/a>. \u0411\u0435\u0437\u043e\u043f\u0430\u0441\u043d\u043e\u0441\u0442\u044c \u043f\u0440\u0435\u0432\u044b\u0448\u0435 \u0432\u0441\u0435\u0433\u043e, \u043f\u043e\u044d\u0442\u043e\u043c\u0443 \u043d\u0435 \u0441\u0442\u043e\u0438\u0442 \u043d\u0435\u0434\u043e\u043e\u0446\u0435\u043d\u0438\u0432\u0430\u0442\u044c \u043d\u0438 \u043e\u0434\u043d\u043e \u0438\u0437 \u0432\u043e\u0441\u0445\u043e\u0436\u0434\u0435\u043d\u0438\u0439, \u0438 \u0441\u043b\u0435\u0434\u0443\u0435\u0442 \u043a \u043d\u0435\u043c\u0443 \u043f\u043e\u0434\u0433\u043e\u0442\u043e\u0432\u0438\u0442\u044c\u0441\u044f \u0434\u043e\u043b\u0436\u043d\u044b\u043c \u043e\u0431\u0440\u0430\u0437\u043e\u043c <br><\/p>\n\n\n\n<p>\u0411\u043b\u0430\u0433\u043e\u0434\u0430\u0440\u044f \u043f\u0440\u043e\u0435\u043a\u0442\u0443 <a href=\"https:\/\/regiontatry.sk\/turistika\/tatry-bez-barier\/\">\u0422\u0430\u0442\u0440\u044b \u0431\u0435\u0437 \u0431\u0430\u0440\u044c\u0435\u0440\u043e\u0432<\/a> \u043d\u0430\u0448\u0438 \u0441\u0430\u043c\u044b\u0435 \u0432\u044b\u0441\u043e\u043a\u0438\u0435 \u0441\u043b\u043e\u0432\u0430\u0446\u043a\u0438\u0435 \u0433\u043e\u0440\u044b \u0434\u043e\u0441\u0442\u0443\u043f\u043d\u044b \u0442\u0430\u043a\u0436\u0435 \u0434\u043b\u044f \u0433\u0440\u0430\u0436\u0434\u0430\u043d \u0441 \u043e\u0433\u0440\u0430\u043d\u0438\u0447\u0435\u043d\u043d\u044b\u043c\u0438 \u0432\u043e\u0437\u043c\u043e\u0436\u043d\u043e\u0441\u0442\u044f\u043c\u0438 \u043f\u0435\u0440\u0435\u0434\u0432\u0438\u0436\u0435\u043d\u0438\u044f \u0438\u043b\u0438 \u0441\u0435\u043c\u0435\u0439 \u0441 \u0434\u0435\u0442\u0441\u043a\u0438\u043c\u0438 \u043a\u043e\u043b\u044f\u0441\u043a\u0430\u043c\u0438. \u0421\u043c\u043e\u0442\u0440\u0438\u0442\u0435 \u0442\u0430\u043a\u0436\u0435 \u043d\u0430\u0448\u0438 \u0441\u043e\u0432\u0435\u0442\u044b \u043f\u043e <a href=\"https:\/\/regiontatry.sk\/turistika\/rodinna-turistika\/\">\u0441\u0435\u043c\u0435\u0439\u043d\u043e\u043c\u0443 \u0442\u0443\u0440\u0438\u0437\u043c\u0443<\/a>. <\/p>\n","protected":false},"excerpt":{"rendered":"<p>\u0412 \u0412\u044b\u0441\u043e\u043a\u0438\u0445 \u0422\u0430\u0442\u0440\u0430\u0445 \u043f\u0440\u043e\u043b\u043e\u0436\u0435\u043d\u043e \u043e\u043a\u043e\u043b\u043e 600 \u043a\u043c \u043c\u0430\u0440\u043a\u0438\u0440\u043e\u0432\u0430\u043d\u043d\u044b\u0445 \u0442\u0440\u043e\u043f, \u043a\u043e\u0442\u043e\u0440\u044b\u0435 \u043f\u043e\u0437\u0432\u043e\u043b\u044f\u044e\u0442 \u0442\u0443\u0440\u0438\u0441\u0442\u0430\u043c \u043e\u0442\u043a\u0440\u044b\u0442\u044c \u0434\u043b\u044f \u0441\u0435\u0431\u044f \u0441\u0430\u043c\u044b\u0435 \u043a\u0440\u0430\u0441\u0438\u0432\u044b\u0435 \u043c\u0435\u0441\u0442\u0430 \u044d\u0442\u043e\u0433\u043e \u0433\u043e\u0440\u043d\u043e\u0433\u043e \u043a\u0440\u0430\u044f. \u042d\u0442\u043e \u0442\u0443\u0440\u0438\u0441\u0442\u0438\u0447\u0435\u0441\u043a\u0438\u0435 \u0442\u0440\u043e\u043f\u044b \u043f\u043e \u0434\u043e\u043b\u0438\u043d\u0430\u043c, \u0432\u043e\u0441\u0445\u043e\u0436\u0434\u0435\u043d\u0438\u044f \u043a \u0442\u0430\u0442\u0440\u0430\u043d\u0441\u043a\u0438\u043c \u043f\u0440\u0438\u044e\u0442\u0430\u043c, \u0442\u0440\u043e\u043f\u044b \u043a \u0441\u0430\u043c\u044b\u043c \u043a\u0440\u0430\u0441\u0438\u0432\u044b\u043c \u0442\u0430\u0442\u0440\u0430\u043d\u0441\u043a\u0438\u043c \u043e\u0437\u0451\u0440\u0430\u043c, \u0442\u0430\u0442\u0440\u0430\u043d\u0441\u043a\u0438\u043c \u0432\u0435\u0440\u0448\u0438\u043d\u0430\u043c \u0438\u043b\u0438 \u043f\u0438\u043a\u0430\u043c \u0434\u0432\u0443\u0445\u0442\u044b\u0441\u044f\u0447\u043d\u0438\u043a\u0430\u043c, \u043f\u0435\u0440\u0435\u0445\u043e\u0434\u044b \u0447\u0435\u0440\u0435\u0437 \u0442\u0430\u0442\u0440\u0430\u043d\u0441\u043a\u0438\u0435 \u0441\u0435\u0434\u043b\u043e\u0432\u0438\u043d\u044b \u0441 \u043d\u0435\u0437\u0435\u043c\u043d\u044b\u043c\u0438 \u0432\u0438\u0434\u0430\u043c\u0438, \u0430 \u0442\u0430\u043a\u0436\u0435 \u0443\u0432\u043b\u0435\u043a\u0430\u0442\u0435\u043b\u044c\u043d\u044b\u0439 \u043c\u0438\u0440 \u0436\u0438\u0432\u043e\u0442\u043d\u044b\u0445 \u0438 \u0440\u0430\u0441\u0442\u0435\u043d\u0438\u0439. [&hellip;]<\/p>\n","protected":false},"author":1,"featured_media":9229984,"parent":0,"menu_order":0,"comment_status":"closed","ping_status":"closed","template":"template-objects.php","meta":{"footnotes":""},"class_list":["post-9229983","page","type-page","status-publish","has-post-thumbnail","hentry"],"_links":{"self":[{"href":"https:\/\/regiontatry.sk\/ru\/wp-json\/wp\/v2\/pages\/9229983"}],"collection":[{"href":"https:\/\/regiontatry.sk\/ru\/wp-json\/wp\/v2\/pages"}],"about":[{"href":"https:\/\/regiontatry.sk\/ru\/wp-json\/wp\/v2\/types\/page"}],"author":[{"embeddable":true,"href":"https:\/\/regiontatry.sk\/ru\/wp-json\/wp\/v2\/users\/1"}],"replies":[{"embeddable":true,"href":"https:\/\/regiontatry.sk\/ru\/wp-json\/wp\/v2\/comments?post=9229983"}],"version-history":[{"count":2,"href":"https:\/\/regiontatry.sk\/ru\/wp-json\/wp\/v2\/pages\/9229983\/revisions"}],"predecessor-version":[{"id":9255520,"href":"https:\/\/regiontatry.sk\/ru\/wp-json\/wp\/v2\/pages\/9229983\/revisions\/9255520"}],"wp:featuredmedia":[{"embeddable":true,"href":"https:\/\/regiontatry.sk\/ru\/wp-json\/wp\/v2\/media\/9229984"}],"wp:attachment":[{"href":"https:\/\/regiontatry.sk\/ru\/wp-json\/wp\/v2\/media?parent=9229983"}],"curies":[{"name":"wp","href":"https:\/\/api.w.org\/{rel}","templated":true}]}}