{"id":9230003,"date":"2018-07-11T09:43:00","date_gmt":"2018-07-11T07:43:00","guid":{"rendered":"https:\/\/regiontatry.sk\/gurmanstvo-a-emocie\/"},"modified":"2023-08-28T22:06:13","modified_gmt":"2023-08-28T20:06:13","slug":"gurmanstvo-a-emocie","status":"publish","type":"page","link":"https:\/\/regiontatry.sk\/ru\/%d0%b3%d0%b0%d1%81%d1%82%d1%80%d0%be%d0%bd%d0%be%d0%bc%d0%b8%d1%8f\/gurmanstvo-a-emocie\/","title":{"rendered":"\u0413\u0443\u0440\u043c\u0430\u043d\u0441\u0442\u0432\u043e \u0438 \u044d\u043c\u043e\u0446\u0438\u0438"},"content":{"rendered":"\n<p><strong>\u0420\u0430\u0437\u043d\u043e\u043e\u0431\u0440\u0430\u0437\u043d\u044b\u0435 \u0438 \u043d\u0435\u043f\u043e\u0432\u0442\u043e\u0440\u0438\u043c\u044b\u0435. \u0418\u043c\u0435\u043d\u043d\u043e \u0442\u0430\u043a\u0438\u0435 \u0432\u043f\u0435\u0447\u0430\u0442\u043b\u0435\u043d\u0438\u044f   \u043e\u0441\u0442\u0430\u043d\u0443\u0442\u0441\u044f \u0441 \u0412\u0430\u043c\u0438 \u043d\u0430\u0434\u043e\u043b\u0433\u043e \u043f\u043e\u0441\u043b\u0435 \u0442\u043e\u0433\u043e, \u043a\u0430\u043a \u0412\u044b \u043f\u0440\u043e\u0432\u0435\u0434\u0451\u0442\u0435 \u0441\u0432\u043e\u0431\u043e\u0434\u043d\u043e\u0435 \u0432\u0440\u0435\u043c\u044f \u0432   \u0412\u044b\u0441\u043e\u043a\u0438\u0445 \u0422\u0430\u0442\u0440\u0430\u0445.<\/strong>   <\/p>\n\n\n\n<p>\u0422\u0430\u0442\u0440\u0430\u043d\u0441\u043a\u0438\u0435 \u043f\u0435\u0439\u0437\u0430\u0436\u0438   \u0441\u043e\u0437\u0434\u0430\u0434\u0443\u0442 \u0434\u043b\u044f \u0412\u0430\u0441 \u0441\u0430\u043c\u044b\u0439 \u043b\u0443\u0447\u0448\u0438\u0439 \u043a\u043e\u043a\u0442\u0435\u0439\u043b\u044c \u044d\u043c\u043e\u0446\u0438\u0439 &#8212; \u0412\u044b \u0432\u043b\u044e\u0431\u0438\u0442\u0435\u0441\u044c \u0432 \u043d\u0435\u043f\u0440\u0438\u0441\u0442\u0443\u043f\u043d\u044b\u0435   \u0432\u0435\u0440\u0448\u0438\u043d\u044b, \u0437\u0430\u043c\u0451\u0440\u0437\u0448\u0438\u0435 \u0432\u043e\u0434\u043e\u043f\u0430\u0434\u044b, \u0437\u0430\u0440\u044f\u0434\u0438\u0442\u0435\u0441\u044c \u043d\u043e\u0432\u043e\u0439 \u044d\u043d\u0435\u0440\u0433\u0438\u0435\u0439 \u043f\u0440\u0438 \u0432\u0438\u0434\u0435 \u0431\u0435\u043b\u043e\u0441\u043d\u0435\u0436\u043d\u043e\u0433\u043e   \u0441\u043a\u0430\u0437\u043e\u0447\u043d\u043e\u0433\u043e \u043f\u0435\u0439\u0437\u0430\u0436\u0430, \u0430 \u0412\u0430\u0448\u0443 \u0434\u0443\u0448\u0443 \u043f\u0435\u0440\u0435\u043f\u043e\u043b\u043d\u0438\u0442 \u0447\u0443\u0432\u0441\u0442\u0432\u043e \u0433\u0430\u0440\u043c\u043e\u043d\u0438\u0438 \u0438 \u0443\u0434\u043e\u0432\u043b\u0435\u0442\u0432\u043e\u0440\u0451\u043d\u043d\u043e\u0441\u0442\u0438.   <\/p>\n\n\n\n<p>\u0414\u043d\u0451\u043c \u0412\u044b \u043d\u0430\u0441\u043b\u0430\u0434\u0438\u0442\u0435\u0441\u044c   \u0440\u043e\u043c\u0430\u043d\u0442\u0438\u0447\u0435\u0441\u043a\u0438\u043c\u0438 \u043f\u0440\u043e\u0433\u0443\u043b\u043a\u0430\u043c\u0438 \u043f\u043e \u0438\u0437\u0432\u0438\u043b\u0438\u0441\u0442\u044b\u043c \u0442\u0443\u0440\u0438\u0441\u0442\u0438\u0447\u0435\u0441\u043a\u0438\u043c \u0442\u0440\u043e\u043f\u0430\u043c, \u0430 \u043d\u0430 \u0437\u0430\u043a\u0430\u0442\u0435 \u0441\u043e\u043b\u043d\u0446\u0430   \u043f\u043e\u0431\u0430\u043b\u0443\u0435\u0442\u0435 \u0441\u0435\u0431\u044f \u0438\u0437\u044b\u0441\u043a\u0430\u043d\u043d\u044b\u043c\u0438 \u0431\u043b\u044e\u0434\u0430\u043c\u0438 \u043d\u0430\u0446\u0438\u043e\u043d\u0430\u043b\u044c\u043d\u043e\u0439 \u043a\u0443\u0445\u043d\u0438. \u0412\u043a\u0443\u0441\u043d\u044b\u0435 \u0434\u043e\u043c\u0430\u0448\u043d\u0438\u0435 \u0431\u043b\u044e\u0434\u0430   \u0438 \u0438\u0437\u044b\u0441\u043a\u0430\u043d\u043d\u044b\u0435 \u043a\u0443\u043b\u0438\u043d\u0430\u0440\u043d\u044b\u0435 \u0442\u0432\u043e\u0440\u0435\u043d\u0438\u044f \u043c\u0430\u0441\u0442\u0435\u0440\u043e\u0432 \u0441\u0432\u043e\u0435\u0433\u043e \u0434\u0435\u043b\u0430 \u043f\u043e\u0434\u0430\u0440\u044f\u0442 \u0412\u0430\u043c \u043d\u0435\u0437\u0430\u0431\u044b\u0432\u0430\u0435\u043c\u044b\u0435   \u043c\u043e\u043c\u0435\u043d\u0442\u044b, \u043d\u0430\u043f\u043e\u043b\u043d\u0435\u043d\u043d\u044b\u0435 \u0432\u043a\u0443\u0441\u0430\u043c\u0438 \u0438 \u043a\u0443\u043b\u0438\u043d\u0430\u0440\u043d\u044b\u043c\u0438 \u0438\u0437\u044b\u0441\u043a\u0430\u043c\u0438.   <\/p>\n\n\n\n<p><strong>\u0422\u0430\u0442\u0440\u044b   \u0412\u0430\u043c \u043e\u0431\u044f\u0437\u0430\u0442\u0435\u043b\u044c\u043d\u043e \u043f\u043e\u043d\u0440\u0430\u0432\u044f\u0442\u0441\u044f!<\/strong>   <strong><br><\/strong><\/p>\n\n\n\t<a href=\"https:\/\/regiontatry.sk\/rodina-a-deti-leto\/gastronomia-az-nad-oblaky\/\" class=\"wp-block-cgb-block-creanet-list category-list grid-x grid-padding-x align-middle\">\n\t\t\t\t\t<div class=\"small-12 medium-6 large-5\">\n\t\t\t\t<figure><img src='https:\/\/regiontatry.sk\/wp-content\/uploads\/2023\/01\/image-1-1.png'\n\t\t\t\t\t\talt=''\n\t\t\t\t\t\ttitle='image-1-1'\n\t\t\t\t\t\/><\/figure>\n\t\t\t<\/div>\n\t\t\n\n\t\t<div class=\"cell small-12 medium-5 large-7\">\n\t\t\t<h3>\u0413\u0430\u0441\u0442\u0440\u043e\u043d\u043e\u043c\u0438\u044f \u043f\u0440\u044f\u043c\u043e \u043d\u0430\u0434 \u043e\u0431\u043b\u0430\u043a\u0430\u043c\u0438 &#8212;      <\/h3>\n\t\t\t<p>\u0418\u0441\u043f\u044b\u0442\u0430\u0439\u0442\u0435 <strong>\u043d\u0435\u043e\u0431\u044b\u043a\u043d\u043e\u0432\u0435\u043d\u043d\u043e\u0435 \u043f\u0440\u0438\u043a\u043b\u044e\u0447\u0435\u043d\u0438\u0435<\/strong> \u0432 \u0432\u0438\u0434\u0435   \u043d\u0435\u043f\u043e\u0432\u0442\u043e\u0440\u0438\u043c\u043e\u0433\u043e \u0433\u0430\u0441\u0442\u0440\u043e\u043d\u043e\u043c\u0438\u0447\u0435\u0441\u043a\u043e\u0433\u043e \u0443\u0434\u043e\u0432\u043e\u043b\u044c\u0441\u0442\u0432\u0438\u044f \u043f\u0440\u044f\u043c\u043e \u0432 \u043a\u043e\u0440\u0437\u0438\u043d\u0435 \u0432\u043e\u0437\u0434\u0443\u0448\u043d\u043e\u0433\u043e \u0448\u0430\u0440\u0430.   \u041c\u044b \u0432\u0437\u043b\u0435\u0442\u0438\u043c \u0438\u0437-\u043f\u043e\u0434 \u0432\u0435\u0440\u0448\u0438\u043d \u0412\u044b\u0441\u043e\u043a\u0438\u0445 \u0422\u0430\u0442\u0440 \u0438 \u0432\u043c\u0435\u0441\u0442\u0435 \u0432 \u0442\u0435\u0447\u0435\u043d\u0438\u0435 \u043f\u0440\u0438\u043c\u0435\u0440\u043d\u043e 60-90   \u043c\u0438\u043d\u0443\u0442* \u043d\u0430\u0441\u043b\u0430\u0434\u0438\u043c\u0441\u044f \u043d\u0435\u0432\u0435\u0440\u043e\u044f\u0442\u043d\u044b\u043c \u043f\u043e\u043b\u0451\u0442\u043e\u043c \u0441 \u043a\u0443\u043b\u0438\u043d\u0430\u0440\u043d\u044b\u043c\u0438 \u0434\u0435\u043b\u0438\u043a\u0430\u0442\u0435\u0441\u0430\u043c\u0438 \u043e\u0442 \u0448\u0435\u0444-\u043f\u043e\u0432\u0430\u0440\u043e\u0432   <strong>\u041e\u0442\u0435\u043b\u044f \u041b\u043e\u043c\u043d\u0438\u0446\u0430<\/strong>.      <\/p>\n\t\t<\/div>\n\t<\/a>\n\n\t\n\n\t<a href=\"https:\/\/www.vt.sk\/stredisko\/bary-restauracie-obchody\/restauracie\/kaviaren-dedo?no_cache=1\" class=\"wp-block-cgb-block-creanet-list category-list grid-x grid-padding-x align-middle\">\n\t\t\t\t\t<div class=\"small-12 medium-6 large-5\">\n\t\t\t\t<figure><img src='https:\/\/regiontatry.sk\/wp-content\/uploads\/2018\/10\/ranajky_u_deda.png'\n\t\t\t\t\t\talt=''\n\t\t\t\t\t\ttitle='ranajky_u_deda'\n\t\t\t\t\t\/><\/figure>\n\t\t\t<\/div>\n\t\t\n\n\t\t<div class=\"cell small-12 medium-5 large-7\">\n\t\t\t<h3>Ra\u0148ajky nad oblakmi<\/h3>\n\t\t\t<p>Vyrazte prv\u00fdmi rann\u00fdmi lanovkami z Tatranskej Lomnice na Skalnat\u00e9 pleso a odtia\u013e sa nechajte vyviez\u0165 na tradi\u010dn\u00e9\u00a0<strong>slovensk\u00e9 ra\u0148ajky<\/strong>\u00a0a\u017e medzi oblaky \u2013 na samotn\u00fd vrchol Lomnick\u00e9ho \u0161t\u00edtu do v\u00fd\u0161ky\u00a0<strong>2 634 m n. m<\/strong>. Za\u017eite neopakovate\u013en\u00e9 panoramatick\u00e9 v\u00fdh\u013eady na leskn\u00face sa \u0161t\u00edty Tatier, do hlbok\u00fdch dol\u00edn a na okolit\u00fa pr\u00edrodu. No \u010do m\u00f4\u017ee by\u0165 romantickej\u0161ie?<\/p>\n\t\t<\/div>\n\t<\/a>\n\n\t\n\n\t<a href=\"\/turisticke-informacie\/restauracie-pizza\/\" class=\"wp-block-cgb-block-creanet-list category-list grid-x grid-padding-x align-middle\">\n\t\t\t\t\t<div class=\"small-12 medium-6 large-5\">\n\t\t\t\t<figure><img src='https:\/\/regiontatry.sk\/wp-content\/uploads\/2019\/05\/88c5738573af14711c71d7943b2552af.png'\n\t\t\t\t\t\talt=''\n\t\t\t\t\t\ttitle='88c5738573af14711c71d7943b2552af'\n\t\t\t\t\t\/><\/figure>\n\t\t\t<\/div>\n\t\t\n\n\t\t<div class=\"cell small-12 medium-5 large-7\">\n\t\t\t<h3>\u0420\u0430\u0437\u043d\u043e\u043e\u0431\u0440\u0430\u0437\u043d\u044b\u0435   \u043a\u0443\u043b\u0438\u043d\u0430\u0440\u043d\u044b\u0435 \u0434\u0435\u043b\u0438\u043a\u0430\u0442\u0435\u0441\u044b      <\/h3>\n\t\t\t<p> <strong>\u0422\u0430\u0442\u0440\u0430\u043d\u0441\u043a\u0438\u0435 \u0440\u0435\u0441\u0442\u043e\u0440\u0430\u043d\u044b<\/strong> &#8212; \u044d\u0442\u043e \u043f\u043e\u0441\u0442\u043e\u044f\u043d\u043d\u044b\u0439 \u0438\u0441\u0442\u043e\u0447\u043d\u0438\u043a \u043d\u0435\u0441\u0440\u0430\u0432\u043d\u0435\u043d\u043d\u044b\u0445 \u0432\u043f\u0435\u0447\u0430\u0442\u043b\u0435\u043d\u0438\u0439 \u043d\u0435\u0437\u0430\u0432\u0438\u0441\u0438\u043c\u043e \u043e\u0442 \u0442\u043e\u0433\u043e, \u043f\u0440\u0435\u0434\u043f\u043e\u0447\u0438\u0442\u0430\u0435\u0442\u0435 \u043b\u0438 \u0412\u044b \u0442\u0440\u0430\u0434\u0438\u0446\u0438\u043e\u043d\u043d\u044b\u0435 \u043f\u0440\u043e\u0441\u0442\u044b\u0435 \u0431\u043b\u044e\u0434\u0430 \u0438\u043b\u0438 \u0436\u0435 \u0433\u043e\u0442\u043e\u0432\u044b \u043a \u044d\u043a\u0441\u043f\u0435\u0440\u0438\u043c\u0435\u043d\u0442\u0430\u043c \u0441 \u0447\u0430\u0441\u0442\u0438\u0447\u043a\u043e\u0439 \u0438\u0437\u044b\u0441\u043a\u0430\u043d\u043d\u043e\u0441\u0442\u0438. \u041f\u0440\u0438\u044f\u0442\u043d\u0430\u044f \u0430\u0442\u043c\u043e\u0441\u0444\u0435\u0440\u0430 \u0438 <strong>\u0438\u0441\u043a\u043b\u044e\u0447\u0438\u0442\u0435\u043b\u044c\u043d\u044b\u0435 \u0433\u0443\u0440\u043c\u0430\u043d\u0441\u043a\u0438\u0435 \u0434\u0435\u043b\u0438\u043a\u0430\u0442\u0435\u0441\u044b<\/strong> \u0433\u0430\u0440\u0430\u043d\u0442\u0438\u0440\u0443\u044e\u0442 \u0412\u0430\u0448\u0443 \u0443\u0434\u043e\u0432\u043b\u0435\u0442\u0432\u043e\u0440\u0451\u043d\u043d\u043e\u0441\u0442\u044c. \u041f\u043e\u043f\u0440\u043e\u0431\u0443\u0439\u0442\u0435 \u0432\u0441\u0451 \u044d\u0442\u043e \u043d\u0430 \u0432\u043a\u0443\u0441! <\/p>\n\t\t<\/div>\n\t<\/a>\n\n\t\n\n\t<a href=\"\/turisticke-informacie\/salase-koliby\/\" class=\"wp-block-cgb-block-creanet-list category-list grid-x grid-padding-x align-middle\">\n\t\t\t\t\t<div class=\"small-12 medium-6 large-5\">\n\t\t\t\t<figure><img src='https:\/\/regiontatry.sk\/wp-content\/uploads\/2018\/10\/koliba_kamzik.jpg'\n\t\t\t\t\t\talt=''\n\t\t\t\t\t\ttitle='koliba_kamzik'\n\t\t\t\t\t\/><\/figure>\n\t\t\t<\/div>\n\t\t\n\n\t\t<div class=\"cell small-12 medium-5 large-7\">\n\t\t\t<h3><strong>\u0422\u0440\u0430\u0434\u0438\u0446\u0438\u043e\u043d\u043d\u044b\u0435 \u0441\u043b\u043e\u0432\u0430\u0446\u043a\u0438\u0435 \u0431\u043b\u044e\u0434\u0430<\/strong> <\/h3>\n\t\t\t<p>\u0415\u0441\u043b\u0438 \u0412\u044b \u043e\u0442\u043d\u043e\u0441\u0438\u0442\u0435\u0441\u044c \u043a \u0442\u0435\u043c, \u043a\u0442\u043e \u043f\u043e\u043c\u0438\u043c\u043e \u0433\u043e\u0440\u043d\u044b\u0445 \u043f\u043e\u0445\u043e\u0434\u043e\u0432 \u0438\u043b\u0438 \u0432\u0435\u043b\u043e\u0441\u0438\u043f\u0435\u0434\u043d\u044b\u0445 \u043f\u0440\u043e\u0433\u0443\u043b\u043e\u043a \u043b\u044e\u0431\u0438\u0442 \u0437\u043d\u0430\u043a\u043e\u043c\u0438\u0442\u044c\u0441\u044f \u0441 \u0433\u0430\u0441\u0442\u0440\u043e\u043d\u043e\u043c\u0438\u0435\u0439 \u0438 \u043b\u044e\u0431\u0438\u043c\u044b\u043c\u0438 \u0432\u043a\u0443\u0441\u0430\u043c\u0438 \u043a\u043e\u043d\u043a\u0440\u0435\u0442\u043d\u043e\u0439 \u043e\u0431\u043b\u0430\u0441\u0442\u0438, \u0432 \u043a\u043e\u0442\u043e\u0440\u043e\u0439 \u0412\u044b \u043d\u0430\u0445\u043e\u0434\u0438\u0442\u0435\u0441\u044c, \u043c\u044b \u0440\u0435\u043a\u043e\u043c\u0435\u043d\u0434\u0443\u0435\u043c \u043f\u043e\u0441\u0435\u0442\u0438\u0442\u044c \u0442\u0440\u0430\u0434\u0438\u0446\u0438\u043e\u043d\u043d\u044b\u0435 <strong>\u0441\u043b\u043e\u0432\u0430\u0446\u043a\u0438\u0435 \u043a\u043e\u043b\u0438\u0431\u044b \u0438 \u0441\u0430\u043b\u0430\u0448\u0438 (\u0444\u0435\u0440\u043c\u0435\u0440\u0441\u043a\u0438\u0435 \u043f\u043e\u0434\u0432\u043e\u0440\u044c\u044f).<\/strong> <\/p>\n\t\t<\/div>\n\t<\/a>\n\n\t\n\n\n<h3 class=\"wp-block-heading\"><strong><br>\u041c\u0430\u0433\u0438\u044f \u0431\u043e\u0433\u0430\u0442\u043e\u0439 \u0438\u0441\u0442\u043e\u0440\u0438\u0438 \u0442\u0430\u0442\u0440\u0430\u043d\u0441\u043a\u0438\u0445 \u043e\u0442\u0435\u043b\u0435\u0439<\/strong><\/h3>\n\n\n\n<p>\u041d\u0430 \u0440\u0443\u0431\u0435\u0436\u0435 19   \u0438 20 \u0432\u0435\u043a\u043e\u0432 \u0415\u0432\u0440\u043e\u043f\u0430 \u0432\u0441\u0442\u0443\u043f\u0438\u043b\u0430 \u0432 \u043f\u0435\u0440\u0438\u043e\u0434, \u0438\u0437\u0432\u0435\u0441\u0442\u043d\u044b\u0439 \u0432\u043e \u0424\u0440\u0430\u043d\u0446\u0438\u0438 \u043a\u0430\u043a La belle \u00e9poque   \u0438\u043b\u0438 \u041f\u0440\u0435\u043a\u0440\u0430\u0441\u043d\u0430\u044f \u044d\u043f\u043e\u0445\u0430. \u0421\u043e\u0432\u0440\u0435\u043c\u0435\u043d\u043d\u0430\u044f \u0430\u0440\u0438\u0441\u0442\u043e\u043a\u0440\u0430\u0442\u0438\u044f \u0436\u0438\u043b\u0430 \u0441\u0447\u0430\u0441\u0442\u043b\u0438\u0432\u043e \u043f\u043e\u0432\u0441\u044e\u0434\u0443, \u0438\u043c\u0435\u044f   \u043c\u043d\u043e\u0433\u043e \u0434\u0435\u043d\u0435\u0433 \u0438 \u0441\u0442\u0430\u0440\u0430\u044f\u0441\u044c \u043f\u0440\u043e\u0436\u0438\u0442\u044c \u0447\u0430\u0441\u0442\u044c \u0441\u0432\u043e\u0435\u0439 \u0436\u0438\u0437\u043d\u0438 \u043a\u0430\u043a \u043c\u043e\u0436\u043d\u043e \u043f\u0440\u0438\u044f\u0442\u043d\u0435\u0435.   <\/p>\n\n\n\n<p>\u0410\u0440\u0445\u0438\u0442\u0435\u043a\u0442\u043e\u0440\u044b   \u043f\u0440\u0438\u0434\u0443\u043c\u0430\u043b\u0438 <strong>\u0440\u043e\u0441\u043a\u043e\u0448\u043d\u044b\u0439 \u0441\u0442\u0438\u043b\u044c<\/strong>,   \u0441\u043e\u043e\u0442\u0432\u0435\u0442\u0441\u0442\u0432\u0443\u044e\u0449\u0438\u0439 \u0442\u043e\u043c\u0443 \u0432\u0440\u0435\u043c\u0435\u043d\u0438, &#8212; \u043c\u043e\u0434\u0435\u0440\u043d.\u00a0   \u0412 \u0435\u0433\u043e \u0442\u0430\u0442\u0440\u0430\u043d\u0441\u043a\u0438\u0435 \u0436\u0435\u043c\u0447\u0443\u0436\u0438\u043d\u044b \u0412\u044b \u043d\u0435\u043f\u0440\u0435\u043c\u0435\u043d\u043d\u043e \u0432\u043b\u044e\u0431\u0438\u0442\u0435\u0441\u044c. \u0418\u0445 \u0431\u043e\u0433\u0430\u0442\u0430\u044f \u0438\u0441\u0442\u043e\u0440\u0438\u044f,   \u0430 \u0442\u0430\u043a\u0436\u0435 \u0446\u0435\u043b\u0435\u0431\u043d\u043e\u0435 \u0432\u043e\u0437\u0434\u0435\u0439\u0441\u0442\u0432\u0438\u0435 \u0442\u0430\u0442\u0440\u0430\u043d\u0441\u043a\u043e\u0439 \u043f\u0440\u0438\u0440\u043e\u0434\u044b, \u0441\u043e\u0437\u0434\u0430\u044e\u0442 \u0430\u0431\u0441\u043e\u043b\u044e\u0442\u043d\u043e\u0435   \u0443\u0434\u043e\u0432\u043e\u043b\u044c\u0441\u0442\u0432\u0438\u0435 \u0434\u0430\u0436\u0435 \u0434\u043b\u044f \u0441\u0430\u043c\u044b\u0445 \u0442\u0440\u0435\u0431\u043e\u0432\u0430\u0442\u0435\u043b\u044c\u043d\u044b\u0445 \u043f\u043e\u0441\u0435\u0442\u0438\u0442\u0435\u043b\u0435\u0439. \u0411\u043b\u0430\u0433\u043e\u0434\u0430\u0440\u044f \u0441\u0432\u043e\u0435\u043c\u0443   \u0432\u0435\u043b\u0438\u0447\u0435\u0441\u0442\u0432\u0435\u043d\u043d\u043e\u043c\u0443 \u043e\u0447\u0430\u0440\u043e\u0432\u0430\u043d\u0438\u044e \u044d\u0442\u0438 \u043e\u0442\u0435\u043b\u0438 \u043f\u0440\u0438\u043d\u0438\u043c\u0430\u043b\u0438 \u0443 \u0441\u0435\u0431\u044f \u043c\u043d\u043e\u0433\u0438\u0445 \u0432\u044b\u0434\u0430\u044e\u0449\u0438\u0445\u0441\u044f   \u043b\u0438\u0447\u043d\u043e\u0441\u0442\u0435\u0439.   <\/p>\n\n\n\n<p><strong>\u041f\u043e\u0437\u0432\u043e\u043b\u044c\u0442\u0435 \u0441\u0435\u0431\u0435 \u0431\u044b\u0442\u044c \u043e\u0447\u0430\u0440\u043e\u0432\u0430\u043d\u043d\u044b\u043c \u043c\u0430\u0433\u0438\u0435\u0439 \u0438\u0441\u0442\u043e\u0440\u0438\u0438 \u0438   \u043f\u043e\u0431\u0430\u043b\u0443\u0439\u0442\u0435 \u0441\u0435\u0431\u044f \u043d\u0435\u0437\u0430\u0431\u044b\u0432\u0430\u0435\u043c\u044b\u043c \u043e\u0442\u0434\u044b\u0445\u043e\u043c \u0432 \u0430\u0442\u043c\u043e\u0441\u0444\u0435\u0440\u0435 \u0441\u0442\u0430\u0440\u0438\u043d\u043d\u043e\u0439 \u0440\u043e\u0441\u043a\u043e\u0448\u0438.<\/strong>   <\/p>\n\n\n\n<ul class=\"wp-block-gallery columns-3 is-cropped wp-block-gallery-2 is-layout-flex wp-block-gallery-is-layout-flex\"><li class=\"blocks-gallery-item\"><figure><img loading=\"lazy\" decoding=\"async\" width=\"800\" height=\"531\" src=\"https:\/\/regiontatry.sk\/wp-content\/uploads\/2018\/10\/castro-caf_8532899761_o-1.jpg\" alt=\"\" data-id=\"11908\" data-link=\"https:\/\/regiontatry.sk\/gurmanstvo-a-emocie-3\/castro-caf_8532899761_o-2\/\" class=\"wp-image-11908\" srcset=\"https:\/\/regiontatry.sk\/wp-content\/uploads\/2018\/10\/castro-caf_8532899761_o-1.jpg 800w, https:\/\/regiontatry.sk\/wp-content\/uploads\/2018\/10\/castro-caf_8532899761_o-1-300x199.jpg 300w, https:\/\/regiontatry.sk\/wp-content\/uploads\/2018\/10\/castro-caf_8532899761_o-1-768x510.jpg 768w\" sizes=\"(max-width: 800px) 100vw, 800px\" \/><\/figure><\/li><li class=\"blocks-gallery-item\"><figure><img loading=\"lazy\" decoding=\"async\" width=\"800\" height=\"375\" src=\"https:\/\/regiontatry.sk\/wp-content\/uploads\/2018\/10\/castro-cafe_16638630777_o-1.jpg\" alt=\"\" data-id=\"11938\" data-link=\"https:\/\/regiontatry.sk\/gurmanstvo-a-emocie-3\/castro-cafe_16638630777_o-2\/\" class=\"wp-image-11938\" srcset=\"https:\/\/regiontatry.sk\/wp-content\/uploads\/2018\/10\/castro-cafe_16638630777_o-1.jpg 800w, https:\/\/regiontatry.sk\/wp-content\/uploads\/2018\/10\/castro-cafe_16638630777_o-1-300x141.jpg 300w, https:\/\/regiontatry.sk\/wp-content\/uploads\/2018\/10\/castro-cafe_16638630777_o-1-768x360.jpg 768w\" sizes=\"(max-width: 800px) 100vw, 800px\" \/><\/figure><\/li><li class=\"blocks-gallery-item\"><figure><img loading=\"lazy\" decoding=\"async\" width=\"800\" height=\"523\" src=\"https:\/\/regiontatry.sk\/wp-content\/uploads\/2018\/10\/24822759419_7555dd7b06_o.jpg\" alt=\"\" data-id=\"11985\" data-link=\"https:\/\/regiontatry.sk\/gurmanstvo-a-emocie-3\/24822759419_7555dd7b06_o\/\" class=\"wp-image-11985\" srcset=\"https:\/\/regiontatry.sk\/wp-content\/uploads\/2018\/10\/24822759419_7555dd7b06_o.jpg 800w, https:\/\/regiontatry.sk\/wp-content\/uploads\/2018\/10\/24822759419_7555dd7b06_o-300x196.jpg 300w, https:\/\/regiontatry.sk\/wp-content\/uploads\/2018\/10\/24822759419_7555dd7b06_o-768x502.jpg 768w\" sizes=\"(max-width: 800px) 100vw, 800px\" \/><\/figure><\/li><\/ul>\n\n\n\n<h2 class=\"wp-block-heading\"><strong><a href=\"https:\/\/regiontatry.sk\/turisticke-informacie\/restauracie-pizza\/\"><br>Re\u0161taur\u00e1cie \/ Pizza<\/a><\/strong><\/h2>\n\n\n\n<h2 class=\"wp-block-heading\"><strong><a href=\"https:\/\/regiontatry.sk\/turisticke-informacie\/salase-koliby\/\">Sala\u0161e \/ Koliby<\/a><\/strong><\/h2>\n\n\n\n<h2 class=\"wp-block-heading\"><strong><a href=\"https:\/\/regiontatry.sk\/turisticke-informacie\/kaviarne\/\">Kaviarne<\/a><\/strong><\/h2>\n\n\n\n<h2 class=\"wp-block-heading\"><strong><a href=\"https:\/\/regiontatry.sk\/turisticke-informacie\/bary-nocny-zivot\/\">Bary \/ No\u010dn\u00fd \u017eivot<\/a><\/strong><\/h2>\n","protected":false},"excerpt":{"rendered":"<p>\u0420\u0430\u0437\u043d\u043e\u043e\u0431\u0440\u0430\u0437\u043d\u044b\u0435 \u0438 \u043d\u0435\u043f\u043e\u0432\u0442\u043e\u0440\u0438\u043c\u044b\u0435. \u0418\u043c\u0435\u043d\u043d\u043e \u0442\u0430\u043a\u0438\u0435 \u0432\u043f\u0435\u0447\u0430\u0442\u043b\u0435\u043d\u0438\u044f \u043e\u0441\u0442\u0430\u043d\u0443\u0442\u0441\u044f \u0441 \u0412\u0430\u043c\u0438 \u043d\u0430\u0434\u043e\u043b\u0433\u043e \u043f\u043e\u0441\u043b\u0435 \u0442\u043e\u0433\u043e, \u043a\u0430\u043a \u0412\u044b \u043f\u0440\u043e\u0432\u0435\u0434\u0451\u0442\u0435 \u0441\u0432\u043e\u0431\u043e\u0434\u043d\u043e\u0435 \u0432\u0440\u0435\u043c\u044f \u0432 \u0412\u044b\u0441\u043e\u043a\u0438\u0445 \u0422\u0430\u0442\u0440\u0430\u0445. \u0422\u0430\u0442\u0440\u0430\u043d\u0441\u043a\u0438\u0435 \u043f\u0435\u0439\u0437\u0430\u0436\u0438 \u0441\u043e\u0437\u0434\u0430\u0434\u0443\u0442 \u0434\u043b\u044f \u0412\u0430\u0441 \u0441\u0430\u043c\u044b\u0439 \u043b\u0443\u0447\u0448\u0438\u0439 \u043a\u043e\u043a\u0442\u0435\u0439\u043b\u044c \u044d\u043c\u043e\u0446\u0438\u0439 &#8212; \u0412\u044b \u0432\u043b\u044e\u0431\u0438\u0442\u0435\u0441\u044c \u0432 \u043d\u0435\u043f\u0440\u0438\u0441\u0442\u0443\u043f\u043d\u044b\u0435 \u0432\u0435\u0440\u0448\u0438\u043d\u044b, \u0437\u0430\u043c\u0451\u0440\u0437\u0448\u0438\u0435 \u0432\u043e\u0434\u043e\u043f\u0430\u0434\u044b, \u0437\u0430\u0440\u044f\u0434\u0438\u0442\u0435\u0441\u044c \u043d\u043e\u0432\u043e\u0439 \u044d\u043d\u0435\u0440\u0433\u0438\u0435\u0439 \u043f\u0440\u0438 \u0432\u0438\u0434\u0435 \u0431\u0435\u043b\u043e\u0441\u043d\u0435\u0436\u043d\u043e\u0433\u043e \u0441\u043a\u0430\u0437\u043e\u0447\u043d\u043e\u0433\u043e \u043f\u0435\u0439\u0437\u0430\u0436\u0430, \u0430 \u0412\u0430\u0448\u0443 \u0434\u0443\u0448\u0443 \u043f\u0435\u0440\u0435\u043f\u043e\u043b\u043d\u0438\u0442 \u0447\u0443\u0432\u0441\u0442\u0432\u043e \u0433\u0430\u0440\u043c\u043e\u043d\u0438\u0438 \u0438 \u0443\u0434\u043e\u0432\u043b\u0435\u0442\u0432\u043e\u0440\u0451\u043d\u043d\u043e\u0441\u0442\u0438. \u0414\u043d\u0451\u043c \u0412\u044b [&hellip;]<\/p>\n","protected":false},"author":1,"featured_media":9230005,"parent":9235822,"menu_order":10,"comment_status":"closed","ping_status":"closed","template":"template-simple-page.php","meta":{"footnotes":""},"class_list":["post-9230003","page","type-page","status-publish","has-post-thumbnail","hentry"],"_links":{"self":[{"href":"https:\/\/regiontatry.sk\/ru\/wp-json\/wp\/v2\/pages\/9230003"}],"collection":[{"href":"https:\/\/regiontatry.sk\/ru\/wp-json\/wp\/v2\/pages"}],"about":[{"href":"https:\/\/regiontatry.sk\/ru\/wp-json\/wp\/v2\/types\/page"}],"author":[{"embeddable":true,"href":"https:\/\/regiontatry.sk\/ru\/wp-json\/wp\/v2\/users\/1"}],"replies":[{"embeddable":true,"href":"https:\/\/regiontatry.sk\/ru\/wp-json\/wp\/v2\/comments?post=9230003"}],"version-history":[{"count":1,"href":"https:\/\/regiontatry.sk\/ru\/wp-json\/wp\/v2\/pages\/9230003\/revisions"}],"predecessor-version":[{"id":9230007,"href":"https:\/\/regiontatry.sk\/ru\/wp-json\/wp\/v2\/pages\/9230003\/revisions\/9230007"}],"up":[{"embeddable":true,"href":"https:\/\/regiontatry.sk\/ru\/wp-json\/wp\/v2\/pages\/9235822"}],"wp:featuredmedia":[{"embeddable":true,"href":"https:\/\/regiontatry.sk\/ru\/wp-json\/wp\/v2\/media\/9230005"}],"wp:attachment":[{"href":"https:\/\/regiontatry.sk\/ru\/wp-json\/wp\/v2\/media?parent=9230003"}],"curies":[{"name":"wp","href":"https:\/\/api.w.org\/{rel}","templated":true}]}}