{"id":9230123,"date":"2020-04-21T14:43:19","date_gmt":"2020-04-21T12:43:19","guid":{"rendered":"https:\/\/regiontatry.sk\/contacte\/"},"modified":"2024-07-01T15:37:51","modified_gmt":"2024-07-01T13:37:51","slug":"contacte","status":"publish","type":"page","link":"https:\/\/regiontatry.sk\/ru\/contacte\/","title":{"rendered":"\u041a\u043e\u043d\u0442\u0430\u043a\u0442\u044b"},"content":{"rendered":"\n<h4 class=\"wp-block-heading\"><br><strong>\u0410\u0434\u0440\u0435\u0441<\/strong><\/h4>\n\n\n\n<p>Regi\u00f3n Vysok\u00e9 Tatry<br>Star\u00fd Smokovec 1<br>062 01 Vysok\u00e9 Tatry<\/p>\n\n\n\n<p><strong>I\u010cO:<\/strong>&nbsp; 422 34 077<br><strong>DI\u010c:<\/strong>&nbsp; 2023468403<br><strong>I\u010c DPH: <\/strong>SK2023468403<\/p>\n\n\n\n<h4 class=\"wp-block-heading\"><br><strong>Kontakty<\/strong><\/h4>\n\n\n\n<p><strong>Lucia Bla\u0161kov\u00e1<\/strong><br>\u0418\u0441\u043f\u043e\u043b\u043d\u0438\u0442\u0435\u043b\u044c\u043d\u044b\u0439 \u0434\u0438\u0440\u0435\u043a\u0442\u043e\u0440<br>E-mail: <a href=\"mailto:riaditel@regiontatry.sk\">riaditel@regiontatry.sk<\/a> <\/p>\n\n\n\n<p><strong>Bc. Sandra Hupkov\u00e1 <\/strong><br>\u041e\u0444\u0438\u0441-\u043c\u0435\u043d\u0435\u0434\u0436\u0435\u0440<br>Email: <a href=\"mailto:office@regiontatry.sk\">office@regiontatry.sk<\/a> <\/p>\n\n\n\n<p><strong>Vikt\u00f3ria Kubalov\u00e1 <\/strong><br>\u041c\u0435\u043d\u0435\u0434\u0436\u0435\u0440 \u043f\u043e \u043f\u0440\u043e\u0438\u0437\u0432\u043e\u0434\u0441\u0442\u0432\u0443 <br>Email: <a href=\"mailto:asistent@regiontatry.sk\">asistent@regiontatry.sk<\/a> <br><\/p>\n\n\n\n<p><strong>Ing. M\u00e1ria Kunov\u00e1<\/strong><br>\u041c\u0435\u043d\u0435\u0434\u0436\u0435\u0440 \u043f\u043e \u043f\u0440\u043e\u0438\u0437\u0432\u043e\u0434\u0441\u0442\u0432\u0443 <br>Email:&nbsp;<a rel=\"noreferrer noopener\" href=\"mailto:info@regiontatry.sk\" target=\"_blank\">info@regiontatry.sk<\/a><\/p>\n\n\n\n<p><strong>\u0414\u043b\u044f \u043f\u043e\u043b\u0443\u0447\u0435\u043d\u0438\u044f \u0442\u0443\u0440\u0438\u0441\u0442\u0438\u0447\u0435\u0441\u043a\u043e\u0439 \u0438\u043d\u0444\u043e\u0440\u043c\u0430\u0446\u0438\u0438, \u0432\u0440\u0435\u043c\u0435\u043d\u0438 \u0440\u0430\u0431\u043e\u0442\u044b \u043e\u0431\u044a\u0435\u043a\u0442\u043e\u0432 \u0438 \u0434\u0440\u0443\u0433\u043e\u0439 \u0438\u043d\u0444\u043e\u0440\u043c\u0430\u0446\u0438\u0438 \u043e\u0431\u0440\u0430\u0449\u0430\u0439\u0442\u0435\u0441\u044c \u0432 \u0442\u0443\u0440\u0438\u0441\u0442\u0438\u0447\u0435\u0441\u043a\u0438\u0435 \u0438\u043d\u0444\u043e\u0440\u043c\u0430\u0446\u0438\u043e\u043d\u043d\u044b\u0435 \u0446\u0435\u043d\u0442\u0440\u044b:<\/strong><br><br><strong>\u0422\u0430\u0442\u0440\u0430\u043d\u0441\u043a\u043e\u0435 \u0438\u043d\u0444\u043e\u0440\u043c\u0430\u0446\u0438\u043e\u043d\u043d\u043e\u0435 \u0431\u044e\u0440\u043e, \u0421\u0442\u0430\u0440\u044b\u0439 \u0421\u043c\u043e\u043a\u043e\u0432\u0435\u0446 <\/strong><br>Email:  <a href=\"mailto:smokovec@tatry.sk\">smokovec@tatry.sk<\/a> <br>Kontakt: <a href=\"tel:+421(0)524423440\">+ 421 (0) 52 442 34 40 <\/a><br><strong><br>\u0422\u0430\u0442\u0440\u0430\u043d\u0441\u043a\u043e\u0435 \u0438\u043d\u0444\u043e\u0440\u043c\u0430\u0446\u0438\u043e\u043d\u043d\u043e\u0435 \u0431\u044e\u0440\u043e, \u0422\u0430\u0442\u0440\u0430\u043d\u0441\u043a\u0430 \u041b\u043e\u043c\u043d\u0438\u0446\u0430<\/strong><br>Email: <a href=\"mailto:lomnica@tatry.sk\">lomnica@tatry.sk<\/a> <br>Kontakt: <a href=\"tel:+421(0)524468119\">+ 421 (0) 52 446 81 19 <\/a><br><br><strong>\u0422\u0443\u0440\u0438\u0441\u0442\u0438\u0447\u0435\u0441\u043a\u0438\u0439 \u0438\u043d\u0444\u043e\u0440\u043c\u0430\u0446\u0438\u043e\u043d\u043d\u044b\u0439 \u0446\u0435\u043d\u0442\u0440, \u0428\u0442\u0440\u0431\u0441\u043a\u0435 \u041f\u043b\u0435\u0441\u043e<\/strong><br>Email: <a href=\"mailto:info@strbskepleso.sk\">info@strbskepleso.sk<\/a><br>Kontakt:  <a href=\"tel:+421911333466\">+421 911 333 466<\/a><br><\/p>\n","protected":false},"excerpt":{"rendered":"<p>\u0410\u0434\u0440\u0435\u0441 Regi\u00f3n Vysok\u00e9 TatryStar\u00fd Smokovec 1062 01 Vysok\u00e9 Tatry I\u010cO:&nbsp; 422 34 077DI\u010c:&nbsp; 2023468403I\u010c DPH: SK2023468403 Kontakty Lucia Bla\u0161kov\u00e1\u0418\u0441\u043f\u043e\u043b\u043d\u0438\u0442\u0435\u043b\u044c\u043d\u044b\u0439 \u0434\u0438\u0440\u0435\u043a\u0442\u043e\u0440E-mail: riaditel@regiontatry.sk Bc. Sandra Hupkov\u00e1 \u041e\u0444\u0438\u0441-\u043c\u0435\u043d\u0435\u0434\u0436\u0435\u0440Email: office@regiontatry.sk Vikt\u00f3ria Kubalov\u00e1 \u041c\u0435\u043d\u0435\u0434\u0436\u0435\u0440 \u043f\u043e \u043f\u0440\u043e\u0438\u0437\u0432\u043e\u0434\u0441\u0442\u0432\u0443 Email: asistent@regiontatry.sk Ing. M\u00e1ria Kunov\u00e1\u041c\u0435\u043d\u0435\u0434\u0436\u0435\u0440 \u043f\u043e \u043f\u0440\u043e\u0438\u0437\u0432\u043e\u0434\u0441\u0442\u0432\u0443 Email:&nbsp;info@regiontatry.sk \u0414\u043b\u044f \u043f\u043e\u043b\u0443\u0447\u0435\u043d\u0438\u044f \u0442\u0443\u0440\u0438\u0441\u0442\u0438\u0447\u0435\u0441\u043a\u043e\u0439 \u0438\u043d\u0444\u043e\u0440\u043c\u0430\u0446\u0438\u0438, \u0432\u0440\u0435\u043c\u0435\u043d\u0438 \u0440\u0430\u0431\u043e\u0442\u044b \u043e\u0431\u044a\u0435\u043a\u0442\u043e\u0432 \u0438 \u0434\u0440\u0443\u0433\u043e\u0439 \u0438\u043d\u0444\u043e\u0440\u043c\u0430\u0446\u0438\u0438 \u043e\u0431\u0440\u0430\u0449\u0430\u0439\u0442\u0435\u0441\u044c \u0432 \u0442\u0443\u0440\u0438\u0441\u0442\u0438\u0447\u0435\u0441\u043a\u0438\u0435 \u0438\u043d\u0444\u043e\u0440\u043c\u0430\u0446\u0438\u043e\u043d\u043d\u044b\u0435 \u0446\u0435\u043d\u0442\u0440\u044b: \u0422\u0430\u0442\u0440\u0430\u043d\u0441\u043a\u043e\u0435 [&hellip;]<\/p>\n","protected":false},"author":2,"featured_media":9230124,"parent":0,"menu_order":0,"comment_status":"closed","ping_status":"closed","template":"template-simple-page.php","meta":{"footnotes":""},"class_list":["post-9230123","page","type-page","status-publish","has-post-thumbnail","hentry"],"_links":{"self":[{"href":"https:\/\/regiontatry.sk\/ru\/wp-json\/wp\/v2\/pages\/9230123"}],"collection":[{"href":"https:\/\/regiontatry.sk\/ru\/wp-json\/wp\/v2\/pages"}],"about":[{"href":"https:\/\/regiontatry.sk\/ru\/wp-json\/wp\/v2\/types\/page"}],"author":[{"embeddable":true,"href":"https:\/\/regiontatry.sk\/ru\/wp-json\/wp\/v2\/users\/2"}],"replies":[{"embeddable":true,"href":"https:\/\/regiontatry.sk\/ru\/wp-json\/wp\/v2\/comments?post=9230123"}],"version-history":[{"count":2,"href":"https:\/\/regiontatry.sk\/ru\/wp-json\/wp\/v2\/pages\/9230123\/revisions"}],"predecessor-version":[{"id":9786125,"href":"https:\/\/regiontatry.sk\/ru\/wp-json\/wp\/v2\/pages\/9230123\/revisions\/9786125"}],"wp:featuredmedia":[{"embeddable":true,"href":"https:\/\/regiontatry.sk\/ru\/wp-json\/wp\/v2\/media\/9230124"}],"wp:attachment":[{"href":"https:\/\/regiontatry.sk\/ru\/wp-json\/wp\/v2\/media?parent=9230123"}],"curies":[{"name":"wp","href":"https:\/\/api.w.org\/{rel}","templated":true}]}}