{"id":9230135,"date":"2018-10-03T09:59:14","date_gmt":"2018-10-03T07:59:14","guid":{"rendered":"https:\/\/regiontatry.sk\/polita-de-asigurare-in-munti\/"},"modified":"2023-09-04T23:26:08","modified_gmt":"2023-09-04T21:26:08","slug":"%d1%81%d1%82%d1%80%d0%b0%d1%85%d0%be%d0%b2%d0%b0%d0%bd%d0%b8%d0%b5-%d0%b2-%d0%b3%d0%be%d1%80%d0%b0%d1%85","status":"publish","type":"page","link":"https:\/\/regiontatry.sk\/ru\/%d1%82%d1%83%d1%80%d0%b8%d1%81%d1%82%d0%b8%d1%87%d0%b5%d1%81%d0%ba%d0%b0%d1%8f-%d0%b8%d0%bd%d1%84%d0%be%d1%80%d0%bc%d0%b0%d1%86%d0%b8%d1%8f\/%d1%81%d1%82%d1%80%d0%b0%d1%85%d0%be%d0%b2%d0%b0%d0%bd%d0%b8%d0%b5-%d0%b2-%d0%b3%d0%be%d1%80%d0%b0%d1%85\/","title":{"rendered":"\u0421\u0442\u0440\u0430\u0445\u043e\u0432\u0430\u043d\u0438\u0435 \u0432 \u0433\u043e\u0440\u0430\u0445"},"content":{"rendered":"\n<h4 class=\"wp-block-heading\">\u0412 \u0433\u043e\u0440\u044b \u0431\u0435\u0437\u043e\u043f\u0430\u0441\u043d\u043e \u0441 \u0433\u043e\u0440\u043d\u044b\u043c \u0441\u0442\u0440\u0430\u0445\u043e\u0432\u0430\u043d\u0438\u0435\u043c.  <\/h4>\n\n\n\n<p>\u041e\u0442\u043f\u0440\u0430\u0432\u043b\u044f\u0439\u0442\u0435\u0441\u044c \u0432 \u043f\u043e\u0445\u043e\u0434 \u0432 \u0412\u044b\u0441\u043e\u043a\u0438\u0435 \u0422\u0430\u0442\u0440\u044b \u0441 \u0433\u043e\u0440\u043d\u044b\u043c \u0441\u0442\u0440\u0430\u0445\u043e\u0432\u0430\u043d\u0438\u0435\u043c \u043a\u0430\u043a \u0442\u0443\u0440\u0438\u0441\u0442-\u043b\u044e\u0431\u0438\u0442\u0435\u043b\u044c, \u0430\u043b\u044c\u043f\u0438\u043d\u0438\u0441\u0442, \u0441\u043a\u0438-\u0430\u043b\u044c\u043f\u0438\u043d\u0438\u0441\u0442 \u0438\u043b\u0438 \u0436\u0435 \u0441\u043f\u043e\u0440\u0442\u0441\u043c\u0435\u043d-\u044d\u043a\u0441\u0442\u0440\u0435\u043c\u0430\u043b. <\/p>\n\n\n\n<p>\u0421 \u0445\u043e\u0440\u043e\u0448\u043e \u043f\u043e\u0434\u043e\u0431\u0440\u0430\u043d\u043d\u043e\u0439 <strong>\u0433\u043e\u0440\u043d\u043e\u0439 \u0441\u0442\u0440\u0430\u0445\u043e\u0432\u043a\u043e\u0439<\/strong>   \u043d\u0438\u0447\u0442\u043e \u043d\u0435 \u0441\u043c\u043e\u0436\u0435\u0442 \u043d\u0435\u043f\u0440\u0438\u044f\u0442\u043d\u043e \u0443\u0434\u0438\u0432\u0438\u0442\u044c \u0412\u0430\u0441 \u0432 \u043f\u043e\u0445\u043e\u0434\u0435. \u041e\u0444\u043e\u0440\u043c\u0438\u0442\u0435 \u0433\u043e\u0440\u043d\u0443\u044e \u0441\u0442\u0440\u0430\u0445\u043e\u0432\u043a\u0443,   \u0447\u0442\u043e\u0431\u044b \u0437\u0430\u0449\u0438\u0442\u0438\u0442\u044c \u0441\u0435\u0431\u044f \u043e\u0442 \u043d\u0435\u043f\u0440\u0435\u0434\u0432\u0438\u0434\u0435\u043d\u043d\u044b\u0445 \u0441\u043e\u0431\u044b\u0442\u0438\u0439 \u0438 \u0442\u0440\u0430\u0432\u043c.   <\/p>\n\n\n\n<p>\u0421\u0442\u0440\u0430\u0445\u043e\u0432\u044b\u0435 \u043a\u043e\u043c\u043f\u0430\u043d\u0438\u0438   \u0440\u0430\u0437\u0434\u0435\u043b\u044f\u044e\u0442 \u0433\u043e\u0440\u043d\u043e\u0435 \u0441\u0442\u0440\u0430\u0445\u043e\u0432\u0430\u043d\u0438\u0435 \u043d\u0430 2 \u043a\u0430\u0442\u0435\u0433\u043e\u0440\u0438\u0438:   <\/p>\n\n\n\n<ul class=\"wp-block-list\"><li><strong>&#8212; <\/strong> <strong>\u043e\u0441\u043d\u043e\u0432\u043d\u0430\u044f<\/strong> (\u043e\u0431\u044b\u0447\u043d\u044b\u0439 \u043f\u0435\u0448\u0438\u0439 \u0442\u0443\u0440\u0438\u0441\u0442, \u043f\u0435\u0440\u0435\u0434\u0432\u0438\u0436\u0435\u043d\u0438\u0435 \u043f\u043e \u043e\u0431\u043e\u0437\u043d\u0430\u0447\u0435\u043d\u043d\u044b\u043c \u0442\u0440\u043e\u043f\u0430\u043c)   <\/li><li><strong>&#8212; <\/strong> <strong>\u044d\u043a\u0441\u0442\u0440\u0435\u043c\u0430\u043b\u044c\u043d\u0430\u044f<\/strong> (\u0430\u043b\u044c\u043f\u0438\u043d\u0438\u0437\u043c, \u0441\u043a\u0438-\u0430\u043b\u044c\u043f\u0438\u043d\u0438\u0437\u043c \u0438\u043b\u0438 \u0434\u0440\u0443\u0433\u0438\u0435 \u0430\u0434\u0440\u0435\u043d\u0430\u043b\u0438\u043d\u043e\u0432\u044b\u0435 \u0432\u0438\u0434\u044b \u0441\u043f\u043e\u0440\u0442\u0430). <\/li><\/ul>\n\n\n\n<p>\u0414\u0430\u0436\u0435 \u043d\u0435\u0431\u043e\u043b\u044c\u0448\u043e\u0439 \u043d\u0435\u0441\u0447\u0430\u0441\u0442\u043d\u044b\u0439 \u0441\u043b\u0443\u0447\u0430\u0439 \u0432 \u0433\u043e\u0440\u0430\u0445 \u043c\u043e\u0436\u0435\u0442 \u043e\u0431\u043e\u0439\u0442\u0438\u0441\u044c \u0412\u0430\u043c \u043e\u0447\u0435\u043d\u044c \u0434\u043e\u0440\u043e\u0433\u043e.   \u0422\u0440\u0430\u0434\u0438\u0446\u0438\u043e\u043d\u043d\u043e\u0435 \u043f\u043e\u043b\u0438\u0441\u043d\u043e\u0435 \u043c\u0435\u0434\u0438\u0446\u0438\u043d\u0441\u043a\u043e\u0435 \u0438\u043b\u0438 \u0442\u0443\u0440\u0438\u0441\u0442\u0438\u0447\u0435\u0441\u043a\u043e\u0435 \u0441\u0442\u0440\u0430\u0445\u043e\u0432\u0430\u043d\u0438\u0435 \u043d\u0435 \u043f\u043e\u043a\u0440\u044b\u0432\u0430\u0435\u0442   \u0440\u0430\u0441\u0445\u043e\u0434\u044b \u0433\u043e\u0440\u043d\u043e\u0441\u043f\u0430\u0441\u0430\u0442\u0435\u043b\u044c\u043d\u043e\u0439 \u0441\u043b\u0443\u0436\u0431\u044b, \u0441\u0432\u044f\u0437\u0430\u043d\u043d\u044b\u0435 \u0441\u043e \u0441\u043f\u0430\u0441\u0435\u043d\u0438\u0435\u043c \u0438\u043b\u0438 \u043f\u043e\u0438\u0441\u043a\u043e\u043c. \u0420\u0430\u0441\u0445\u043e\u0434\u044b   \u043d\u0430 \u0442\u0430\u043a \u043d\u0430\u0437\u044b\u0432\u0430\u0435\u043c\u043e\u0435 \u0442\u0435\u0445\u043d\u0438\u0447\u0435\u0441\u043a\u043e\u0435 \u0432\u043c\u0435\u0448\u0430\u0442\u0435\u043b\u044c\u0441\u0442\u0432\u043e (\u0442\u0440\u0430\u043d\u0441\u043f\u043e\u0440\u0442\u0438\u0440\u043e\u0432\u043a\u0430 \u043d\u0430 \u043d\u043e\u0441\u0438\u043b\u043a\u0430\u0445,   \u043f\u043e\u0438\u0441\u043a, \u0430\u0432\u0438\u0430\u0446\u0438\u043e\u043d\u043d\u0430\u044f \u0442\u0435\u0445\u043d\u0438\u043a\u0430) \u0447\u0435\u043b\u043e\u0432\u0435\u043a, \u043e\u043a\u0430\u0437\u0430\u0432\u0448\u0438\u0439\u0441\u044f \u0432 \u0433\u043e\u0440\u043d\u043e\u0439 \u043c\u0435\u0441\u0442\u043d\u043e\u0441\u0442\u0438, \u043e\u0431\u044f\u0437\u0430\u043d   \u043e\u043f\u043b\u0430\u0442\u0438\u0442\u044c. \u042d\u0442\u043e \u043e\u0431\u044f\u0437\u0430\u0442\u0435\u043b\u044c\u0441\u0442\u0432\u043e \u043d\u0435 \u0440\u0430\u0441\u043f\u0440\u043e\u0441\u0442\u0440\u0430\u043d\u044f\u0435\u0442\u0441\u044f \u043d\u0430 \u0444\u0438\u0437\u0438\u0447\u0435\u0441\u043a\u0438\u0445 \u043b\u0438\u0446, \u043d\u0435   \u0434\u043e\u0441\u0442\u0438\u0433\u0448\u0438\u0445 \u0441\u043e\u0432\u0435\u0440\u0448\u0435\u043d\u043d\u043e\u043b\u0435\u0442\u0438\u044f &#8212; \u0434\u0435\u0442\u0435\u0439 \u0438 \u0444\u0438\u0437\u0438\u0447\u0435\u0441\u043a\u0438\u0445 \u043b\u0438\u0446, \u043d\u0435 \u043e\u0431\u043b\u0430\u0434\u0430\u044e\u0449\u0438\u0445   \u0434\u0435\u0435\u0441\u043f\u043e\u0441\u043e\u0431\u043d\u043e\u0441\u0442\u044c\u044e.   <br><\/p>\n\n\n\n<h3 class=\"wp-block-heading\"><strong>\u0421\u041e\u0412\u0415\u0422\u042b \u041a\u0410\u041a \u041e\u0424\u041e\u0420\u041c\u0418\u0422\u042c   \u0421\u0422\u0420\u0410\u0425\u041e\u0412\u041a\u0423<\/strong>   <\/h3>\n\n\n\n<p>\u0421   01.06.2020 \u0433\u043e\u0434\u0430 \u043a\u0430\u0436\u0434\u044b\u0439 \u043f\u043e\u0441\u0435\u0442\u0438\u0442\u0435\u043b\u044c, <strong>\u043f\u0440\u043e\u0436\u0438\u0432\u0430\u044e\u0449\u0438\u0439   \u043d\u0430 \u0442\u0435\u0440\u0440\u0438\u0442\u043e\u0440\u0438\u0438 \u0433\u043e\u0440\u043e\u0434\u0430 \u0412\u044b\u0441\u043e\u043a\u0438\u0435 \u0422\u0430\u0442\u0440\u044b<\/strong> \u0438 \u0437\u0430\u0440\u0435\u0433\u0438\u0441\u0442\u0440\u0438\u0440\u043e\u0432\u0430\u043d\u043d\u044b\u0439 \u0432 \u0440\u0435\u0435\u0441\u0442\u0440\u0435   \u043f\u0440\u043e\u0436\u0438\u0432\u0430\u044e\u0449\u0438\u0445 \u043b\u0438\u0446, \u0441 \u043a\u043e\u0442\u043e\u0440\u044b\u0445 \u0432\u0437\u0438\u043c\u0430\u043b\u0441\u044f \u043d\u0430\u043b\u043e\u0433 \u043d\u0430 \u043f\u0440\u043e\u0436\u0438\u0432\u0430\u043d\u0438\u0435, <strong>\u044f\u0432\u043b\u044f\u0435\u0442\u0441\u044f \u043a\u043e\u043b\u043b\u0435\u043a\u0442\u0438\u0432\u043d\u043e \u0437\u0430\u0441\u0442\u0440\u0430\u0445\u043e\u0432\u0430\u043d\u043d\u044b\u043c \u043d\u0430 \u0441\u043b\u0443\u0447\u0430\u0439 \u0432\u043c\u0435\u0448\u0430\u0442\u0435\u043b\u044c\u0441\u0442\u0432\u0430 \u0413\u043e\u0440\u043d\u043e\u0441\u043f\u0430\u0441\u0430\u0442\u0435\u043b\u044c\u043d\u043e\u0439   \u0441\u043b\u0443\u0436\u0431\u044b<\/strong>.   <\/p>\n\n\n\n<p>\u0422\u0435\u0440\u0440\u0438\u0442\u043e\u0440\u0438\u044f   \u0433\u043e\u0440\u043e\u0434\u0430 \u0412\u044b\u0441\u043e\u043a\u0438\u0435 \u0422\u0430\u0442\u0440\u044b \u0441\u043e\u0441\u0442\u043e\u0438\u0442 \u0438\u0437 \u0442\u0430\u0442\u0440\u0430\u043d\u0441\u043a\u0438\u0445 \u043f\u043e\u0441\u0435\u043b\u0435\u043d\u0438\u0439 \u043e\u0442 \u0422\u0430\u0442\u0440\u0430\u043d\u0441\u043a\u043e\u0439 \u041a\u043e\u0442\u043b\u0438\u043d\u044b \u0434\u043e   \u041f\u043e\u043f\u0440\u0430\u0434\u0441\u043a\u043e\u0433\u043e \u041f\u043b\u0435\u0441\u043e. \u041d\u0435 \u0437\u0430\u0431\u0443\u0434\u044c\u0442\u0435 \u0443\u0442\u043e\u0447\u043d\u0438\u0442\u044c \u0443 \u0441\u0432\u043e\u0435\u0433\u043e \u043a\u0432\u0430\u0440\u0442\u0438\u0440\u044c\u0435\u0440\u0430, \u0437\u0430\u0440\u0435\u0433\u0438\u0441\u0442\u0440\u0438\u0440\u043e\u0432\u0430\u043d   \u043b\u0438 \u043e\u043d \u0434\u043b\u044f \u0443\u043f\u043b\u0430\u0442\u044b \u043d\u0430\u043b\u043e\u0433\u0430 \u0432 \u0433\u043e\u0440\u043e\u0434\u0435 \u0412\u044b\u0441\u043e\u043a\u0438\u0435 \u0422\u0430\u0442\u0440\u044b. <strong>\u0412\u041d\u0418\u041c\u0410\u041d\u0418\u0415! \u0428\u0442\u0440\u0431\u0441\u043a\u0435 \u041f\u043b\u0435\u0441\u043e \u043d\u0435 \u043e\u0442\u043d\u043e\u0441\u0438\u0442\u0441\u044f \u043a \u0433\u043e\u0440\u043e\u0434\u0443 \u0412\u044b\u0441\u043e\u043a\u0438\u0435 \u0422\u0430\u0442\u0440\u044b.<\/strong>   <\/p>\n\n\n\n<p>\u041a\u0430\u0436\u0434\u044b\u0439 \u043f\u043e\u0441\u0435\u0442\u0438\u0442\u0435\u043b\u044c, \u043e\u0441\u0442\u0430\u043d\u043e\u0432\u0438\u0432\u0448\u0438\u0439\u0441\u044f \u0432 \u0433\u043e\u0440\u043e\u0434\u0435 \u0412\u044b\u0441\u043e\u043a\u0438\u0435 \u0422\u0430\u0442\u0440\u044b \u0438 \u0437\u0430\u043f\u043b\u0430\u0442\u0438\u0432\u0448\u0438\u0439   \u043c\u0435\u0441\u0442\u043d\u044b\u0439 \u043d\u0430\u043b\u043e\u0433, \u0437\u0430\u0441\u0442\u0440\u0430\u0445\u043e\u0432\u0430\u043d \u043d\u0430 \u0441\u043b\u0443\u0447\u0430\u0439 \u0432\u043c\u0435\u0448\u0430\u0442\u0435\u043b\u044c\u0441\u0442\u0432\u0430 \u0413\u043e\u0440\u043d\u043e\u0441\u043f\u0430\u0441\u0430\u0442\u0435\u043b\u044c\u043d\u043e\u0439 \u0441\u043b\u0443\u0436\u0431\u044b.   <\/p>\n\n\n\n<p>\u0413\u043e\u0440\u043d\u0443\u044e \u0441\u0442\u0440\u0430\u0445\u043e\u0432\u043a\u0443 GENERALI \u043c\u043e\u0436\u043d\u043e   \u0442\u0430\u043a\u0436\u0435 \u043f\u0440\u0438\u043e\u0431\u0440\u0435\u0441\u0442\u0438 \u0432 \u0422\u0430\u0442\u0440\u0430\u043d\u0441\u043a\u0438\u0445 \u0438\u043d\u0444\u043e\u0440\u043c\u0430\u0446\u0438\u043e\u043d\u043d\u044b\u0445 \u0431\u044e\u0440\u043e    <\/p>\n\n\n\n<p><strong>\u041f\u043e\u0441\u0435\u0442\u0438\u0442\u0435 \u0422\u0430\u0442\u0440\u0430\u043d\u0441\u043a\u0438\u0435 \u0438\u043d\u0444\u043e\u0440\u043c\u0430\u0446\u0438\u043e\u043d\u043d\u044b\u0435 \u0431\u044e\u0440\u043e \u0432 \u0421\u0442\u0430\u0440\u043e\u043c \u0421\u043c\u043e\u043a\u043e\u0432\u0446\u0435 \u0438 \u0422\u0430\u0442\u0440\u0430\u043d\u0441\u043a\u043e\u0439 \u041b\u043e\u043c\u043d\u0438\u0446\u0435 \u0438\u043b\u0438 \u0422\u0443\u0440\u0438\u0441\u0442\u0438\u0447\u0435\u0441\u043a\u0438\u0439 \u0438\u043d\u0444\u043e\u0440\u043c\u0430\u0446\u0438\u043e\u043d\u043d\u044b\u0439 \u0446\u0435\u043d\u0442\u0440 \u043d\u0430 \u0428\u0442\u0440\u0431\u0441\u043a\u043e\u043c \u041f\u043b\u0435\u0441\u043e,<\/strong> \u0433\u0434\u0435 \u0441\u043e\u0442\u0440\u0443\u0434\u043d\u0438\u043a\u0438 \u043f\u043e\u0441\u043e\u0432\u0435\u0442\u0443\u044e\u0442, \u043a\u0430\u043a\u0443\u044e \u043d\u0430\u0438\u0431\u043e\u043b\u0435\u0435 \u0432\u044b\u0433\u043e\u0434\u043d\u0443\u044e \u0433\u043e\u0440\u043d\u0443\u044e \u0441\u0442\u0440\u0430\u0445\u043e\u0432\u043a\u0443 \u0412\u0430\u043c \u043f\u0440\u0438\u043e\u0431\u0440\u0435\u0441\u0442\u0438. \u0412\u044b \u043c\u043e\u0436\u0435\u0442\u0435 \u043e\u0444\u043e\u0440\u043c\u0438\u0442\u044c \u0441\u0442\u0440\u0430\u0445\u043e\u0432\u043a\u0443 \u043d\u0430 \u043e\u043f\u0440\u0435\u0434\u0435\u043b\u0451\u043d\u043d\u043e\u0435 \u043a\u043e\u043b\u0438\u0447\u0435\u0441\u0442\u0432\u043e \u0434\u043d\u0435\u0439 \u0438\u043b\u0438 \u043d\u0430 \u0432\u0435\u0441\u044c \u0433\u043e\u0434. <\/p>\n\n\n\n<p>\u0412\u044b \u0442\u0430\u043a\u0436\u0435 \u043c\u043e\u0436\u0435\u0442\u0435 \u043e\u0444\u043e\u0440\u043c\u0438\u0442\u044c \u0441\u0442\u0440\u0430\u0445\u043e\u0432\u043a\u0443 \u043f\u0440\u044f\u043c\u043e, \u043d\u0435 \u0432\u044b\u0445\u043e\u0434\u044f \u0438\u0437 \u0434\u043e\u043c\u0430, \u0432 \u0440\u0435\u0436\u0438\u043c\u0435 \u043e\u043d\u043b\u0430\u0439\u043d \u0432 \u043e\u0442\u0434\u0435\u043b\u044c\u043d\u044b\u0445 \u0441\u0442\u0440\u0430\u0445\u043e\u0432\u044b\u0445 \u043a\u043e\u043c\u043f\u0430\u043d\u0438\u044f\u0445, \u043d\u0430\u043f\u0440\u0438\u043c\u0435\u0440 (\u0441\u0441\u044b\u043b\u043a\u0430 \u043d\u0430 \u043e\u0442\u0434\u0435\u043b\u044c\u043d\u044b\u0435 \u0441\u0442\u0440\u0430\u0445\u043e\u0432\u044b\u0435 \u043a\u043e\u043c\u043f\u0430\u043d\u0438\u0438) <\/p>\n\n\n\n<ul class=\"wp-block-list\"><li><a rel=\"noreferrer noopener\" aria-label=\"UNION (otvor\u00ed sa v novej karte)\" href=\"https:\/\/www.union.sk\/\" target=\"_blank\">UNION<\/a> <\/li><li><a rel=\"noreferrer noopener\" aria-label=\"GENERALI (otvor\u00ed sa v novej karte)\" href=\"https:\/\/www.generali.sk\/\" target=\"_blank\">GENERALI<\/a> <\/li><li><a rel=\"noreferrer noopener\" aria-label=\"\u010cSOB - \u010ceskoslovensk\u00e1 obchodn\u00e1 banka, a.s. (otvor\u00ed sa v novej karte)\" href=\"https:\/\/www.csob.sk\/\" target=\"_blank\">\u010cSOB &#8212; \u010ceskoslovensk\u00e1 obchodn\u00e1 banka, a.s.<\/a><\/li><li><a rel=\"noreferrer noopener\" aria-label=\"ALLIANZ \u2013 Slovensk\u00e1 pois\u0165ov\u0148a (otvor\u00ed sa v novej karte)\" href=\"https:\/\/www.allianz.sk\/\" target=\"_blank\">ALLIANZ \u2013 Slovensk\u00e1 pois\u0165ov\u0148a<\/a> <\/li><li><a rel=\"noreferrer noopener\" aria-label=\"Poistenie.sk (otvor\u00ed sa v novej karte)\" href=\"https:\/\/www.poistenie.sk\/\" target=\"_blank\">Poistenie.sk<\/a><\/li><li><a rel=\"noreferrer noopener\" aria-label=\"Alpenverein Slovensko (otvor\u00ed sa v novej karte)\" href=\"https:\/\/alpenverein-slovensko.sk\/\" target=\"_blank\">Alpenverein Slovensko<\/a><\/li><li><\/li><\/ul>\n\n\n\n<p class=\"has-text-color has-vivid-red-color\"><br><strong>\u0411\u0435\u0437\u043e\u043f\u0430\u0441\u043d\u043e\u0441\u0442\u044c \u0432 \u0433\u043e\u0440\u0430\u0445 \u0438\u043c\u0435\u0435\u0442 \u043f\u0435\u0440\u0432\u043e\u0441\u0442\u0435\u043f\u0435\u043d\u043d\u043e\u0435 \u0437\u043d\u0430\u0447\u0435\u043d\u0438\u0435, \u043f\u043e\u044d\u0442\u043e\u043c\u0443 \u0431\u0435\u0437 \u043a\u043e\u043b\u0435\u0431\u0430\u043d\u0438\u0439   \u043e\u0444\u043e\u0440\u043c\u0438\u0442\u0435 \u0433\u043e\u0440\u043d\u0443\u044e \u0441\u0442\u0440\u0430\u0445\u043e\u0432\u043a\u0443 \u0434\u043b\u044f \u043f\u043e\u0441\u0435\u0449\u0435\u043d\u0438\u044f \u0433\u043e\u0440.   <\/strong><\/p>\n\n\n\n<div class=\"wp-block-image\"><figure class=\"alignright\"><img loading=\"lazy\" decoding=\"async\" width=\"225\" height=\"225\" src=\"https:\/\/regiontatry.sk\/wp-content\/uploads\/2022\/03\/HZS.jpeg\" alt=\"\" class=\"wp-image-7671062\" srcset=\"https:\/\/regiontatry.sk\/wp-content\/uploads\/2022\/03\/HZS.jpeg 225w, https:\/\/regiontatry.sk\/wp-content\/uploads\/2022\/03\/HZS-150x150.jpeg 150w\" sizes=\"(max-width: 225px) 100vw, 225px\" \/><\/figure><\/div>\n\n\n\n<h3 class=\"wp-block-heading\" style=\"text-align:left\"><strong>\u041f\u043e\u043c\u043d\u0438\u0442\u0435, \u0447\u0442\u043e \u0432 \u0441\u043b\u0443\u0447\u0430\u0435   \u043d\u0435\u0441\u0447\u0430\u0441\u0442\u043d\u043e\u0433\u043e \u0441\u043b\u0443\u0447\u0430\u044f \u0432 \u0433\u043e\u0440\u0430\u0445 \u043d\u0435\u043e\u0431\u0445\u043e\u0434\u0438\u043c\u043e \u0437\u0432\u043e\u043d\u0438\u0442\u044c \u043f\u043e \u0442\u0435\u043b\u0435\u0444\u043e\u043d\u0443 18 300. \u0412\u044b \u0442\u0430\u043a\u0436\u0435   \u043c\u043e\u0436\u0435\u0442\u0435 \u0432\u043e\u0441\u043f\u043e\u043b\u044c\u0437\u043e\u0432\u0430\u0442\u044c\u0441\u044f \u043c\u043e\u0431\u0438\u043b\u044c\u043d\u044b\u043c \u043f\u0440\u0438\u043b\u043e\u0436\u0435\u043d\u0438\u0435\u043c \u0413\u043e\u0440\u043d\u043e\u0441\u043f\u0430\u0441\u0430\u0442\u0435\u043b\u044c\u043d\u043e\u0439 \u0441\u043b\u0443\u0436\u0431\u044b,   \u043a\u043e\u0442\u043e\u0440\u043e\u0435 \u0442\u0430\u043a\u0436\u0435 \u043f\u043e\u0437\u0432\u043e\u043b\u0438\u0442 \u043e\u043f\u0440\u0435\u0434\u0435\u043b\u0438\u0442\u044c \u0412\u0430\u0448\u0435 \u043c\u0435\u0441\u0442\u043e\u043f\u043e\u043b\u043e\u0436\u0435\u043d\u0438\u0435.<\/strong>   <\/h3>\n\n\n\n<h2 class=\"wp-block-heading\"><a rel=\"noreferrer noopener\" aria-label=\"www.hzs.sk (otvor\u00ed sa v novej karte)\" href=\"https:\/\/www.hzs.sk\/\" target=\"_blank\">www.hzs.sk<\/a> | <a rel=\"noreferrer noopener\" aria-label=\"www.laviny.sk (otvor\u00ed sa v novej karte)\" href=\"https:\/\/www.laviny.sk\/\" target=\"_blank\">www.laviny.sk<\/a><\/h2>\n\n\n\n<h2 class=\"wp-block-heading\">\u0410\u0432\u0430\u0440\u0438\u0439\u043d\u0430\u044f \u043b\u0438\u043d\u0438\u044f HZS: <strong>18 300<\/strong><br><br><\/h2>\n","protected":false},"excerpt":{"rendered":"<p>\u0412 \u0433\u043e\u0440\u044b \u0431\u0435\u0437\u043e\u043f\u0430\u0441\u043d\u043e \u0441 \u0433\u043e\u0440\u043d\u044b\u043c \u0441\u0442\u0440\u0430\u0445\u043e\u0432\u0430\u043d\u0438\u0435\u043c. \u041e\u0442\u043f\u0440\u0430\u0432\u043b\u044f\u0439\u0442\u0435\u0441\u044c \u0432 \u043f\u043e\u0445\u043e\u0434 \u0432 \u0412\u044b\u0441\u043e\u043a\u0438\u0435 \u0422\u0430\u0442\u0440\u044b \u0441 \u0433\u043e\u0440\u043d\u044b\u043c \u0441\u0442\u0440\u0430\u0445\u043e\u0432\u0430\u043d\u0438\u0435\u043c \u043a\u0430\u043a \u0442\u0443\u0440\u0438\u0441\u0442-\u043b\u044e\u0431\u0438\u0442\u0435\u043b\u044c, \u0430\u043b\u044c\u043f\u0438\u043d\u0438\u0441\u0442, \u0441\u043a\u0438-\u0430\u043b\u044c\u043f\u0438\u043d\u0438\u0441\u0442 \u0438\u043b\u0438 \u0436\u0435 \u0441\u043f\u043e\u0440\u0442\u0441\u043c\u0435\u043d-\u044d\u043a\u0441\u0442\u0440\u0435\u043c\u0430\u043b. \u0421 \u0445\u043e\u0440\u043e\u0448\u043e \u043f\u043e\u0434\u043e\u0431\u0440\u0430\u043d\u043d\u043e\u0439 \u0433\u043e\u0440\u043d\u043e\u0439 \u0441\u0442\u0440\u0430\u0445\u043e\u0432\u043a\u043e\u0439 \u043d\u0438\u0447\u0442\u043e \u043d\u0435 \u0441\u043c\u043e\u0436\u0435\u0442 \u043d\u0435\u043f\u0440\u0438\u044f\u0442\u043d\u043e \u0443\u0434\u0438\u0432\u0438\u0442\u044c \u0412\u0430\u0441 \u0432 \u043f\u043e\u0445\u043e\u0434\u0435. \u041e\u0444\u043e\u0440\u043c\u0438\u0442\u0435 \u0433\u043e\u0440\u043d\u0443\u044e \u0441\u0442\u0440\u0430\u0445\u043e\u0432\u043a\u0443, \u0447\u0442\u043e\u0431\u044b \u0437\u0430\u0449\u0438\u0442\u0438\u0442\u044c \u0441\u0435\u0431\u044f \u043e\u0442 \u043d\u0435\u043f\u0440\u0435\u0434\u0432\u0438\u0434\u0435\u043d\u043d\u044b\u0445 \u0441\u043e\u0431\u044b\u0442\u0438\u0439 \u0438 \u0442\u0440\u0430\u0432\u043c. \u0421\u0442\u0440\u0430\u0445\u043e\u0432\u044b\u0435 \u043a\u043e\u043c\u043f\u0430\u043d\u0438\u0438 \u0440\u0430\u0437\u0434\u0435\u043b\u044f\u044e\u0442 \u0433\u043e\u0440\u043d\u043e\u0435 \u0441\u0442\u0440\u0430\u0445\u043e\u0432\u0430\u043d\u0438\u0435 \u043d\u0430 2 \u043a\u0430\u0442\u0435\u0433\u043e\u0440\u0438\u0438: &#8212; [&hellip;]<\/p>\n","protected":false},"author":2,"featured_media":9230136,"parent":9239386,"menu_order":0,"comment_status":"closed","ping_status":"closed","template":"template-list.php","meta":{"footnotes":""},"class_list":["post-9230135","page","type-page","status-publish","has-post-thumbnail","hentry"],"_links":{"self":[{"href":"https:\/\/regiontatry.sk\/ru\/wp-json\/wp\/v2\/pages\/9230135"}],"collection":[{"href":"https:\/\/regiontatry.sk\/ru\/wp-json\/wp\/v2\/pages"}],"about":[{"href":"https:\/\/regiontatry.sk\/ru\/wp-json\/wp\/v2\/types\/page"}],"author":[{"embeddable":true,"href":"https:\/\/regiontatry.sk\/ru\/wp-json\/wp\/v2\/users\/2"}],"replies":[{"embeddable":true,"href":"https:\/\/regiontatry.sk\/ru\/wp-json\/wp\/v2\/comments?post=9230135"}],"version-history":[{"count":1,"href":"https:\/\/regiontatry.sk\/ru\/wp-json\/wp\/v2\/pages\/9230135\/revisions"}],"predecessor-version":[{"id":9230137,"href":"https:\/\/regiontatry.sk\/ru\/wp-json\/wp\/v2\/pages\/9230135\/revisions\/9230137"}],"up":[{"embeddable":true,"href":"https:\/\/regiontatry.sk\/ru\/wp-json\/wp\/v2\/pages\/9239386"}],"wp:featuredmedia":[{"embeddable":true,"href":"https:\/\/regiontatry.sk\/ru\/wp-json\/wp\/v2\/media\/9230136"}],"wp:attachment":[{"href":"https:\/\/regiontatry.sk\/ru\/wp-json\/wp\/v2\/media?parent=9230135"}],"curies":[{"name":"wp","href":"https:\/\/api.w.org\/{rel}","templated":true}]}}