{"id":9230167,"date":"2018-09-07T11:27:30","date_gmt":"2018-09-07T09:27:30","guid":{"rendered":"https:\/\/regiontatry.sk\/transport-in-muntii-tatra\/"},"modified":"2023-09-04T23:24:27","modified_gmt":"2023-09-04T21:24:27","slug":"%d1%82%d1%80%d0%b0%d0%bd%d1%81%d0%bf%d0%be%d1%80%d1%82-%d0%b2-%d0%b2%d1%8b%d1%81%d0%be%d0%ba%d0%b8%d1%85-%d1%82%d0%b0%d1%82%d1%80%d0%b0%d1%85","status":"publish","type":"page","link":"https:\/\/regiontatry.sk\/ru\/%d1%82%d1%83%d1%80%d0%b8%d1%81%d1%82%d0%b8%d1%87%d0%b5%d1%81%d0%ba%d0%b0%d1%8f-%d0%b8%d0%bd%d1%84%d0%be%d1%80%d0%bc%d0%b0%d1%86%d0%b8%d1%8f\/%d1%82%d1%80%d0%b0%d0%bd%d1%81%d0%bf%d0%be%d1%80%d1%82-%d0%b2-%d0%b2%d1%8b%d1%81%d0%be%d0%ba%d0%b8%d1%85-%d1%82%d0%b0%d1%82%d1%80%d0%b0%d1%85\/","title":{"rendered":"\u0422\u0420\u0410\u041d\u0421\u041f\u041e\u0420\u0422 \u0412 \u0412\u042b\u0421\u041e\u041a\u0418\u0425 \u0422\u0410\u0422\u0420\u0410\u0425"},"content":{"rendered":"\n<p>\u0420\u0435\u0433\u0438\u043e\u043d \u0438\u043c\u0435\u0435\u0442 \u0440\u0430\u0437\u0432\u0438\u0442\u044b\u0439 \u043c\u0435\u0441\u0442\u043d\u044b\u0439   \u0442\u0440\u0430\u043d\u0441\u043f\u043e\u0440\u0442 \u0431\u043b\u0430\u0433\u043e\u0434\u0430\u0440\u044f \u044d\u043a\u043e\u043b\u043e\u0433\u0438\u0447\u0435\u0441\u043a\u0438\u043c \u043f\u043e\u0435\u0437\u0434\u0430\u043c \u0438 \u0430\u0432\u0442\u043e\u0431\u0443\u0441\u0430\u043c. \u0427\u0442\u043e\u0431\u044b \u0434\u043e\u0431\u0440\u0430\u0442\u044c\u0441\u044f \u0434\u043e   \u0433\u043e\u0440\u043d\u043e\u043b\u044b\u0436\u043d\u044b\u0445 \u0446\u0435\u043d\u0442\u0440\u043e\u0432, \u043c\u043e\u0436\u043d\u043e \u0432\u043e\u0441\u043f\u043e\u043b\u044c\u0437\u043e\u0432\u0430\u0442\u044c\u0441\u044f \u0422\u0430\u0442\u0440\u0430\u043d\u0441\u043a\u043e\u0439 \u044d\u043b\u0435\u043a\u0442\u0440\u0438\u0447\u0435\u0441\u043a\u043e\u0439 \u0436\u0435\u043b\u0435\u0437\u043d\u043e\u0439   \u0434\u043e\u0440\u043e\u0433\u043e\u0439 \u0438\u043b\u0438 \u0430\u0432\u0442\u043e\u0431\u0443\u0441\u043e\u043c \u0438\u0437 \u041f\u043e\u043f\u0440\u0430\u0434\u0430 \u0438\u043b\u0438 \u0437\u0443\u0431\u0447\u0430\u0442\u043e\u0439 \u0436\u0435\u043b\u0435\u0437\u043d\u043e\u0439 \u0434\u043e\u0440\u043e\u0433\u043e\u0439 \u0438\u0437 \u0422\u0430\u0442\u0440\u0430\u043d\u0441\u043a\u043e\u0439   \u0428\u0442\u0440\u0431\u044b, \u0433\u0434\u0435 \u0442\u0430\u043a\u0436\u0435 \u043d\u0430\u0445\u043e\u0434\u0438\u0442\u0441\u044f \u0441\u0442\u0430\u043d\u0446\u0438\u044f \u0441\u043a\u043e\u0440\u043e\u0441\u0442\u043d\u044b\u0445 \u043f\u043e\u0435\u0437\u0434\u043e\u0432.   <\/p>\n\n\n\n<p>\u041f\u0435\u0440\u0435\u0432\u043e\u0437\u043a\u0443   \u043f\u0430\u0441\u0441\u0430\u0436\u0438\u0440\u043e\u0432 \u0432 \u0412\u044b\u0441\u043e\u043a\u0438\u0445 \u0422\u0430\u0442\u0440\u0430\u0445 \u043e\u0431\u0435\u0441\u043f\u0435\u0447\u0438\u0432\u0430\u044e\u0442 \u0434\u0432\u0435 \u043e\u0441\u043d\u043e\u0432\u043d\u044b\u0435 \u0442\u0440\u0430\u043d\u0441\u043f\u043e\u0440\u0442\u043d\u044b\u0435 \u0441\u0438\u0441\u0442\u0435\u043c\u044b &#8212; <strong>\u0422\u0430\u0442\u0440\u0430\u043d\u0441\u043a\u0430\u044f \u044d\u043b\u0435\u043a\u0442\u0440\u0438\u0447\u0435\u0441\u043a\u0430\u044f \u0436\u0435\u043b\u0435\u0437\u043d\u0430\u044f \u0434\u043e\u0440\u043e\u0433\u0430   (\u0422\u042d\u0416\u0414) <\/strong>\u0438 <strong>\u0437\u0443\u0431\u0447\u0430\u0442\u0430\u044f \u0436\u0435\u043b\u0435\u0437\u043d\u0430\u044f \u0434\u043e\u0440\u043e\u0433\u0430   (\u0417\u0416\u0414)<\/strong>, \u043a\u043e\u0442\u043e\u0440\u044b\u0435 \u0441\u043e\u0435\u0434\u0438\u043d\u044f\u044e\u0442 \u0433\u043b\u0430\u0432\u043d\u044b\u0435 \u0446\u0435\u043d\u0442\u0440\u044b \u0412\u044b\u0441\u043e\u043a\u0438\u0445 \u0422\u0430\u0442\u0440.   <\/p>\n\n\n\n<h3 class=\"wp-block-heading\"><br><strong>\u0417\u0443\u0431\u0447\u0430\u0442\u0430\u044f \u0436\u0435\u043b\u0435\u0437\u043d\u0430\u044f \u0434\u043e\u0440\u043e\u0433\u0430 &#8212;   &#171;\u0417\u0443\u0431\u0430\u0447\u043a\u0430&#187;<\/strong> (TE\u017d)<\/h3>\n\n\n\n<p>\u041e\u043d\u0430 \u043f\u0435\u0440\u0435\u0432\u043e\u0437\u0438\u0442 \u043f\u0430\u0441\u0441\u0430\u0436\u0438\u0440\u043e\u0432 \u043c\u0435\u0436\u0434\u0443 \u0441\u0442\u0430\u043d\u0446\u0438\u044f\u043c\u0438 \u0428\u0442\u0440\u0431\u0430 \u0438 \u0428\u0442\u0440\u0431\u0441\u043a\u0435 \u041f\u043b\u0435\u0441\u043e \u0438 \u044f\u0432\u043b\u044f\u0435\u0442\u0441\u044f   \u0432\u0430\u0436\u043d\u043e\u0439 \u0442\u0443\u0440\u0438\u0441\u0442\u0438\u0447\u0435\u0441\u043a\u043e\u0439 \u043e\u0442\u043f\u0440\u0430\u0432\u043d\u043e\u0439 \u0442\u043e\u0447\u043a\u043e\u0439 \u0432 \u0412\u044b\u0441\u043e\u043a\u0438\u0435 \u0422\u0430\u0442\u0440\u044b. \u042d\u0442\u043e \u0436\u0435\u043b\u0435\u0437\u043d\u0430\u044f \u0434\u043e\u0440\u043e\u0433\u0430, \u0432   \u043a\u043e\u0442\u043e\u0440\u043e\u0439 \u043f\u0435\u0440\u0435\u0434\u0430\u0447\u0430 \u0442\u044f\u0433\u043e\u0432\u043e\u0433\u043e \u0443\u0441\u0438\u043b\u0438\u044f \u043e\u0431\u0435\u0441\u043f\u0435\u0447\u0438\u0432\u0430\u0435\u0442\u0441\u044f \u0437\u0443\u0431\u0447\u0430\u0442\u044b\u043c \u043a\u043e\u043b\u0435\u0441\u043e\u043c, \u0432\u0445\u043e\u0434\u044f\u0449\u0438\u043c \u0432   \u0437\u0430\u0446\u0435\u043f\u043b\u0435\u043d\u0438\u0435 \u0441 \u0437\u0443\u0431\u0447\u0430\u0442\u044b\u043c \u0433\u0440\u0435\u0431\u043d\u0435\u043c \u043f\u043e \u043e\u0441\u0438 \u043f\u0443\u0442\u0438. \u041f\u0443\u0442\u044c \u0437\u0443\u0431\u0447\u0430\u0442\u043e\u0439 \u0436\u0435\u043b\u0435\u0437\u043d\u043e\u0439 \u0434\u043e\u0440\u043e\u0433\u0438 \u0431\u044b\u043b   \u0440\u0435\u043a\u043e\u043d\u0441\u0442\u0440\u0443\u0438\u0440\u043e\u0432\u0430\u043d \u0432 2019-2022 \u0433\u043e\u0434\u0430\u0445, \u0430 \u0441\u0442\u0430\u0440\u044b\u0435 \u0437\u0443\u0431\u0447\u0430\u0442\u044b\u0435 \u0436\u0435\u043b\u0435\u0437\u043d\u043e\u0434\u043e\u0440\u043e\u0436\u043d\u044b\u0435 \u0432\u0430\u0433\u043e\u043d\u044b   \u043f\u043e\u0441\u043b\u0435 50 \u043b\u0435\u0442 \u044d\u043a\u0441\u043f\u043b\u0443\u0430\u0442\u0430\u0446\u0438\u0438 \u0431\u044b\u043b\u0438 \u0437\u0430\u043c\u0435\u043d\u0435\u043d\u044b \u043d\u043e\u0432\u044b\u043c\u0438 \u0433\u0438\u0431\u0440\u0438\u0434\u043d\u044b\u043c\u0438 \u0442\u0440\u0430\u043c\u0432\u0430\u0439\u043d\u043e-\u0437\u0443\u0431\u0447\u0430\u0442\u044b\u043c\u0438   \u0432\u0430\u0433\u043e\u043d\u0430\u043c\u0438 (\u0411\u0440\u0430\u0434\u0430\u0432\u0438\u0446\u0430, \u0412\u044b\u0441\u043e\u043a\u0430, \u0421\u0442\u0440\u0435\u0434\u043e\u0433\u0440\u043e\u0442, \u041a\u043e\u0441\u0442\u043e\u043b\u0438\u043a, \u0413\u0430\u043d\u0435\u043a), \u043a\u043e\u0442\u043e\u0440\u044b\u0435, \u043f\u043e\u043c\u0438\u043c\u043e \u0417\u0416\u0414,   \u043c\u043e\u0433\u0443\u0442 \u043a\u0443\u0440\u0441\u0438\u0440\u043e\u0432\u0430\u0442\u044c \u0438 \u043f\u043e \u043b\u0438\u043d\u0438\u0438 \u0442\u0430\u0442\u0440\u0430\u043d\u0441\u043a\u0438\u0445 \u044d\u043b\u0435\u043a\u0442\u0440\u0438\u0447\u0435\u0441\u043a\u0438\u0445 \u0436\u0435\u043b\u0435\u0437\u043d\u044b\u0445 \u0434\u043e\u0440\u043e\u0433.   <\/p>\n\n\n\n<h3 class=\"wp-block-heading\"><br><strong>\u0417\u0443\u0431\u0447\u0430\u0442\u0430\u044f \u0436\u0435\u043b\u0435\u0437\u043d\u0430\u044f \u0434\u043e\u0440\u043e\u0433\u0430 &#8212;   &#171;\u0417\u0443\u0431\u0430\u0447\u043a\u0430&#187;<\/strong>   <strong> (O\u017d) \u2013 \u201eZuba\u010dka\u201c <\/strong><\/h3>\n\n\n\n<p>\u041e\u043d\u0430 \u043f\u0435\u0440\u0435\u0432\u043e\u0437\u0438\u0442 \u043f\u0430\u0441\u0441\u0430\u0436\u0438\u0440\u043e\u0432 \u043c\u0435\u0436\u0434\u0443 \u0441\u0442\u0430\u043d\u0446\u0438\u044f\u043c\u0438 \u0428\u0442\u0440\u0431\u0430 \u0438 \u0428\u0442\u0440\u0431\u0441\u043a\u0435 \u041f\u043b\u0435\u0441\u043e \u0438 \u044f\u0432\u043b\u044f\u0435\u0442\u0441\u044f   \u0432\u0430\u0436\u043d\u043e\u0439 \u0442\u0443\u0440\u0438\u0441\u0442\u0438\u0447\u0435\u0441\u043a\u043e\u0439 \u043e\u0442\u043f\u0440\u0430\u0432\u043d\u043e\u0439 \u0442\u043e\u0447\u043a\u043e\u0439 \u0432 \u0412\u044b\u0441\u043e\u043a\u0438\u0435 \u0422\u0430\u0442\u0440\u044b. \u042d\u0442\u043e \u0436\u0435\u043b\u0435\u0437\u043d\u0430\u044f \u0434\u043e\u0440\u043e\u0433\u0430, \u0432   \u043a\u043e\u0442\u043e\u0440\u043e\u0439 \u043f\u0435\u0440\u0435\u0434\u0430\u0447\u0430 \u0442\u044f\u0433\u043e\u0432\u043e\u0433\u043e \u0443\u0441\u0438\u043b\u0438\u044f \u043e\u0431\u0435\u0441\u043f\u0435\u0447\u0438\u0432\u0430\u0435\u0442\u0441\u044f \u0437\u0443\u0431\u0447\u0430\u0442\u044b\u043c \u043a\u043e\u043b\u0435\u0441\u043e\u043c, \u0432\u0445\u043e\u0434\u044f\u0449\u0438\u043c \u0432   \u0437\u0430\u0446\u0435\u043f\u043b\u0435\u043d\u0438\u0435 \u0441 \u0437\u0443\u0431\u0447\u0430\u0442\u044b\u043c \u0433\u0440\u0435\u0431\u043d\u0435\u043c \u043f\u043e \u043e\u0441\u0438 \u043f\u0443\u0442\u0438. \u041f\u0443\u0442\u044c \u0437\u0443\u0431\u0447\u0430\u0442\u043e\u0439 \u0436\u0435\u043b\u0435\u0437\u043d\u043e\u0439 \u0434\u043e\u0440\u043e\u0433\u0438 \u0431\u044b\u043b   \u0440\u0435\u043a\u043e\u043d\u0441\u0442\u0440\u0443\u0438\u0440\u043e\u0432\u0430\u043d \u0432 2019-2022 \u0433\u043e\u0434\u0430\u0445, \u0430 \u0441\u0442\u0430\u0440\u044b\u0435 \u0437\u0443\u0431\u0447\u0430\u0442\u044b\u0435 \u0436\u0435\u043b\u0435\u0437\u043d\u043e\u0434\u043e\u0440\u043e\u0436\u043d\u044b\u0435 \u0432\u0430\u0433\u043e\u043d\u044b   \u043f\u043e\u0441\u043b\u0435 50 \u043b\u0435\u0442 \u044d\u043a\u0441\u043f\u043b\u0443\u0430\u0442\u0430\u0446\u0438\u0438 \u0431\u044b\u043b\u0438 \u0437\u0430\u043c\u0435\u043d\u0435\u043d\u044b \u043d\u043e\u0432\u044b\u043c\u0438 \u0433\u0438\u0431\u0440\u0438\u0434\u043d\u044b\u043c\u0438 \u0442\u0440\u0430\u043c\u0432\u0430\u0439\u043d\u043e-\u0437\u0443\u0431\u0447\u0430\u0442\u044b\u043c\u0438   \u0432\u0430\u0433\u043e\u043d\u0430\u043c\u0438 (\u0411\u0440\u0430\u0434\u0430\u0432\u0438\u0446\u0430, \u0412\u044b\u0441\u043e\u043a\u0430, \u0421\u0442\u0440\u0435\u0434\u043e\u0433\u0440\u043e\u0442, \u041a\u043e\u0441\u0442\u043e\u043b\u0438\u043a, \u0413\u0430\u043d\u0435\u043a), \u043a\u043e\u0442\u043e\u0440\u044b\u0435, \u043f\u043e\u043c\u0438\u043c\u043e \u0417\u0416\u0414,   \u043c\u043e\u0433\u0443\u0442 \u043a\u0443\u0440\u0441\u0438\u0440\u043e\u0432\u0430\u0442\u044c \u0438 \u043f\u043e \u043b\u0438\u043d\u0438\u0438 \u0442\u0430\u0442\u0440\u0430\u043d\u0441\u043a\u0438\u0445 \u044d\u043b\u0435\u043a\u0442\u0440\u0438\u0447\u0435\u0441\u043a\u0438\u0445 \u0436\u0435\u043b\u0435\u0437\u043d\u044b\u0445 \u0434\u043e\u0440\u043e\u0433.   <\/p>\n\n\n\n<figure class=\"wp-block-image\"><img loading=\"lazy\" decoding=\"async\" width=\"1024\" height=\"640\" src=\"https:\/\/regiontatry.sk\/wp-content\/uploads\/2022\/04\/Strbske-pleso-elektricka-1024x640.jpg\" alt=\"\" class=\"wp-image-7908843\" srcset=\"https:\/\/regiontatry.sk\/wp-content\/uploads\/2022\/04\/Strbske-pleso-elektricka-1024x640.jpg 1024w, https:\/\/regiontatry.sk\/wp-content\/uploads\/2022\/04\/Strbske-pleso-elektricka-300x188.jpg 300w, https:\/\/regiontatry.sk\/wp-content\/uploads\/2022\/04\/Strbske-pleso-elektricka-768x480.jpg 768w, https:\/\/regiontatry.sk\/wp-content\/uploads\/2022\/04\/Strbske-pleso-elektricka.jpg 1920w, https:\/\/regiontatry.sk\/wp-content\/uploads\/2022\/04\/Strbske-pleso-elektricka-1705x1066.jpg 1705w, https:\/\/regiontatry.sk\/wp-content\/uploads\/2022\/04\/Strbske-pleso-elektricka-698x436.jpg 698w, https:\/\/regiontatry.sk\/wp-content\/uploads\/2022\/04\/Strbske-pleso-elektricka-552x345.jpg 552w\" sizes=\"(max-width: 1024px) 100vw, 1024px\" \/><\/figure>\n\n\n\n<figure class=\"wp-block-image\"><img loading=\"lazy\" decoding=\"async\" width=\"1024\" height=\"1024\" src=\"https:\/\/regiontatry.sk\/wp-content\/uploads\/2022\/03\/Mapa-TEZ_200x210_s-tabulkou_dec2021-1024x1024.png\" alt=\"\" class=\"wp-image-7877812\" srcset=\"https:\/\/regiontatry.sk\/wp-content\/uploads\/2022\/03\/Mapa-TEZ_200x210_s-tabulkou_dec2021-1024x1024.png 1024w, https:\/\/regiontatry.sk\/wp-content\/uploads\/2022\/03\/Mapa-TEZ_200x210_s-tabulkou_dec2021-150x150.png 150w, https:\/\/regiontatry.sk\/wp-content\/uploads\/2022\/03\/Mapa-TEZ_200x210_s-tabulkou_dec2021-300x300.png 300w, https:\/\/regiontatry.sk\/wp-content\/uploads\/2022\/03\/Mapa-TEZ_200x210_s-tabulkou_dec2021-768x768.png 768w, https:\/\/regiontatry.sk\/wp-content\/uploads\/2022\/03\/Mapa-TEZ_200x210_s-tabulkou_dec2021-1920x1920.png 1920w, https:\/\/regiontatry.sk\/wp-content\/uploads\/2022\/03\/Mapa-TEZ_200x210_s-tabulkou_dec2021-1705x1705.png 1705w, https:\/\/regiontatry.sk\/wp-content\/uploads\/2022\/03\/Mapa-TEZ_200x210_s-tabulkou_dec2021-698x698.png 698w, https:\/\/regiontatry.sk\/wp-content\/uploads\/2022\/03\/Mapa-TEZ_200x210_s-tabulkou_dec2021-552x552.png 552w\" sizes=\"(max-width: 1024px) 100vw, 1024px\" \/><\/figure>\n\n\n\n<p>\u0411\u043e\u043b\u044c\u0448\u0435 \u0438\u043d\u0444\u043e\u0440\u043c\u0430\u0446\u0438\u0438<a rel=\"noreferrer noopener\" href=\"http:\/\/www.slovakrail.sk\/\" target=\"_blank\"><strong>www.slovakrail.sk<\/strong><\/a><br><\/p>\n\n\n\n<h3 class=\"wp-block-heading\"><br>\u041f\u043e\u0435\u0437\u0434\u043a\u0438 \u043d\u0430 \u0438\u0441\u0442\u043e\u0440\u0438\u0447\u0435\u0441\u043a\u0438\u0445 \u0442\u0440\u0430\u043c\u0432\u0430\u044f\u0445 \u0432 \u0412\u044b\u0441\u043e\u043a\u0438\u0445 \u0422\u0430\u0442\u0440\u0430\u0445<\/h3>\n\n\n\n<p>Plimbarea cu tramvaiele istorice sub v\u00e2rfurile \u00eenal\u021bilor Tatra este o experien\u021b\u0103 excep\u021bional\u0103. \u00cen timpul sezonului de var\u0103 \u0219i iarn\u0103, dou\u0103 tramvaie istorice &#8212; Kom\u00e9ta din 1913 \u0219i Troj\u010da din 1969 &#8212; opereaz\u0103 pe liniile TE\u017d \u00een zilele stabilite.<\/p>\n\n\n\n<figure class=\"wp-block-image\"><img loading=\"lazy\" decoding=\"async\" width=\"1024\" height=\"681\" src=\"https:\/\/regiontatry.sk\/wp-content\/uploads\/2022\/04\/PSX_20180922_151641-1024x681.jpg\" alt=\"\" class=\"wp-image-7908849\" srcset=\"https:\/\/regiontatry.sk\/wp-content\/uploads\/2022\/04\/PSX_20180922_151641-1024x681.jpg 1024w, https:\/\/regiontatry.sk\/wp-content\/uploads\/2022\/04\/PSX_20180922_151641-300x199.jpg 300w, https:\/\/regiontatry.sk\/wp-content\/uploads\/2022\/04\/PSX_20180922_151641-768x511.jpg 768w, https:\/\/regiontatry.sk\/wp-content\/uploads\/2022\/04\/PSX_20180922_151641-1920x1277.jpg 1920w, https:\/\/regiontatry.sk\/wp-content\/uploads\/2022\/04\/PSX_20180922_151641-1705x1134.jpg 1705w, https:\/\/regiontatry.sk\/wp-content\/uploads\/2022\/04\/PSX_20180922_151641-698x464.jpg 698w, https:\/\/regiontatry.sk\/wp-content\/uploads\/2022\/04\/PSX_20180922_151641-552x367.jpg 552w\" sizes=\"(max-width: 1024px) 100vw, 1024px\" \/><\/figure>\n\n\n\n<h3 class=\"wp-block-heading\"><br><strong>Serviciul slovac de transport cu autobuzul SAD POPRAD <\/strong><\/h3>\n\n\n<p style=\"text-align: left;\">Transportul cu autobuzul \u00een regiunea de sub Mun\u021bii Tatra (Poprad, Tatry, Svit, Ke\u017emarok, Levo\u010da) este asigurat de Serviciul slovac de transport cu autobuzul (Slovensk\u00e1 autobusov\u00e1 doprava) Poprad. <img loading=\"lazy\" decoding=\"async\" class=\"alignright wp-image-7877818\" src=\"https:\/\/regiontatry.sk\/wp-content\/uploads\/2022\/03\/tatraexpress-transparent-160x100.png\" alt=\"\" width=\"256\" height=\"160\"><\/p>\n<p style=\"text-align: left;\">Parcul auto este format din aproape 180 de autobuze marcate &#171;TATRA EXPRESS&#187;, care asigur\u0103 transportul regulat cu autobuzul, \u00een principal \u00een transportul suburban, pentru regiunea autonom\u0103 Pre\u0161ov.<\/p>\n<p><!-- \/wp:image --><\/p>\n<p><!-- wp:paragraph --><\/p>\n<p><\/p>\n<p>Toate programele de circula\u021bie pot fi g\u0103site <a href=\"https:\/\/cp.hnonline.sk\/vlakbusmhd\/spojenie\/\" target=\"_blank\" rel=\"noreferrer noopener\" class=\"broken_link\"><strong>AICI<\/strong><\/a>!<\/p>\n<p><\/p>\n<h3>SKIBUS<\/h3>\n<p><!-- \/wp:paragraph --><\/p>\n<p><!-- wp:heading {\"level\":3} --><\/p>\n<h3><strong>\u0410\u0432\u0442\u043e\u0431\u0443\u0441 Tatra Aqua-Ski &#8212; \u043a\u043e\u043c\u0444\u043e\u0440\u0442\u043d\u043e \u0437\u0430 \u0432\u043f\u0435\u0447\u0430\u0442\u043b\u0435\u043d\u0438\u044f\u043c\u0438<\/strong><\/h3>\n<p><!-- \/wp:heading --><\/p>\n<p><!-- wp:paragraph --><\/p>\n<table width=\"669\">\n<tbody>\n<tr>\n<td width=\"340\">\n<p>\u0412 \u0437\u0438\u043c\u043d\u0438\u0439 \u0441\u0435\u0437\u043e\u043d \u0434\u043b\u044f \u043f\u043e\u0441\u0435\u0442\u0438\u0442\u0435\u043b\u0435\u0439 \u0438 \u043b\u044b\u0436\u043d\u0438\u043a\u043e\u0432 \u0440\u0430\u0431\u043e\u0442\u0430\u0435\u0442 \u0440\u0435\u0433\u0438\u043e\u043d\u0430\u043b\u044c\u043d\u044b\u0439 \u0442\u0440\u0430\u043d\u0441\u043f\u043e\u0440\u0442 SKI &amp; AQUA BUS, \u043a\u043e\u0442\u043e\u0440\u044b\u0439 \u0441 \u043a\u043e\u043c\u0444\u043e\u0440\u0442\u043e\u043c \u0438 \u0431\u0435\u0441\u043f\u043b\u0430\u0442\u043d\u043e \u0434\u043e\u0441\u0442\u0430\u0432\u0438\u0442 \u0412\u0430\u0441 \u043d\u0430 \u0433\u043e\u0440\u043d\u043e\u043b\u044b\u0436\u043d\u044b\u0435 \u043a\u0443\u0440\u043e\u0440\u0442\u044b \u0422\u0430\u0442\u0440\u0430\u043d\u0441\u043a\u0430 \u041b\u043e\u043c\u043d\u0438\u0446\u0430, \u0421\u0442\u0430\u0440\u044b\u0439 \u0421\u043c\u043e\u043a\u043e\u0432\u0435\u0446 \u0438 \u0428\u0442\u0440\u0431\u0441\u043a\u0435 \u041f\u043b\u0435\u0441\u043e.<\/p>\n<\/td>\n<\/tr>\n<\/tbody>\n<\/table>\n<p><!-- \/wp:paragraph --><\/p>\n<p><!-- wp:image {\"id\":7172262} --><\/p>\n<figure class=\"wp-block-image\"><img loading=\"lazy\" decoding=\"async\" width=\"1024\" height=\"466\" class=\"wp-image-7172262\" src=\"https:\/\/regiontatry.sk\/wp-content\/uploads\/2021\/12\/Aqua_Ski_Bus_webbaner_1605x730px-1024x466.jpg\" alt=\"\" srcset=\"https:\/\/regiontatry.sk\/wp-content\/uploads\/2021\/12\/Aqua_Ski_Bus_webbaner_1605x730px-1024x466.jpg 1024w, https:\/\/regiontatry.sk\/wp-content\/uploads\/2021\/12\/Aqua_Ski_Bus_webbaner_1605x730px-300x136.jpg 300w, https:\/\/regiontatry.sk\/wp-content\/uploads\/2021\/12\/Aqua_Ski_Bus_webbaner_1605x730px-768x349.jpg 768w, https:\/\/regiontatry.sk\/wp-content\/uploads\/2021\/12\/Aqua_Ski_Bus_webbaner_1605x730px-698x317.jpg 698w, https:\/\/regiontatry.sk\/wp-content\/uploads\/2021\/12\/Aqua_Ski_Bus_webbaner_1605x730px-552x251.jpg 552w, https:\/\/regiontatry.sk\/wp-content\/uploads\/2021\/12\/Aqua_Ski_Bus_webbaner_1605x730px.jpg 1605w\" sizes=\"(max-width: 1024px) 100vw, 1024px\" \/><\/figure>\n<p><!-- \/wp:image --><\/p>\n<p><!-- wp:heading {\"level\":3} --><\/p>\n<h3>\u0423\u0421\u041b\u0423\u0413\u0418 \u0422\u0410\u041a\u0421\u0418<\/h3>\n<p><!-- \/wp:heading --><\/p>\n<p><!-- wp:paragraph --><\/p>\n<p>\u0415\u0441\u043b\u0438 \u0432\u044b \u0440\u0435\u0448\u0438\u043b\u0438 \u0432\u043e\u0441\u043f\u043e\u043b\u044c\u0437\u043e\u0432\u0430\u0442\u044c\u0441\u044f \u0438\u043d\u0434\u0438\u0432\u0438\u0434\u0443\u0430\u043b\u044c\u043d\u044b\u043c \u0442\u0440\u0430\u043d\u0441\u043f\u043e\u0440\u0442\u043e\u043c, \u043d\u043e \u043d\u0435 \u0438\u043c\u0435\u0435\u0442\u0435 \u0441\u0432\u043e\u0435\u0433\u043e \u0430\u0432\u0442\u043e\u043c\u043e\u0431\u0438\u043b\u044f, \u0432\u043e\u0441\u043f\u043e\u043b\u044c\u0437\u0443\u0439\u0442\u0435\u0441\u044c \u0441\u043b\u0443\u0436\u0431\u043e\u0439 \u0442\u0430\u043a\u0441\u0438 \u0438\u043b\u0438 \u043a\u043e\u043c\u043f\u0430\u043d\u0438\u0435\u0439 \u043f\u043e \u043f\u0440\u043e\u043a\u0430\u0442\u0443 \u0430\u0432\u0442\u043e\u043c\u043e\u0431\u0438\u043b\u0435\u0439. \u041d\u0430\u0441\u043b\u0430\u0436\u0434\u0430\u0439\u0442\u0435\u0441\u044c \u043a\u043e\u043c\u0444\u043e\u0440\u0442\u043e\u043c \u0432\u0441\u0435\u0445 \u043f\u0440\u0435\u0434\u043b\u0430\u0433\u0430\u0435\u043c\u044b\u0445 \u0443\u0441\u043b\u0443\u0433 \u0438 \u0441\u0442\u0430\u043d\u044c\u0442\u0435 \u0445\u043e\u0437\u044f\u0438\u043d\u043e\u043c \u0441\u0432\u043e\u0435\u0433\u043e \u0432\u0440\u0435\u043c\u0435\u043d\u0438.<\/p>\n<p><!-- \/wp:paragraph --><\/p>","protected":false},"excerpt":{"rendered":"<p>\u0420\u0435\u0433\u0438\u043e\u043d \u0438\u043c\u0435\u0435\u0442 \u0440\u0430\u0437\u0432\u0438\u0442\u044b\u0439 \u043c\u0435\u0441\u0442\u043d\u044b\u0439 \u0442\u0440\u0430\u043d\u0441\u043f\u043e\u0440\u0442 \u0431\u043b\u0430\u0433\u043e\u0434\u0430\u0440\u044f \u044d\u043a\u043e\u043b\u043e\u0433\u0438\u0447\u0435\u0441\u043a\u0438\u043c \u043f\u043e\u0435\u0437\u0434\u0430\u043c \u0438 \u0430\u0432\u0442\u043e\u0431\u0443\u0441\u0430\u043c. \u0427\u0442\u043e\u0431\u044b \u0434\u043e\u0431\u0440\u0430\u0442\u044c\u0441\u044f \u0434\u043e \u0433\u043e\u0440\u043d\u043e\u043b\u044b\u0436\u043d\u044b\u0445 \u0446\u0435\u043d\u0442\u0440\u043e\u0432, \u043c\u043e\u0436\u043d\u043e \u0432\u043e\u0441\u043f\u043e\u043b\u044c\u0437\u043e\u0432\u0430\u0442\u044c\u0441\u044f \u0422\u0430\u0442\u0440\u0430\u043d\u0441\u043a\u043e\u0439 \u044d\u043b\u0435\u043a\u0442\u0440\u0438\u0447\u0435\u0441\u043a\u043e\u0439 \u0436\u0435\u043b\u0435\u0437\u043d\u043e\u0439 \u0434\u043e\u0440\u043e\u0433\u043e\u0439 \u0438\u043b\u0438 \u0430\u0432\u0442\u043e\u0431\u0443\u0441\u043e\u043c \u0438\u0437 \u041f\u043e\u043f\u0440\u0430\u0434\u0430 \u0438\u043b\u0438 \u0437\u0443\u0431\u0447\u0430\u0442\u043e\u0439 \u0436\u0435\u043b\u0435\u0437\u043d\u043e\u0439 \u0434\u043e\u0440\u043e\u0433\u043e\u0439 \u0438\u0437 \u0422\u0430\u0442\u0440\u0430\u043d\u0441\u043a\u043e\u0439 \u0428\u0442\u0440\u0431\u044b, \u0433\u0434\u0435 \u0442\u0430\u043a\u0436\u0435 \u043d\u0430\u0445\u043e\u0434\u0438\u0442\u0441\u044f \u0441\u0442\u0430\u043d\u0446\u0438\u044f \u0441\u043a\u043e\u0440\u043e\u0441\u0442\u043d\u044b\u0445 \u043f\u043e\u0435\u0437\u0434\u043e\u0432. \u041f\u0435\u0440\u0435\u0432\u043e\u0437\u043a\u0443 \u043f\u0430\u0441\u0441\u0430\u0436\u0438\u0440\u043e\u0432 \u0432 \u0412\u044b\u0441\u043e\u043a\u0438\u0445 \u0422\u0430\u0442\u0440\u0430\u0445 \u043e\u0431\u0435\u0441\u043f\u0435\u0447\u0438\u0432\u0430\u044e\u0442 \u0434\u0432\u0435 \u043e\u0441\u043d\u043e\u0432\u043d\u044b\u0435 \u0442\u0440\u0430\u043d\u0441\u043f\u043e\u0440\u0442\u043d\u044b\u0435 \u0441\u0438\u0441\u0442\u0435\u043c\u044b &#8212; \u0422\u0430\u0442\u0440\u0430\u043d\u0441\u043a\u0430\u044f \u044d\u043b\u0435\u043a\u0442\u0440\u0438\u0447\u0435\u0441\u043a\u0430\u044f \u0436\u0435\u043b\u0435\u0437\u043d\u0430\u044f \u0434\u043e\u0440\u043e\u0433\u0430 (\u0422\u042d\u0416\u0414) \u0438 [&hellip;]<\/p>\n","protected":false},"author":1,"featured_media":9230169,"parent":9239386,"menu_order":0,"comment_status":"closed","ping_status":"closed","template":"template-objects.php","meta":{"footnotes":""},"class_list":["post-9230167","page","type-page","status-publish","has-post-thumbnail","hentry"],"_links":{"self":[{"href":"https:\/\/regiontatry.sk\/ru\/wp-json\/wp\/v2\/pages\/9230167"}],"collection":[{"href":"https:\/\/regiontatry.sk\/ru\/wp-json\/wp\/v2\/pages"}],"about":[{"href":"https:\/\/regiontatry.sk\/ru\/wp-json\/wp\/v2\/types\/page"}],"author":[{"embeddable":true,"href":"https:\/\/regiontatry.sk\/ru\/wp-json\/wp\/v2\/users\/1"}],"replies":[{"embeddable":true,"href":"https:\/\/regiontatry.sk\/ru\/wp-json\/wp\/v2\/comments?post=9230167"}],"version-history":[{"count":2,"href":"https:\/\/regiontatry.sk\/ru\/wp-json\/wp\/v2\/pages\/9230167\/revisions"}],"predecessor-version":[{"id":9239399,"href":"https:\/\/regiontatry.sk\/ru\/wp-json\/wp\/v2\/pages\/9230167\/revisions\/9239399"}],"up":[{"embeddable":true,"href":"https:\/\/regiontatry.sk\/ru\/wp-json\/wp\/v2\/pages\/9239386"}],"wp:featuredmedia":[{"embeddable":true,"href":"https:\/\/regiontatry.sk\/ru\/wp-json\/wp\/v2\/media\/9230169"}],"wp:attachment":[{"href":"https:\/\/regiontatry.sk\/ru\/wp-json\/wp\/v2\/media?parent=9230167"}],"curies":[{"name":"wp","href":"https:\/\/api.w.org\/{rel}","templated":true}]}}