{"id":9230206,"date":"2018-09-27T13:10:04","date_gmt":"2018-09-27T11:10:04","guid":{"rendered":"https:\/\/regiontatry.sk\/tatranska-lomnica\/"},"modified":"2025-11-28T14:47:42","modified_gmt":"2025-11-28T13:47:42","slug":"tatranska-lomnica","status":"publish","type":"page","link":"https:\/\/regiontatry.sk\/ru\/tatranska-lomnica\/","title":{"rendered":"\u0422\u0410\u0422\u0420\u0410\u041d\u0421\u041a\u0410\u042f \u041b\u041e\u041c\u041d\u0418\u0426\u0410"},"content":{"rendered":"\n<p>\u0412 \u0441\u0430\u043c\u043e\u043c \u0441\u043e\u0432\u0440\u0435\u043c\u0435\u043d\u043d\u043e\u043c \u0441\u043b\u043e\u0432\u0430\u0446\u043a\u043e\u043c \u0433\u043e\u0440\u043d\u043e\u043b\u044b\u0436\u043d\u043e\u043c   \u0446\u0435\u043d\u0442\u0440\u0435 \u0422\u0430\u0442\u0440\u0430\u043d\u0441\u043a\u0430 \u041b\u043e\u043c\u043d\u0438\u0446\u0430 \u0435\u0441\u0442\u044c 12 \u0433\u043e\u0440\u043d\u043e\u043b\u044b\u0436\u043d\u044b\u0445 \u0442\u0440\u0430\u0441\u0441 \u0440\u0430\u0437\u043d\u043e\u0433\u043e \u0443\u0440\u043e\u0432\u043d\u044f \u0441\u043b\u043e\u0436\u043d\u043e\u0441\u0442\u0438.   <br><\/p>\n\n\n\n<p>\u041f\u0435\u0440\u0435\u043f\u0430\u0434 \u0432\u044b\u0441\u043e\u0442 \u0434\u043e 1300 \u043c, 5-\u043c\u0435\u0441\u044f\u0447\u043d\u0430\u044f   \u0433\u0430\u0440\u0430\u043d\u0442\u0438\u044f \u043d\u0430\u043b\u0438\u0447\u0438\u044f \u0441\u043d\u0435\u0433\u0430. <strong>\u0421\u0430\u043c\u0430\u044f \u0441\u043e\u0432\u0440\u0435\u043c\u0435\u043d\u043d\u0430\u044f   \u043a\u0430\u043d\u0430\u0442\u043d\u0430\u044f \u0434\u043e\u0440\u043e\u0433\u0430 \u0441 15-\u043c\u0435\u0441\u0442\u043d\u044b\u043c\u0438 \u0433\u043e\u043d\u0434\u043e\u043b\u0430\u043c\u0438<\/strong> \u0438 \u0440\u0430\u0441\u0448\u0438\u0440\u0435\u043d\u043d\u044b\u0435 \u0441\u043a\u043b\u043e\u043d\u044b \u0433\u0430\u0440\u0430\u043d\u0442\u0438\u0440\u0443\u044e\u0442   \u043e\u0442\u043b\u0438\u0447\u043d\u044b\u0435 \u0432\u043f\u0435\u0447\u0430\u0442\u043b\u0435\u043d\u0438\u044f \u043e\u0442 <strong>\u043f\u0435\u0440\u0432\u043e\u043a\u043b\u0430\u0441\u0441\u043d\u043e\u0439   \u043a\u0430\u0440\u0432\u0438\u043d\u0433\u043e\u0432\u043e\u0439 \u0442\u0440\u0430\u0441\u0441\u044b \u043f\u0440\u043e\u0442\u044f\u0436\u0451\u043d\u043d\u043e\u0441\u0442\u044c\u044e 5,5 \u043a\u043c<\/strong> \u0438 \u0448\u0438\u0440\u0438\u043d\u043e\u0439 \u0434\u043e 60 \u043c. \u041a\u0440\u043e\u043c\u0435 \u044d\u0442\u043e\u0433\u043e \u0432   \u0446\u0435\u043d\u0442\u0440\u0435 \u0438\u043c\u0435\u0435\u0442\u0441\u044f \u043f\u043e\u0447\u0442\u0438 <strong>6 \u043a\u043c \u0442\u0440\u0430\u0441\u0441 \u0441\u0430\u043c\u043e\u0439   \u043d\u0438\u0437\u043a\u043e\u0439 \u0441\u043b\u043e\u0436\u043d\u043e\u0441\u0442\u0438<\/strong>, \u043a\u043e\u0442\u043e\u0440\u044b\u0435 \u043e\u0441\u043e\u0431\u0435\u043d\u043d\u043e \u043e\u0446\u0435\u043d\u044f\u0442 \u0441\u0435\u043c\u044c\u0438 \u0441 \u0434\u0435\u0442\u044c\u043c\u0438.   <\/p>\n\n\n\n<p>\u0417\u0434\u0435\u0441\u044c \u0412\u044b \u043c\u043e\u0436\u0435\u0442\u0435 \u043d\u0430\u0441\u043b\u0430\u0434\u0438\u0442\u044c\u0441\u044f \u043a\u0430\u0442\u0430\u043d\u0438\u0435\u043c \u043f\u043e\u0434 \u0441\u043e\u043b\u043d\u0435\u0447\u043d\u044b\u043c\u0438 \u043b\u0443\u0447\u0430\u043c\u0438 <strong>\u043d\u0430 \u0441\u0430\u043c\u043e\u043c \u0432\u044b\u0441\u043e\u043a\u043e \u0440\u0430\u0441\u043f\u043e\u043b\u043e\u0436\u0435\u043d\u043d\u043e\u043c \u0438 \u043a\u0440\u0443\u0442\u043e\u043c \u0441\u043a\u043b\u043e\u043d\u0435<\/strong> <strong>\u041b\u043e\u043c\u043d\u0438\u0446\u043a\u043e\u0433\u043e \u0441\u0435\u0434\u043b\u0430<\/strong> (2190 \u043c \u043d\u0430\u0434 \u0443.\u043c.), \u043a\u043e\u0442\u043e\u0440\u044b\u0439 \u0435\u0449\u0451 \u043d\u0430\u0437\u044b\u0432\u0430\u044e\u0442 \u0421\u0435\u0440\u0434\u0446\u0435\u043c \u043b\u044b\u0436\u043d\u0438\u043a\u043e\u0432. \u041b\u044e\u0431\u0438\u0442\u0435\u043b\u0438 \u0444\u0440\u0438\u0440\u0430\u0439\u0434\u0430 \u0438 \u044d\u043a\u0441\u0442\u0440\u0438\u043c\u0430 \u0442\u0430\u043a\u0436\u0435 \u043d\u0430\u0439\u0434\u0443\u0442, \u0447\u0435\u043c \u0437\u0430\u043d\u044f\u0442\u044c\u0441\u044f \u043d\u0430 \u041b\u043e\u043c\u043d\u0438\u0446\u043a\u043e\u043c \u0441\u0435\u0434\u043b\u0435.<\/p>\n\n\n\n<figure class=\"wp-block-gallery has-nested-images columns-default is-cropped wp-block-gallery-2 is-layout-flex wp-block-gallery-is-layout-flex\">\n<figure class=\"wp-block-image\"><img loading=\"lazy\" decoding=\"async\" width=\"900\" height=\"600\" data-id=\"599\" src=\"https:\/\/regiontatry.sk\/wp-content\/uploads\/2018\/07\/9c61718d9a_900x600.jpg\" alt=\"\" class=\"wp-image-599\" srcset=\"https:\/\/regiontatry.sk\/wp-content\/uploads\/2018\/07\/9c61718d9a_900x600.jpg 900w, https:\/\/regiontatry.sk\/wp-content\/uploads\/2018\/07\/9c61718d9a_900x600-300x200.jpg 300w, https:\/\/regiontatry.sk\/wp-content\/uploads\/2018\/07\/9c61718d9a_900x600-768x512.jpg 768w\" sizes=\"(max-width: 900px) 100vw, 900px\" \/><\/figure>\n\n\n\n<figure class=\"wp-block-image\"><img loading=\"lazy\" decoding=\"async\" width=\"1024\" height=\"683\" data-id=\"9487981\" src=\"https:\/\/regiontatry.sk\/wp-content\/uploads\/2024\/02\/TAT-220-1-1024x683.jpg\" alt=\"\" class=\"wp-image-9487981\" srcset=\"https:\/\/regiontatry.sk\/wp-content\/uploads\/2024\/02\/TAT-220-1-1024x683.jpg 1024w, https:\/\/regiontatry.sk\/wp-content\/uploads\/2024\/02\/TAT-220-1-300x200.jpg 300w, https:\/\/regiontatry.sk\/wp-content\/uploads\/2024\/02\/TAT-220-1-768x512.jpg 768w, https:\/\/regiontatry.sk\/wp-content\/uploads\/2024\/02\/TAT-220-1-698x466.jpg 698w, https:\/\/regiontatry.sk\/wp-content\/uploads\/2024\/02\/TAT-220-1-552x368.jpg 552w, https:\/\/regiontatry.sk\/wp-content\/uploads\/2024\/02\/TAT-220-1.jpg 1318w\" sizes=\"(max-width: 1024px) 100vw, 1024px\" \/><\/figure>\n\n\n\n<figure class=\"wp-block-image\"><img loading=\"lazy\" decoding=\"async\" width=\"900\" height=\"600\" data-id=\"13508\" src=\"https:\/\/regiontatry.sk\/wp-content\/uploads\/2018\/11\/Lomnicke-sedlo-Vysoke\u0301-Tatry-TMR-Autor-Marek-Hajkovsky_900x600.jpg\" alt=\"\" class=\"wp-image-13508\" srcset=\"https:\/\/regiontatry.sk\/wp-content\/uploads\/2018\/11\/Lomnicke-sedlo-Vysoke\u0301-Tatry-TMR-Autor-Marek-Hajkovsky_900x600.jpg 900w, https:\/\/regiontatry.sk\/wp-content\/uploads\/2018\/11\/Lomnicke-sedlo-Vysoke\u0301-Tatry-TMR-Autor-Marek-Hajkovsky_900x600-300x200.jpg 300w, https:\/\/regiontatry.sk\/wp-content\/uploads\/2018\/11\/Lomnicke-sedlo-Vysoke\u0301-Tatry-TMR-Autor-Marek-Hajkovsky_900x600-768x512.jpg 768w, https:\/\/regiontatry.sk\/wp-content\/uploads\/2018\/11\/Lomnicke-sedlo-Vysoke\u0301-Tatry-TMR-Autor-Marek-Hajkovsky_900x600-698x465.jpg 698w, https:\/\/regiontatry.sk\/wp-content\/uploads\/2018\/11\/Lomnicke-sedlo-Vysoke\u0301-Tatry-TMR-Autor-Marek-Hajkovsky_900x600-552x368.jpg 552w\" sizes=\"(max-width: 900px) 100vw, 900px\" \/><\/figure>\n<\/figure>\n\n\n\n<p>\u041d\u0430 \u041b\u043e\u043c\u043d\u0438\u0446\u043a\u043e\u043c \u043f\u0438\u043a\u0435 \u043d\u0430 \u0432\u044b\u0441\u043e\u0442\u0435 2634 \u043c\u0435\u0442\u0440\u0430 \u0432 \u0441\u0442\u0438\u043b\u044c\u043d\u043e\u043c \u043a\u0430\u0444\u0435 Dedo \u0412\u044b \u0441\u043c\u043e\u0436\u0435\u0442\u0435 \u043d\u0430\u0441\u043b\u0430\u0434\u0438\u0442\u044c\u0441\u044f \u043d\u0435\u043e\u0431\u044b\u043a\u043d\u043e\u0432\u0435\u043d\u043d\u043e \u0430\u0440\u043e\u043c\u0430\u0442\u043d\u044b\u043c \u043a\u043e\u0444\u0435, \u043a \u043a\u043e\u0442\u043e\u0440\u043e\u043c\u0443 \u043f\u043e\u043c\u0438\u043c\u043e \u0440\u043e\u0441\u043a\u043e\u0448\u043d\u043e\u0439 \u0430\u0442\u043c\u043e\u0441\u0444\u0435\u0440\u044b \u0412\u0430\u043c \u043f\u043e\u0434\u0430\u0434\u0443\u0442 \u043d\u0435\u0437\u0430\u0431\u044b\u0432\u0430\u0435\u043c\u044b\u0435 \u043f\u0430\u043d\u043e\u0440\u0430\u043c\u043d\u044b\u0435 \u0432\u0438\u0434\u044b \u043e\u043a\u0440\u0443\u0436\u0430\u044e\u0449\u0435\u0439 \u043f\u0440\u0438\u0440\u043e\u0434\u044b \u0438 \u043d\u0435\u0432\u0435\u0440\u043e\u044f\u0442\u043d\u044b\u0435 \u043e\u0449\u0443\u0449\u0435\u043d\u0438\u044f. <br><\/p>\n\n\n\n<p>\u041e\u0442\u0434\u043e\u0445\u043d\u0443\u0442\u044c \u0438 \u043f\u043e\u043f\u043e\u043b\u043d\u0438\u0442\u044c \u0441\u0432\u043e\u0438 \u0441\u0438\u043b\u044b \u0412\u044b \u0441\u043c\u043e\u0436\u0435\u0442\u0435 \u0432   \u0440\u0435\u0441\u0442\u043e\u0440\u0430\u043d\u0435 Skalnat\u00e9 pleso, \u0432 Pizza \u2013 Pasta &#8212; \u0440\u0435\u0441\u0442\u043e\u0440\u0430\u043d\u0435 \u043d\u0430 \u0441\u0442\u0430\u043d\u0446\u0438\u0438 \u00ab\u0421\u0442\u0430\u0440\u0442\u00bb \u0438\u043b\u0438   \u0432 \u0441\u0430\u043c\u043e\u043c \u0431\u043e\u043b\u044c\u0448\u043e\u043c Apr\u00e8s-ski \u0431\u0430\u0440\u0435 \u0432 \u0422\u0430\u0442\u0440\u0430\u0445 \u0438 \u0432\u043e\u043e\u0431\u0449\u0435 \u0432 \u0421\u043b\u043e\u0432\u0430\u043a\u0438\u0438, \u043a\u043e\u0442\u043e\u0440\u044b\u0439   \u043d\u0430\u0445\u043e\u0434\u0438\u0442\u0441\u044f \u0432\u0431\u043b\u0438\u0437\u0438 \u043d\u0438\u0436\u043d\u0435\u0439 \u0441\u0442\u0430\u043d\u0446\u0438\u0438 \u043a\u0430\u043d\u0430\u0442\u043d\u043e\u0439 \u0434\u043e\u0440\u043e\u0433\u0438.   <br><\/p>\n\n\n\n<figure class=\"wp-block-gallery has-nested-images columns-default is-cropped wp-block-gallery-3 is-layout-flex wp-block-gallery-is-layout-flex\">\n<figure class=\"wp-block-image size-large\"><img loading=\"lazy\" decoding=\"async\" width=\"1024\" height=\"755\" data-id=\"9487960\" src=\"https:\/\/regiontatry.sk\/wp-content\/uploads\/2024\/02\/c-Marek-Hajkovsky-foto-LS-2018_11_11zon-1-1024x755.jpg\" alt=\"\" class=\"wp-image-9487960\" srcset=\"https:\/\/regiontatry.sk\/wp-content\/uploads\/2024\/02\/c-Marek-Hajkovsky-foto-LS-2018_11_11zon-1-1024x755.jpg 1024w, https:\/\/regiontatry.sk\/wp-content\/uploads\/2024\/02\/c-Marek-Hajkovsky-foto-LS-2018_11_11zon-1-300x221.jpg 300w, https:\/\/regiontatry.sk\/wp-content\/uploads\/2024\/02\/c-Marek-Hajkovsky-foto-LS-2018_11_11zon-1-768x566.jpg 768w, https:\/\/regiontatry.sk\/wp-content\/uploads\/2024\/02\/c-Marek-Hajkovsky-foto-LS-2018_11_11zon-1-1920x1415.jpg 1920w, https:\/\/regiontatry.sk\/wp-content\/uploads\/2024\/02\/c-Marek-Hajkovsky-foto-LS-2018_11_11zon-1-1705x1257.jpg 1705w, https:\/\/regiontatry.sk\/wp-content\/uploads\/2024\/02\/c-Marek-Hajkovsky-foto-LS-2018_11_11zon-1-698x514.jpg 698w, https:\/\/regiontatry.sk\/wp-content\/uploads\/2024\/02\/c-Marek-Hajkovsky-foto-LS-2018_11_11zon-1-552x407.jpg 552w\" sizes=\"(max-width: 1024px) 100vw, 1024px\" \/><\/figure>\n\n\n\n<figure class=\"wp-block-image size-large\"><img loading=\"lazy\" decoding=\"async\" width=\"1024\" height=\"663\" data-id=\"9487953\" src=\"https:\/\/regiontatry.sk\/wp-content\/uploads\/2024\/02\/c-Marek-Hajkovsky-foto-LS-2018_14_11zon-1024x663.jpg\" alt=\"\" class=\"wp-image-9487953\" srcset=\"https:\/\/regiontatry.sk\/wp-content\/uploads\/2024\/02\/c-Marek-Hajkovsky-foto-LS-2018_14_11zon-1024x663.jpg 1024w, https:\/\/regiontatry.sk\/wp-content\/uploads\/2024\/02\/c-Marek-Hajkovsky-foto-LS-2018_14_11zon-300x194.jpg 300w, https:\/\/regiontatry.sk\/wp-content\/uploads\/2024\/02\/c-Marek-Hajkovsky-foto-LS-2018_14_11zon-768x497.jpg 768w, https:\/\/regiontatry.sk\/wp-content\/uploads\/2024\/02\/c-Marek-Hajkovsky-foto-LS-2018_14_11zon-1920x1243.jpg 1920w, https:\/\/regiontatry.sk\/wp-content\/uploads\/2024\/02\/c-Marek-Hajkovsky-foto-LS-2018_14_11zon-1705x1104.jpg 1705w, https:\/\/regiontatry.sk\/wp-content\/uploads\/2024\/02\/c-Marek-Hajkovsky-foto-LS-2018_14_11zon-698x452.jpg 698w, https:\/\/regiontatry.sk\/wp-content\/uploads\/2024\/02\/c-Marek-Hajkovsky-foto-LS-2018_14_11zon-552x357.jpg 552w\" sizes=\"(max-width: 1024px) 100vw, 1024px\" \/><\/figure>\n\n\n\n<figure class=\"wp-block-image size-large\"><img loading=\"lazy\" decoding=\"async\" width=\"1024\" height=\"681\" data-id=\"9487996\" src=\"https:\/\/regiontatry.sk\/wp-content\/uploads\/2024\/02\/c-Marek-Hajkovsky-foto-LS-2020_134_11zon-1024x681.jpg\" alt=\"\" class=\"wp-image-9487996\" srcset=\"https:\/\/regiontatry.sk\/wp-content\/uploads\/2024\/02\/c-Marek-Hajkovsky-foto-LS-2020_134_11zon-1024x681.jpg 1024w, https:\/\/regiontatry.sk\/wp-content\/uploads\/2024\/02\/c-Marek-Hajkovsky-foto-LS-2020_134_11zon-300x200.jpg 300w, https:\/\/regiontatry.sk\/wp-content\/uploads\/2024\/02\/c-Marek-Hajkovsky-foto-LS-2020_134_11zon-768x511.jpg 768w, https:\/\/regiontatry.sk\/wp-content\/uploads\/2024\/02\/c-Marek-Hajkovsky-foto-LS-2020_134_11zon-1920x1278.jpg 1920w, https:\/\/regiontatry.sk\/wp-content\/uploads\/2024\/02\/c-Marek-Hajkovsky-foto-LS-2020_134_11zon-1705x1135.jpg 1705w, https:\/\/regiontatry.sk\/wp-content\/uploads\/2024\/02\/c-Marek-Hajkovsky-foto-LS-2020_134_11zon-698x464.jpg 698w, https:\/\/regiontatry.sk\/wp-content\/uploads\/2024\/02\/c-Marek-Hajkovsky-foto-LS-2020_134_11zon-552x367.jpg 552w\" sizes=\"(max-width: 1024px) 100vw, 1024px\" \/><\/figure>\n<\/figure>\n\n\n\n<p>\u041f\u043e\u043f\u0443\u043b\u044f\u0440\u043d\u0430 \u0442\u0430\u043a\u0436\u0435 Audi Ski Arena &#8212; \u0442\u0440\u0430\u0441\u0441\u0430 \u0434\u043b\u044f   \u0441\u043b\u0430\u043b\u043e\u043c\u0430 \u0441 \u043e\u0442\u0441\u0447\u0451\u0442\u043e\u043c \u0432\u0440\u0435\u043c\u0435\u043d\u0438. \u0422\u0440\u0430\u0441\u0441\u0430 \u0440\u0430\u0441\u043f\u043e\u043b\u043e\u0436\u0435\u043d\u0430 <strong>\u043d\u0430 \u0441\u043a\u043b\u043e\u043d\u0435 \u0427\u0443\u0447\u043e\u0440\u0438\u0435\u0434\u043a\u0438 \u0437\u0430\u043f\u0430\u0434 (\u0432\u043e\u0441\u0442\u043e\u0447\u043d\u0430\u044f \u0441\u0442\u043e\u0440\u043e\u043d\u0430 \u0441\u043a\u043b\u043e\u043d\u0430) <\/strong>\u0432 \u0442\u0435\u0447\u0435\u043d\u0438\u0435   \u0432\u0441\u0435\u0439 \u0437\u0438\u043c\u044b.   <br><\/p>\n\n\n\n<figure class=\"wp-block-image size-large\"><a href=\"https:\/\/regiontatry.sk\/wp-content\/uploads\/2025\/11\/mapa-TL_2025-26_rozmery_press_420-x-297_page-scaled.jpg\" data-rel=\"lightbox-image-0\" data-rl_title=\"\" data-rl_caption=\"\" title=\"\"><img loading=\"lazy\" decoding=\"async\" width=\"1024\" height=\"738\" src=\"https:\/\/regiontatry.sk\/wp-content\/uploads\/2025\/11\/mapa-TL_2025-26_rozmery_press_420-x-297_page-1024x738.jpg\" alt=\"\" class=\"wp-image-13150347\" srcset=\"https:\/\/regiontatry.sk\/wp-content\/uploads\/2025\/11\/mapa-TL_2025-26_rozmery_press_420-x-297_page-1024x738.jpg 1024w, https:\/\/regiontatry.sk\/wp-content\/uploads\/2025\/11\/mapa-TL_2025-26_rozmery_press_420-x-297_page-300x216.jpg 300w, https:\/\/regiontatry.sk\/wp-content\/uploads\/2025\/11\/mapa-TL_2025-26_rozmery_press_420-x-297_page-768x554.jpg 768w, https:\/\/regiontatry.sk\/wp-content\/uploads\/2025\/11\/mapa-TL_2025-26_rozmery_press_420-x-297_page-1536x1107.jpg 1536w, https:\/\/regiontatry.sk\/wp-content\/uploads\/2025\/11\/mapa-TL_2025-26_rozmery_press_420-x-297_page-2048x1476.jpg 2048w, https:\/\/regiontatry.sk\/wp-content\/uploads\/2025\/11\/mapa-TL_2025-26_rozmery_press_420-x-297_page-1920x1384.jpg 1920w, https:\/\/regiontatry.sk\/wp-content\/uploads\/2025\/11\/mapa-TL_2025-26_rozmery_press_420-x-297_page-1705x1229.jpg 1705w, https:\/\/regiontatry.sk\/wp-content\/uploads\/2025\/11\/mapa-TL_2025-26_rozmery_press_420-x-297_page-860x620.jpg 860w, https:\/\/regiontatry.sk\/wp-content\/uploads\/2025\/11\/mapa-TL_2025-26_rozmery_press_420-x-297_page-698x503.jpg 698w, https:\/\/regiontatry.sk\/wp-content\/uploads\/2025\/11\/mapa-TL_2025-26_rozmery_press_420-x-297_page-552x398.jpg 552w\" sizes=\"(max-width: 1024px) 100vw, 1024px\" \/><\/a><\/figure>\n\n\n\n<h3 class=\"wp-block-heading\"><br><a href=\"https:\/\/www.vt.sk\/\">\u0421\u0430\u0439\u0442 \u0446\u0435\u043d\u0442\u0440\u0430<\/a> <strong><a rel=\"noreferrer noopener\" href=\"https:\/\/www.vt.sk\/\" target=\"_blank\"><br><\/a><\/strong><a href=\"https:\/\/www.vt.sk\/cenniky\/cennik-lanoviek\/cennik-skipasov\">\u041f\u0440\u0435\u0439\u0441\u043a\u0443\u0440\u0430\u043d\u0442 \u0446\u0435\u043d \u043d\u0430 \u0441\u043a\u0438-\u043f\u0430\u0441\u0441\u044b <\/a><strong><a rel=\"noreferrer noopener\" label=\" (otvor\u00ed sa v novej karte)\" href=\"https:\/\/www.vt.sk\/cenniky\/cenniky-2018\/cennik-skipasov-201819\/\" target=\"_blank\" class=\"broken_link\"><br><\/a><\/strong>\u041a\u0443\u043f\u0438\u0442\u044c \u0441\u043a\u0438-\u043f\u0430\u0441\u0441 \u043d\u0430 \u0441\u0430\u0439\u0442\u0435 gopass.travel  <strong><a rel=\"noreferrer noopener\" aria-label=\"K\u00fapi\u0165 skipas na gopass.sk (otvor\u00ed sa v novej karte)\" href=\"https:\/\/www.gopass.travel\/SK\/homepage\" target=\"_blank\">gopass.travel<\/a><\/strong><\/h3>\n","protected":false},"excerpt":{"rendered":"<p>\u0412 \u0441\u0430\u043c\u043e\u043c \u0441\u043e\u0432\u0440\u0435\u043c\u0435\u043d\u043d\u043e\u043c \u0441\u043b\u043e\u0432\u0430\u0446\u043a\u043e\u043c \u0433\u043e\u0440\u043d\u043e\u043b\u044b\u0436\u043d\u043e\u043c \u0446\u0435\u043d\u0442\u0440\u0435 \u0422\u0430\u0442\u0440\u0430\u043d\u0441\u043a\u0430 \u041b\u043e\u043c\u043d\u0438\u0446\u0430 \u0435\u0441\u0442\u044c 12 \u0433\u043e\u0440\u043d\u043e\u043b\u044b\u0436\u043d\u044b\u0445 \u0442\u0440\u0430\u0441\u0441 \u0440\u0430\u0437\u043d\u043e\u0433\u043e \u0443\u0440\u043e\u0432\u043d\u044f \u0441\u043b\u043e\u0436\u043d\u043e\u0441\u0442\u0438. \u041f\u0435\u0440\u0435\u043f\u0430\u0434 \u0432\u044b\u0441\u043e\u0442 \u0434\u043e 1300 \u043c, 5-\u043c\u0435\u0441\u044f\u0447\u043d\u0430\u044f \u0433\u0430\u0440\u0430\u043d\u0442\u0438\u044f \u043d\u0430\u043b\u0438\u0447\u0438\u044f \u0441\u043d\u0435\u0433\u0430. \u0421\u0430\u043c\u0430\u044f \u0441\u043e\u0432\u0440\u0435\u043c\u0435\u043d\u043d\u0430\u044f \u043a\u0430\u043d\u0430\u0442\u043d\u0430\u044f \u0434\u043e\u0440\u043e\u0433\u0430 \u0441 15-\u043c\u0435\u0441\u0442\u043d\u044b\u043c\u0438 \u0433\u043e\u043d\u0434\u043e\u043b\u0430\u043c\u0438 \u0438 \u0440\u0430\u0441\u0448\u0438\u0440\u0435\u043d\u043d\u044b\u0435 \u0441\u043a\u043b\u043e\u043d\u044b \u0433\u0430\u0440\u0430\u043d\u0442\u0438\u0440\u0443\u044e\u0442 \u043e\u0442\u043b\u0438\u0447\u043d\u044b\u0435 \u0432\u043f\u0435\u0447\u0430\u0442\u043b\u0435\u043d\u0438\u044f \u043e\u0442 \u043f\u0435\u0440\u0432\u043e\u043a\u043b\u0430\u0441\u0441\u043d\u043e\u0439 \u043a\u0430\u0440\u0432\u0438\u043d\u0433\u043e\u0432\u043e\u0439 \u0442\u0440\u0430\u0441\u0441\u044b \u043f\u0440\u043e\u0442\u044f\u0436\u0451\u043d\u043d\u043e\u0441\u0442\u044c\u044e 5,5 \u043a\u043c \u0438 \u0448\u0438\u0440\u0438\u043d\u043e\u0439 \u0434\u043e 60 \u043c. \u041a\u0440\u043e\u043c\u0435 \u044d\u0442\u043e\u0433\u043e \u0432 \u0446\u0435\u043d\u0442\u0440\u0435 \u0438\u043c\u0435\u0435\u0442\u0441\u044f \u043f\u043e\u0447\u0442\u0438 [&hellip;]<\/p>\n","protected":false},"author":12,"featured_media":11191248,"parent":0,"menu_order":0,"comment_status":"closed","ping_status":"closed","template":"template-list.php","meta":{"footnotes":""},"class_list":["post-9230206","page","type-page","status-publish","has-post-thumbnail","hentry"],"_links":{"self":[{"href":"https:\/\/regiontatry.sk\/ru\/wp-json\/wp\/v2\/pages\/9230206"}],"collection":[{"href":"https:\/\/regiontatry.sk\/ru\/wp-json\/wp\/v2\/pages"}],"about":[{"href":"https:\/\/regiontatry.sk\/ru\/wp-json\/wp\/v2\/types\/page"}],"author":[{"embeddable":true,"href":"https:\/\/regiontatry.sk\/ru\/wp-json\/wp\/v2\/users\/12"}],"replies":[{"embeddable":true,"href":"https:\/\/regiontatry.sk\/ru\/wp-json\/wp\/v2\/comments?post=9230206"}],"version-history":[{"count":3,"href":"https:\/\/regiontatry.sk\/ru\/wp-json\/wp\/v2\/pages\/9230206\/revisions"}],"predecessor-version":[{"id":13150354,"href":"https:\/\/regiontatry.sk\/ru\/wp-json\/wp\/v2\/pages\/9230206\/revisions\/13150354"}],"wp:featuredmedia":[{"embeddable":true,"href":"https:\/\/regiontatry.sk\/ru\/wp-json\/wp\/v2\/media\/11191248"}],"wp:attachment":[{"href":"https:\/\/regiontatry.sk\/ru\/wp-json\/wp\/v2\/media?parent=9230206"}],"curies":[{"name":"wp","href":"https:\/\/api.w.org\/{rel}","templated":true}]}}