{"id":9230214,"date":"2018-09-27T13:15:10","date_gmt":"2018-09-27T11:15:10","guid":{"rendered":"https:\/\/regiontatry.sk\/strbske-pleso\/"},"modified":"2025-11-28T14:58:57","modified_gmt":"2025-11-28T13:58:57","slug":"strbske-pleso","status":"publish","type":"page","link":"https:\/\/regiontatry.sk\/ru\/strbske-pleso\/","title":{"rendered":"\u0428\u0442\u0440\u0431\u0441\u043a\u0435 \u041f\u043b\u0435\u0441\u043e"},"content":{"rendered":"\n<p>\u0428\u0442\u0440\u0431\u0441\u043a\u0435 \u041f\u043b\u0435\u0441\u043e &#8212; \u0441\u0430\u043c\u044b\u0439 <strong>\u0432\u044b\u0441\u043e\u043a\u043e \u0440\u0430\u0441\u043f\u043e\u043b\u043e\u0436\u0435\u043d\u043d\u044b\u0439 \u0433\u043e\u0440\u043d\u043e\u043b\u044b\u0436\u043d\u044b\u0439 \u0446\u0435\u043d\u0442\u0440<\/strong>   \u0441 \u043d\u0438\u0436\u043d\u0435\u0439 \u0441\u0442\u0430\u043d\u0446\u0438\u0435\u0439 \u043d\u0430 \u0432\u044b\u0441\u043e\u0442\u0435 1351 \u043c \u043d\u0430\u0434 \u0443\u0440\u043e\u0432\u043d\u0435\u043c \u043c\u043e\u0440\u044f \u0438 <strong>\u0441\u0430\u043c\u044b\u043c \u043f\u0440\u043e\u0434\u043e\u043b\u0436\u0438\u0442\u0435\u043b\u044c\u043d\u044b\u043c \u0433\u043e\u0440\u043d\u043e\u043b\u044b\u0436\u043d\u044b\u043c \u0441\u0435\u0437\u043e\u043d\u043e\u043c \u0432 \u0421\u043b\u043e\u0432\u0430\u043a\u0438\u0438<\/strong>. \u041e\u043d   \u043f\u0440\u0438\u0432\u043b\u0435\u043a\u0430\u0435\u0442 \u043e\u0442\u043b\u0438\u0447\u043d\u044b\u043c\u0438 \u0443\u0441\u043b\u043e\u0432\u0438\u044f\u043c\u0438 \u0434\u043b\u044f \u043a\u0430\u0442\u0430\u043d\u0438\u044f \u0441 \u043f\u0440\u0435\u043a\u0440\u0430\u0441\u043d\u044b\u043c\u0438 \u0442\u0440\u0430\u0441\u0441\u0430\u043c\u0438 \u0434\u043b\u044f   \u0441\u043b\u0430\u043b\u043e\u043c\u0430, \u0441\u043a\u043e\u0440\u043e\u0441\u0442\u043d\u043e\u0433\u043e \u0441\u043f\u0443\u0441\u043a\u0430 \u0438\u043b\u0438 \u0431\u0435\u0433\u043e\u0432\u044b\u0445 \u043b\u044b\u0436 \u0438 \u0443\u0441\u043b\u0443\u0433\u0430\u043c\u0438 \u0441\u0430\u043c\u043e\u0433\u043e \u0432\u044b\u0441\u043e\u043a\u043e\u0433\u043e \u0443\u0440\u043e\u0432\u043d\u044f.   <br><\/p>\n\n\n\n<figure class=\"wp-block-image\"><img loading=\"lazy\" decoding=\"async\" width=\"3017\" height=\"1266\" src=\"https:\/\/regiontatry.sk\/wp-content\/uploads\/2018\/11\/NJf9YprQ.jpeg\" alt=\"\" class=\"wp-image-13540\" srcset=\"https:\/\/regiontatry.sk\/wp-content\/uploads\/2018\/11\/NJf9YprQ.jpeg 3017w, https:\/\/regiontatry.sk\/wp-content\/uploads\/2018\/11\/NJf9YprQ-300x126.jpeg 300w, https:\/\/regiontatry.sk\/wp-content\/uploads\/2018\/11\/NJf9YprQ-768x322.jpeg 768w, https:\/\/regiontatry.sk\/wp-content\/uploads\/2018\/11\/NJf9YprQ-1024x430.jpeg 1024w, https:\/\/regiontatry.sk\/wp-content\/uploads\/2018\/11\/NJf9YprQ-1920x806.jpeg 1920w, https:\/\/regiontatry.sk\/wp-content\/uploads\/2018\/11\/NJf9YprQ-1705x715.jpeg 1705w, https:\/\/regiontatry.sk\/wp-content\/uploads\/2018\/11\/NJf9YprQ-698x293.jpeg 698w, https:\/\/regiontatry.sk\/wp-content\/uploads\/2018\/11\/NJf9YprQ-552x232.jpeg 552w\" sizes=\"(max-width: 3017px) 100vw, 3017px\" \/><\/figure>\n\n\n\n<p>\u0417\u0434\u0435\u0441\u044c \u043f\u043e\u0434\u0433\u043e\u0442\u043e\u0432\u043b\u0435\u043d\u044b <strong>9 \u043a\u0438\u043b\u043e\u043c\u0435\u0442\u0440\u043e\u0432 \u043b\u0451\u0433\u043a\u0438\u0445 \u0438 \u0441\u0440\u0435\u0434\u043d\u0435\u0442\u044f\u0436\u0451\u043b\u044b\u0445 \u043b\u044b\u0436\u043d\u044b\u0445   \u0442\u0440\u0430\u0441\u0441<\/strong>, \u043a\u043e\u0442\u043e\u0440\u044b\u0435 \u043f\u043e\u043f\u0443\u043b\u044f\u0440\u043d\u044b \u0441\u0440\u0435\u0434\u0438 \u0441\u0435\u043c\u0435\u0439 \u0441 \u0434\u0435\u0442\u044c\u043c\u0438 \u0438 \u043e\u043f\u044b\u0442\u043d\u044b\u0445 \u043b\u044b\u0436\u043d\u0438\u043a\u043e\u0432. \u041e\u0442   \u0430\u0432\u0442\u043e\u043c\u043e\u0431\u0438\u043b\u044c\u043d\u043e\u0439 \u043f\u0430\u0440\u043a\u043e\u0432\u043a\u0438 \u0438\u043b\u0438 \u0438\u0437 \u043e\u0442\u0435\u043b\u044f \u044d\u043a\u043e\u043b\u043e\u0433\u0438\u0447\u0435\u0441\u043a\u0438 \u0447\u0438\u0441\u0442\u044b\u0439 \u0430\u0432\u0442\u043e\u0431\u0443\u0441 SKIbus, \u043a\u0443\u0440\u0441\u0438\u0440\u0443\u044e\u0449\u0438\u0439   \u0441 \u043d\u0435\u0431\u043e\u043b\u044c\u0448\u0438\u043c\u0438 \u0438\u043d\u0442\u0435\u0440\u0432\u0430\u043b\u0430\u043c\u0438,&nbsp; \u0434\u043e\u0441\u0442\u0430\u0432\u0438\u0442 \u0412\u0430\u0441   \u043f\u0440\u044f\u043c\u043e \u043a \u0433\u043e\u0440\u043d\u043e\u043b\u044b\u0436\u043d\u044b\u043c \u0442\u0440\u0430\u0441\u0441\u0430\u043c \u0446\u0435\u043d\u0442\u0440\u0430.   <br><\/p>\n\n\n\n<figure class=\"wp-block-image\"><img loading=\"lazy\" decoding=\"async\" width=\"6000\" height=\"2289\" src=\"https:\/\/regiontatry.sk\/wp-content\/uploads\/2018\/11\/strbske_ski_2.jpeg\" alt=\"\" class=\"wp-image-13538\" srcset=\"https:\/\/regiontatry.sk\/wp-content\/uploads\/2018\/11\/strbske_ski_2.jpeg 6000w, https:\/\/regiontatry.sk\/wp-content\/uploads\/2018\/11\/strbske_ski_2-300x114.jpeg 300w, https:\/\/regiontatry.sk\/wp-content\/uploads\/2018\/11\/strbske_ski_2-768x293.jpeg 768w, https:\/\/regiontatry.sk\/wp-content\/uploads\/2018\/11\/strbske_ski_2-1024x391.jpeg 1024w, https:\/\/regiontatry.sk\/wp-content\/uploads\/2018\/11\/strbske_ski_2-1920x732.jpeg 1920w, https:\/\/regiontatry.sk\/wp-content\/uploads\/2018\/11\/strbske_ski_2-1705x650.jpeg 1705w, https:\/\/regiontatry.sk\/wp-content\/uploads\/2018\/11\/strbske_ski_2-698x266.jpeg 698w, https:\/\/regiontatry.sk\/wp-content\/uploads\/2018\/11\/strbske_ski_2-552x211.jpeg 552w\" sizes=\"(max-width: 6000px) 100vw, 6000px\" \/><\/figure>\n\n\n\n<p>   \u0428\u0442\u0440\u0431\u0441\u043a\u0435 \u041f\u043b\u0435\u0441\u043e &#8212; \u043a\u0440\u0443\u043f\u043d\u0435\u0439\u0448\u0438\u0439 \u0446\u0435\u043d\u0442\u0440 \u0434\u043b\u044f   \u043a\u0430\u0442\u0430\u043d\u0438\u044f \u043d\u0430 \u0431\u0435\u0433\u043e\u0432\u044b\u0445 \u043b\u044b\u0436\u0430\u0445 \u0432 \u0422\u0430\u0442\u0440\u0430\u0445. \u0414\u043b\u044f \u043b\u044e\u0431\u0438\u0442\u0435\u043b\u0435\u0439 \u0431\u0435\u0433\u043e\u0432\u044b\u0445 \u043b\u044b\u0436 \u0437\u0434\u0435\u0441\u044c \u043f\u0440\u043e\u043b\u043e\u0436\u0435\u043d\u044b <a href=\"https:\/\/regiontatry.sk\/lyzovanie\/bezecke-lyzovanie\/\"><strong>\u0431\u0435\u0433\u043e\u0432\u044b\u0435 \u0442\u0440\u0430\u0441\u0441\u044b <\/strong><\/a><strong>\u043e\u0431\u0449\u0435\u0439 \u043f\u0440\u043e\u0442\u044f\u0436\u0451\u043d\u043d\u043e\u0441\u0442\u044c\u044e   \u0434\u043e 20 \u043a\u043c<\/strong>. \u041a \u0443\u0441\u043b\u0443\u0433\u0430\u043c \u0433\u043e\u0441\u0442\u0435\u0439 7 \u043f\u0440\u043e\u0444\u0435\u0441\u0441\u0438\u043e\u043d\u0430\u043b\u044c\u043d\u043e \u043e\u0431\u043e\u0440\u0443\u0434\u043e\u0432\u0430\u043d\u043d\u044b\u0445   \u0431\u0435\u0433\u043e\u0432\u044b\u0445 \u043b\u044b\u0436\u043d\u044b\u0445 \u0442\u0440\u0430\u0441\u0441 \u0434\u043b\u0438\u043d\u043e\u0439 \u043e\u0442 0,5 \u0434\u043e 5 \u043a\u043c. \u0411\u043b\u0430\u0433\u043e\u0434\u0430\u0440\u044f \u0438\u0441\u043a\u0443\u0441\u0441\u0442\u0432\u0435\u043d\u043d\u043e\u043c\u0443 \u0441\u043d\u0435\u0433\u0443   \u0437\u043e\u043d\u043e\u0439 \u0431\u0435\u0433\u043e\u0432\u044b\u0445 \u043b\u044b\u0436 SNOW \u043c\u043e\u0436\u043d\u043e \u043f\u043e\u043b\u044c\u0437\u043e\u0432\u0430\u0442\u044c\u0441\u044f \u0432 \u0442\u0435\u0447\u0435\u043d\u0438\u0435 \u0432\u0441\u0435\u0433\u043e \u0437\u0438\u043c\u043d\u0435\u0433\u043e \u0441\u0435\u0437\u043e\u043d\u0430.   \u0420\u0430\u0437\u043b\u0438\u0447\u043d\u0430\u044f \u0441\u043b\u043e\u0436\u043d\u043e\u0441\u0442\u044c \u0438 \u043d\u0435\u0441\u043a\u043e\u043b\u044c\u043a\u043e \u0440\u0430\u0437\u043d\u044b\u0445 \u0442\u0440\u0430\u0441\u0441 \u043f\u043e\u0440\u0430\u0434\u0443\u044e\u0442 \u043a\u0430\u043a \u043d\u043e\u0432\u0438\u0447\u043a\u043e\u0432, \u0442\u0430\u043a \u0438   \u043f\u0440\u043e\u0444\u0435\u0441\u0441\u0438\u043e\u043d\u0430\u043b\u043e\u0432. \u0412\u044b \u043c\u043e\u0436\u0435\u0442\u0435 \u043f\u0440\u043e\u0431\u0435\u0436\u0430\u0442\u044c\u0441\u044f \u0432 \u0441\u043f\u043e\u0440\u0442\u0438\u0432\u043d\u043e\u043c \u0430\u0440\u0435\u0430\u043b\u0435 FIS, \u043e\u0442\u0434\u043e\u0445\u043d\u0443\u0442\u044c \u0432   \u043c\u0435\u0434\u043b\u0435\u043d\u043d\u043e\u043c \u0442\u0435\u043c\u043f\u0435 \u0432 \u043e\u043a\u0440\u0435\u0441\u0442\u043d\u043e\u0441\u0442\u044f\u0445 \u0428\u0442\u0440\u0431\u0441\u043a\u043e\u0433\u043e \u043f\u043b\u0435\u0441\u0430 \u0438\u043b\u0438 \u043e\u0441\u043c\u043e\u0442\u0440\u0435\u0442\u044c \u0434\u043e\u043b\u0438\u043d\u0443 \u0424\u0443\u0440\u043a\u043e\u0442 \u043d\u0430   \u0431\u0435\u0433\u043e\u0432\u044b\u0445 \u043b\u044b\u0436\u0430\u0445 \u0432 \u0442\u0443\u0440\u0438\u0441\u0442\u0438\u0447\u0435\u0441\u043a\u043e\u043c \u0442\u0435\u043c\u043f\u0435.   Pute\u021bi face schi de fond \u00een arealul sportiv FIS, v\u0103 pute\u021bi relaxa la o plimbare \u00een jurul lacului \u0160trbsk\u00e9 Pleso sau pute\u021bi explora valea Furkot pe schiuri de fond \u00een ritm de drume\u021bie.<br><\/p>\n\n\n\n<figure class=\"wp-block-gallery has-nested-images columns-default is-cropped wp-block-gallery-2 is-layout-flex wp-block-gallery-is-layout-flex\">\n<figure class=\"wp-block-image size-large\"><img loading=\"lazy\" decoding=\"async\" width=\"1024\" height=\"683\" data-id=\"9230250\" src=\"https:\/\/regiontatry.sk\/wp-content\/uploads\/2018\/11\/c-Marek-Hajkovsky-SPmarketing-bezkovanie-146-1-1024x683.jpg\" alt=\"\" class=\"wp-image-9230250\" srcset=\"https:\/\/regiontatry.sk\/wp-content\/uploads\/2018\/11\/c-Marek-Hajkovsky-SPmarketing-bezkovanie-146-1-1024x683.jpg 1024w, https:\/\/regiontatry.sk\/wp-content\/uploads\/2018\/11\/c-Marek-Hajkovsky-SPmarketing-bezkovanie-146-1-300x200.jpg 300w, https:\/\/regiontatry.sk\/wp-content\/uploads\/2018\/11\/c-Marek-Hajkovsky-SPmarketing-bezkovanie-146-1-768x513.jpg 768w, https:\/\/regiontatry.sk\/wp-content\/uploads\/2018\/11\/c-Marek-Hajkovsky-SPmarketing-bezkovanie-146-1-698x466.jpg 698w, https:\/\/regiontatry.sk\/wp-content\/uploads\/2018\/11\/c-Marek-Hajkovsky-SPmarketing-bezkovanie-146-1-552x368.jpg 552w, https:\/\/regiontatry.sk\/wp-content\/uploads\/2018\/11\/c-Marek-Hajkovsky-SPmarketing-bezkovanie-146-1.jpg 1500w\" sizes=\"(max-width: 1024px) 100vw, 1024px\" \/><\/figure>\n\n\n\n<figure class=\"wp-block-image size-large\"><img loading=\"lazy\" decoding=\"async\" width=\"1024\" height=\"609\" data-id=\"9577343\" src=\"https:\/\/regiontatry.sk\/wp-content\/uploads\/2024\/03\/c-Marek-Hajkovsky-foto-BEZKY-2021-21_11zon-1024x609.jpg\" alt=\"\" class=\"wp-image-9577343\" srcset=\"https:\/\/regiontatry.sk\/wp-content\/uploads\/2024\/03\/c-Marek-Hajkovsky-foto-BEZKY-2021-21_11zon-1024x609.jpg 1024w, https:\/\/regiontatry.sk\/wp-content\/uploads\/2024\/03\/c-Marek-Hajkovsky-foto-BEZKY-2021-21_11zon-300x178.jpg 300w, https:\/\/regiontatry.sk\/wp-content\/uploads\/2024\/03\/c-Marek-Hajkovsky-foto-BEZKY-2021-21_11zon-768x457.jpg 768w, https:\/\/regiontatry.sk\/wp-content\/uploads\/2024\/03\/c-Marek-Hajkovsky-foto-BEZKY-2021-21_11zon-1920x1142.jpg 1920w, https:\/\/regiontatry.sk\/wp-content\/uploads\/2024\/03\/c-Marek-Hajkovsky-foto-BEZKY-2021-21_11zon-1705x1014.jpg 1705w, https:\/\/regiontatry.sk\/wp-content\/uploads\/2024\/03\/c-Marek-Hajkovsky-foto-BEZKY-2021-21_11zon-698x415.jpg 698w, https:\/\/regiontatry.sk\/wp-content\/uploads\/2024\/03\/c-Marek-Hajkovsky-foto-BEZKY-2021-21_11zon-552x328.jpg 552w\" sizes=\"(max-width: 1024px) 100vw, 1024px\" \/><\/figure>\n<\/figure>\n\n\n\n<p>\u041b\u044e\u0431\u0438\u0442\u0435\u043b\u0438 \u044d\u043a\u0441\u0442\u0440\u0438\u043c\u0430 \u043c\u043e\u0433\u0443\u0442 \u043f\u043e\u0441\u0435\u0442\u0438\u0442\u044c   \u043f\u0440\u0438\u0432\u043b\u0435\u043a\u0430\u0442\u0435\u043b\u044c\u043d\u044b\u0439 <strong>snowpark<\/strong> \u0441\u043b\u0435\u0432\u0430 \u043e\u0442   \u0433\u043e\u0440\u043d\u043e\u043b\u044b\u0436\u043d\u043e\u0433\u043e \u0441\u043a\u043b\u043e\u043d\u0430 \u0418\u043d\u0442\u0435\u0440\u0441\u043a\u0438, \u0433\u0434\u0435 \u0447\u0430\u0441\u0442\u043e \u043f\u0440\u043e\u0432\u043e\u0434\u044f\u0442\u0441\u044f \u043f\u043e\u043f\u0443\u043b\u044f\u0440\u043d\u044b\u0435 \u0441\u043e\u0440\u0435\u0432\u043d\u043e\u0432\u0430\u043d\u0438\u044f \u043f\u043e   \u044d\u043a\u0441\u0442\u0440\u0435\u043c\u0430\u043b\u044c\u043d\u044b\u043c \u0432\u0438\u0434\u0430\u043c \u0441\u043f\u043e\u0440\u0442\u0430.   <br><\/p>\n\n\n\n<p>\u0412 \u0436\u0438\u0432\u043e\u043f\u0438\u0441\u043d\u044b\u0445 \u043e\u043a\u0440\u0435\u0441\u0442\u043d\u043e\u0441\u0442\u044f\u0445 \u0441\u0430\u043c\u043e\u0433\u043e \u0432\u044b\u0441\u043e\u043a\u043e   \u0440\u0430\u0441\u043f\u043e\u043b\u043e\u0436\u0435\u043d\u043d\u043e\u0433\u043e \u0442\u0430\u0442\u0440\u0430\u043d\u0441\u043a\u043e\u0433\u043e \u043f\u043e\u0441\u0451\u043b\u043a\u0430 \u0441 \u0432\u043e\u043b\u0448\u0435\u0431\u043d\u043e\u0439 \u0430\u0442\u043c\u043e\u0441\u0444\u0435\u0440\u043e\u0439 \u0438, \u0431\u043b\u0430\u0433\u043e\u0434\u0430\u0440\u044f   \u0431\u043e\u0433\u0430\u0442\u043e\u0439 \u0438\u0441\u0442\u043e\u0440\u0438\u0438 \u0438 \u043e\u0442\u0435\u043b\u044f\u043c \u043a\u043b\u0430\u0441\u0441\u0430 \u043b\u044e\u043a\u0441, \u0432\u0435\u043b\u0438\u043a\u043e\u043b\u0435\u043f\u043d\u043e\u0435 \u043a\u0430\u0442\u0430\u043d\u0438\u0435 \u043d\u0430 \u043b\u044b\u0436\u0430\u0445, \u043f\u043e\u043b\u043d\u043e\u0435   \u0437\u0438\u043c\u043d\u0438\u0445 \u0440\u0430\u0437\u0432\u043b\u0435\u0447\u0435\u043d\u0438\u0439, \u0433\u0430\u0440\u0430\u043d\u0442\u0438\u0440\u043e\u0432\u0430\u043d\u043e.   <br><\/p>\n\n\n\n<figure class=\"wp-block-image size-large\"><a href=\"https:\/\/regiontatry.sk\/wp-content\/uploads\/2025\/11\/mapa-SP_2025-26_rozmery_press_420-x-297_page-scaled.jpg\" data-rel=\"lightbox-image-0\" data-rl_title=\"\" data-rl_caption=\"\" title=\"\"><img loading=\"lazy\" decoding=\"async\" width=\"1024\" height=\"738\" src=\"https:\/\/regiontatry.sk\/wp-content\/uploads\/2025\/11\/mapa-SP_2025-26_rozmery_press_420-x-297_page-1024x738.jpg\" alt=\"\" class=\"wp-image-13150361\" srcset=\"https:\/\/regiontatry.sk\/wp-content\/uploads\/2025\/11\/mapa-SP_2025-26_rozmery_press_420-x-297_page-1024x738.jpg 1024w, https:\/\/regiontatry.sk\/wp-content\/uploads\/2025\/11\/mapa-SP_2025-26_rozmery_press_420-x-297_page-300x216.jpg 300w, https:\/\/regiontatry.sk\/wp-content\/uploads\/2025\/11\/mapa-SP_2025-26_rozmery_press_420-x-297_page-768x554.jpg 768w, https:\/\/regiontatry.sk\/wp-content\/uploads\/2025\/11\/mapa-SP_2025-26_rozmery_press_420-x-297_page-1536x1107.jpg 1536w, https:\/\/regiontatry.sk\/wp-content\/uploads\/2025\/11\/mapa-SP_2025-26_rozmery_press_420-x-297_page-2048x1476.jpg 2048w, https:\/\/regiontatry.sk\/wp-content\/uploads\/2025\/11\/mapa-SP_2025-26_rozmery_press_420-x-297_page-1920x1384.jpg 1920w, https:\/\/regiontatry.sk\/wp-content\/uploads\/2025\/11\/mapa-SP_2025-26_rozmery_press_420-x-297_page-1705x1229.jpg 1705w, https:\/\/regiontatry.sk\/wp-content\/uploads\/2025\/11\/mapa-SP_2025-26_rozmery_press_420-x-297_page-860x620.jpg 860w, https:\/\/regiontatry.sk\/wp-content\/uploads\/2025\/11\/mapa-SP_2025-26_rozmery_press_420-x-297_page-698x503.jpg 698w, https:\/\/regiontatry.sk\/wp-content\/uploads\/2025\/11\/mapa-SP_2025-26_rozmery_press_420-x-297_page-552x398.jpg 552w\" sizes=\"(max-width: 1024px) 100vw, 1024px\" \/><\/a><\/figure>\n\n\n\n<h3 class=\"wp-block-heading\"><br><a href=\"https:\/\/www.vt.sk\/\">\u0421\u0430\u0439\u0442 \u0446\u0435\u043d\u0442\u0440\u0430<\/a><strong><a rel=\"noreferrer noopener\" href=\"http:\/\/www.vt.sk\/\" target=\"_blank\"><br><\/a><\/strong><a href=\"https:\/\/www.gopass.travel\/SK\/homepage\">\u041f\u0440\u0435\u0439\u0441\u043a\u0443\u0440\u0430\u043d\u0442 \u0446\u0435\u043d \u043d\u0430 \u0441\u043a\u0438-\u043f\u0430\u0441\u0441\u044b<\/a><strong><a href=\"https:\/\/www.gopass.travel\/SK\/homepage\"><br><\/a><\/strong>\u041a\u0443\u043f\u0438\u0442\u044c \u0441\u043a\u0438-\u043f\u0430\u0441\u0441 \u043d\u0430 \u0441\u0430\u0439\u0442\u0435 gopass.travel <strong><a rel=\"noreferrer noopener\" aria-label=\"K\u00fapi\u0165 skipas na gopass.sk (otvor\u00ed sa v novej karte)\" href=\"https:\/\/www.gopass.travel\/SK\/homepage\" target=\"_blank\">gopass.travel<\/a><\/strong><\/h3>\n","protected":false},"excerpt":{"rendered":"<p>\u0428\u0442\u0440\u0431\u0441\u043a\u0435 \u041f\u043b\u0435\u0441\u043e &#8212; \u0441\u0430\u043c\u044b\u0439 \u0432\u044b\u0441\u043e\u043a\u043e \u0440\u0430\u0441\u043f\u043e\u043b\u043e\u0436\u0435\u043d\u043d\u044b\u0439 \u0433\u043e\u0440\u043d\u043e\u043b\u044b\u0436\u043d\u044b\u0439 \u0446\u0435\u043d\u0442\u0440 \u0441 \u043d\u0438\u0436\u043d\u0435\u0439 \u0441\u0442\u0430\u043d\u0446\u0438\u0435\u0439 \u043d\u0430 \u0432\u044b\u0441\u043e\u0442\u0435 1351 \u043c \u043d\u0430\u0434 \u0443\u0440\u043e\u0432\u043d\u0435\u043c \u043c\u043e\u0440\u044f \u0438 \u0441\u0430\u043c\u044b\u043c \u043f\u0440\u043e\u0434\u043e\u043b\u0436\u0438\u0442\u0435\u043b\u044c\u043d\u044b\u043c \u0433\u043e\u0440\u043d\u043e\u043b\u044b\u0436\u043d\u044b\u043c \u0441\u0435\u0437\u043e\u043d\u043e\u043c \u0432 \u0421\u043b\u043e\u0432\u0430\u043a\u0438\u0438. \u041e\u043d \u043f\u0440\u0438\u0432\u043b\u0435\u043a\u0430\u0435\u0442 \u043e\u0442\u043b\u0438\u0447\u043d\u044b\u043c\u0438 \u0443\u0441\u043b\u043e\u0432\u0438\u044f\u043c\u0438 \u0434\u043b\u044f \u043a\u0430\u0442\u0430\u043d\u0438\u044f \u0441 \u043f\u0440\u0435\u043a\u0440\u0430\u0441\u043d\u044b\u043c\u0438 \u0442\u0440\u0430\u0441\u0441\u0430\u043c\u0438 \u0434\u043b\u044f \u0441\u043b\u0430\u043b\u043e\u043c\u0430, \u0441\u043a\u043e\u0440\u043e\u0441\u0442\u043d\u043e\u0433\u043e \u0441\u043f\u0443\u0441\u043a\u0430 \u0438\u043b\u0438 \u0431\u0435\u0433\u043e\u0432\u044b\u0445 \u043b\u044b\u0436 \u0438 \u0443\u0441\u043b\u0443\u0433\u0430\u043c\u0438 \u0441\u0430\u043c\u043e\u0433\u043e \u0432\u044b\u0441\u043e\u043a\u043e\u0433\u043e \u0443\u0440\u043e\u0432\u043d\u044f. \u0417\u0434\u0435\u0441\u044c \u043f\u043e\u0434\u0433\u043e\u0442\u043e\u0432\u043b\u0435\u043d\u044b 9 \u043a\u0438\u043b\u043e\u043c\u0435\u0442\u0440\u043e\u0432 \u043b\u0451\u0433\u043a\u0438\u0445 \u0438 \u0441\u0440\u0435\u0434\u043d\u0435\u0442\u044f\u0436\u0451\u043b\u044b\u0445 \u043b\u044b\u0436\u043d\u044b\u0445 \u0442\u0440\u0430\u0441\u0441, [&hellip;]<\/p>\n","protected":false},"author":2,"featured_media":9230216,"parent":0,"menu_order":0,"comment_status":"closed","ping_status":"closed","template":"template-simple-page.php","meta":{"footnotes":""},"class_list":["post-9230214","page","type-page","status-publish","has-post-thumbnail","hentry"],"_links":{"self":[{"href":"https:\/\/regiontatry.sk\/ru\/wp-json\/wp\/v2\/pages\/9230214"}],"collection":[{"href":"https:\/\/regiontatry.sk\/ru\/wp-json\/wp\/v2\/pages"}],"about":[{"href":"https:\/\/regiontatry.sk\/ru\/wp-json\/wp\/v2\/types\/page"}],"author":[{"embeddable":true,"href":"https:\/\/regiontatry.sk\/ru\/wp-json\/wp\/v2\/users\/2"}],"replies":[{"embeddable":true,"href":"https:\/\/regiontatry.sk\/ru\/wp-json\/wp\/v2\/comments?post=9230214"}],"version-history":[{"count":3,"href":"https:\/\/regiontatry.sk\/ru\/wp-json\/wp\/v2\/pages\/9230214\/revisions"}],"predecessor-version":[{"id":13150368,"href":"https:\/\/regiontatry.sk\/ru\/wp-json\/wp\/v2\/pages\/9230214\/revisions\/13150368"}],"wp:featuredmedia":[{"embeddable":true,"href":"https:\/\/regiontatry.sk\/ru\/wp-json\/wp\/v2\/media\/9230216"}],"wp:attachment":[{"href":"https:\/\/regiontatry.sk\/ru\/wp-json\/wp\/v2\/media?parent=9230214"}],"curies":[{"name":"wp","href":"https:\/\/api.w.org\/{rel}","templated":true}]}}