{"id":9230241,"date":"2018-08-24T13:41:11","date_gmt":"2018-08-24T11:41:11","guid":{"rendered":"https:\/\/regiontatry.sk\/schi-de-fond\/"},"modified":"2023-09-04T22:20:41","modified_gmt":"2023-09-04T20:20:41","slug":"%d0%ba%d0%b0%d1%82%d0%b0%d0%bd%d0%b8%d0%b5-%d0%bd%d0%b0-%d0%b1%d0%b5%d0%b3%d0%be%d0%b2%d1%8b%d1%85-%d0%bb%d1%8b%d0%b6%d0%b0%d1%85","status":"publish","type":"page","link":"https:\/\/regiontatry.sk\/ru\/%d0%ba%d0%b0%d1%82%d0%b0%d0%bd%d0%b8%d0%b5-%d0%bd%d0%b0-%d0%b1%d0%b5%d0%b3%d0%be%d0%b2%d1%8b%d1%85-%d0%bb%d1%8b%d0%b6%d0%b0%d1%85\/","title":{"rendered":"\u041a\u0430\u0442\u0430\u043d\u0438\u0435 \u043d\u0430 \u0431\u0435\u0433\u043e\u0432\u044b\u0445 \u043b\u044b\u0436\u0430\u0445"},"content":{"rendered":"\n<p>\u041a\u0430\u0442\u0430\u043d\u0438\u0435 \u043d\u0430 \u0431\u0435\u0433\u043e\u0432\u044b\u0445 \u043b\u044b\u0436\u0430\u0445 \u0445\u0430\u0440\u0430\u043a\u0442\u0435\u0440\u043d\u043e \u0434\u043b\u044f   \u0437\u0438\u043c\u044b \u0432 \u0412\u044b\u0441\u043e\u043a\u0438\u0445 \u0422\u0430\u0442\u0440\u0430\u0445 \u0432 \u0442\u043e\u0439 \u0436\u0435 \u0441\u0442\u0435\u043f\u0435\u043d\u0438, \u0447\u0442\u043e \u0438 \u0433\u043e\u0440\u043d\u044b\u0435 \u043b\u044b\u0436\u0438 \u0438\u043b\u0438 \u0441\u043a\u0438-\u0430\u043b\u044c\u043f\u0438\u043d\u0438\u0437\u043c.   \u0414\u043b\u044f \u0412\u0430\u0441 \u0432 \u043a\u0430\u0436\u0434\u043e\u043c \u0438\u0437 \u0442\u0430\u0442\u0440\u0430\u043d\u0441\u043a\u0438\u0445 \u043f\u043e\u0441\u0451\u043b\u043a\u043e\u0432 \u043f\u043e\u0434\u0433\u043e\u0442\u043e\u0432\u043b\u0435\u043d\u044b \u043e\u0442\u043b\u0438\u0447\u043d\u044b\u0435 <strong>\u0442\u0440\u0430\u0441\u0441\u044b \u0434\u043b\u044f \u0431\u0435\u0433\u043e\u0432\u044b\u0445 \u043b\u044b\u0436 \u043e\u0431\u0449\u0435\u0439 \u043f\u0440\u043e\u0442\u044f\u0436\u0451\u043d\u043d\u043e\u0441\u0442\u044c\u044e   \u0431\u043e\u043b\u0435\u0435 64 \u043a\u043c<\/strong>.   <br><\/p>\n\n\n\n<p>\u0421\u0430\u043c\u044b\u043c \u043a\u0440\u0443\u043f\u043d\u044b\u043c \u043c\u0435\u0441\u0442\u043e\u043c \u0434\u043b\u044f \u043a\u0430\u0442\u0430\u043d\u0438\u044f \u043d\u0430 \u0431\u0435\u0433\u043e\u0432\u044b\u0445   \u043b\u044b\u0436\u0430\u0445 \u0432 \u0422\u0430\u0442\u0440\u0430\u0445 \u044f\u0432\u043b\u044f\u0435\u0442\u0441\u044f <strong>\u0428\u0442\u0440\u0431\u0441\u043a\u0435 \u041f\u043b\u0435\u0441\u043e<\/strong>.   \u041e\u043d\u043e \u043f\u0440\u0435\u0434\u043b\u0430\u0433\u0430\u0435\u0442 <strong>7 \u043f\u0440\u043e\u0444\u0435\u0441\u0441\u0438\u043e\u043d\u0430\u043b\u044c\u043d\u043e \u0443\u0445\u043e\u0436\u0435\u043d\u043d\u044b\u0445   \u0442\u0440\u0430\u0441\u0441 \u0434\u043b\u044f \u0431\u0435\u0433\u043e\u0432\u044b\u0445 \u043b\u044b\u0436<\/strong> \u0434\u043b\u0438\u043d\u043e\u0439 \u043e\u0442 0,5 \u0434\u043e 5 \u043a\u043c.&nbsp; \u0417\u0434\u0435\u0441\u044c \u043f\u0440\u043e\u0445\u043e\u0434\u044f\u0442 \u0441\u043e\u0440\u0435\u0432\u043d\u043e\u0432\u0430\u043d\u0438\u044f \u043f\u0440\u043e\u0444\u0435\u0441\u0441\u0438\u043e\u043d\u0430\u043b\u043e\u0432   \u0438 \u043b\u044e\u0431\u0438\u0442\u0435\u043b\u0435\u0439. \u0422\u0435\u0440\u0440\u0438\u0442\u043e\u0440\u0438\u044e \u0434\u043b\u044f \u0431\u0435\u0433\u043e\u0432\u044b\u0445 \u043b\u044b\u0436 SNOW \u043c\u043e\u0436\u043d\u043e \u0438\u0441\u043f\u043e\u043b\u044c\u0437\u043e\u0432\u0430\u0442\u044c \u0432 \u0442\u0435\u0447\u0435\u043d\u0438\u0435   \u0432\u0441\u0435\u0433\u043e \u0437\u0438\u043c\u043d\u0435\u0433\u043e \u0441\u0435\u0437\u043e\u043d\u0430 \u0431\u043b\u0430\u0433\u043e\u0434\u0430\u0440\u044f \u0438\u0441\u043a\u0443\u0441\u0441\u0442\u0432\u0435\u043d\u043d\u043e\u043c\u0443 \u0437\u0430\u0441\u043d\u0435\u0436\u0438\u0432\u0430\u043d\u0438\u044e.   <br><\/p>\n\n\n\n<p>\u0413\u043e\u0440\u043d\u043e\u043b\u044b\u0436\u043d\u044b\u0435 \u0446\u0435\u043d\u0442\u0440\u044b <strong>\u0422\u0430\u0442\u0440\u0430\u043d\u0441\u043a\u0430 \u041b\u043e\u043c\u043d\u0438\u0446\u0430, \u0421\u0442\u0430\u0440\u044b \u0421\u043c\u043e\u043a\u043e\u0432\u0435\u0446 \u0438 \u043e\u043a\u0440\u0435\u0441\u0442\u043d\u043e\u0441\u0442\u0438<\/strong> \u043f\u0440\u0435\u0434\u043b\u0430\u0433\u0430\u044e\u0442 \u0431\u043e\u043b\u0435\u0435   33 \u043a\u043c \u0442\u0440\u0430\u0441\u0441 \u0434\u043b\u044f \u0431\u0435\u0433\u043e\u0432\u044b\u0445 \u043b\u044b\u0436 \u043b\u0451\u0433\u043a\u043e\u0439 \u0438 \u0441\u0440\u0435\u0434\u043d\u0435\u0439 \u0441\u043b\u043e\u0436\u043d\u043e\u0441\u0442\u0438. \u0417\u0434\u0435\u0441\u044c \u043d\u0430\u0439\u0434\u0443\u0442 \u0441\u0435\u0431\u0435   \u0437\u0430\u043d\u044f\u0442\u0438\u0435 \u043f\u043e \u0434\u0443\u0448\u0435 \u043a\u0430\u043a \u043e\u043f\u044b\u0442\u043d\u044b\u0435 \u043b\u044b\u0436\u043d\u0438\u043a\u0438, \u0442\u0430\u043a \u0438 \u043d\u043e\u0432\u0438\u0447\u043a\u0438.   <br><\/p>\n\n\n\n<p><strong>\u0413\u043e\u043b\u044c\u0444-\u0446\u0435\u043d\u0442\u0440   Black Stork Golf Resort \u0432 \u0412\u0435\u043b\u044c\u043a\u043e\u0439 \u041b\u043e\u043c\u043d\u0438\u0446\u0435 \u0437\u0438\u043c\u043e\u0439 \u043f\u0440\u0435\u0432\u0440\u0430\u0449\u0430\u0435\u0442\u0441\u044f \u0432 \u043f\u0440\u0435\u043a\u0440\u0430\u0441\u043d\u044b\u0439   \u0431\u0435\u0433\u043e\u0432\u043e\u0439 \u043b\u044b\u0436\u043d\u044b\u0439 \u043a\u043e\u043c\u043f\u043b\u0435\u043a\u0441 \u0441 \u0431\u043e\u043b\u0435\u0435 \u0447\u0435\u043c 10 \u043a\u043c \u0442\u0440\u0430\u0441\u0441, \u0430 \u0432\u0435\u043b\u043e\u0441\u0438\u043f\u0435\u0434\u043d\u0430\u044f \u0434\u043e\u0440\u043e\u0436\u043a\u0430 \u043c\u0435\u0436\u0434\u0443   \u0421\u043f\u0438\u0448\u0441\u043a\u0430 \u0411\u0435\u043b\u0430 \u0438 \u0422\u0430\u0442\u0440\u0430\u043d\u0441\u043a\u0430 \u041a\u043e\u0442\u043b\u0438\u043d\u0430 \u0437\u0438\u043c\u043e\u0439 \u0441\u0442\u0430\u043d\u043e\u0432\u0438\u0442\u0441\u044f 9-\u043a\u0438\u043b\u043e\u043c\u0435\u0442\u0440\u043e\u0432\u043e\u0439 \u043b\u0451\u0433\u043a\u043e\u0439   \u0442\u0440\u0430\u0441\u0441\u043e\u0439 \u0434\u043b\u044f \u0431\u0435\u0433\u043e\u0432\u044b\u0445 \u043b\u044b\u0436.<\/strong>   <br><\/p>\n\n\n\n<h2 class=\"wp-block-heading\"><br>\u0422\u0440\u0430\u0441\u0441\u044b \u0434\u043b\u044f \u0431\u0435\u0433\u043e\u0432\u044b\u0445 \u043b\u044b\u0436 \u0432 \u0412\u044b\u0441\u043e\u043a\u0438\u0445 \u0422\u0430\u0442\u0440\u0430\u0445<br><\/h2>\n\n\n\n<h4 class=\"wp-block-heading\" id=\"mce_13\"><a href=\"https:\/\/regiontatry.sk\/wp-content\/uploads\/2021\/12\/mapa-zima-2021-22.pdf\" target=\"_blank\" rel=\"noreferrer noopener\">>    \u0441\u043a\u0430\u0447\u0430\u0442\u044c \u041a\u0410\u0420\u0422\u0423    <<< (otvor\u00ed sa v novej karte)\">>>    \u0441\u043a\u0430\u0447\u0430\u0442\u044c \u041a\u0410\u0420\u0422\u0423    &lt;&lt;&lt;<\/a><\/h4>\n\n\n\n<figure class=\"wp-block-image\"><a href=\"https:\/\/regiontatry.sk\/wp-content\/uploads\/2021\/12\/mapa-zima-2021-22-page-001.jpg\" data-rel=\"lightbox-image-0\" data-rl_title=\"\" data-rl_caption=\"\" title=\"\"><img loading=\"lazy\" decoding=\"async\" width=\"2480\" height=\"1754\" src=\"https:\/\/regiontatry.sk\/wp-content\/uploads\/2021\/12\/mapa-zima-2021-22-page-001.jpg\" alt=\"\" class=\"wp-image-7200147\" srcset=\"https:\/\/regiontatry.sk\/wp-content\/uploads\/2021\/12\/mapa-zima-2021-22-page-001.jpg 2480w, https:\/\/regiontatry.sk\/wp-content\/uploads\/2021\/12\/mapa-zima-2021-22-page-001-300x212.jpg 300w, https:\/\/regiontatry.sk\/wp-content\/uploads\/2021\/12\/mapa-zima-2021-22-page-001-768x543.jpg 768w, https:\/\/regiontatry.sk\/wp-content\/uploads\/2021\/12\/mapa-zima-2021-22-page-001-1024x724.jpg 1024w, https:\/\/regiontatry.sk\/wp-content\/uploads\/2021\/12\/mapa-zima-2021-22-page-001-1920x1358.jpg 1920w, https:\/\/regiontatry.sk\/wp-content\/uploads\/2021\/12\/mapa-zima-2021-22-page-001-1705x1206.jpg 1705w, https:\/\/regiontatry.sk\/wp-content\/uploads\/2021\/12\/mapa-zima-2021-22-page-001-698x494.jpg 698w, https:\/\/regiontatry.sk\/wp-content\/uploads\/2021\/12\/mapa-zima-2021-22-page-001-552x390.jpg 552w\" sizes=\"(max-width: 2480px) 100vw, 2480px\" \/><\/a><\/figure>\n\n\n\n<h3 class=\"wp-block-heading\"><br>\u0417\u043e\u043d\u0430 \u043a\u0430\u0442\u0430\u043d\u0438\u044f \u043d\u0430 \u0431\u0435\u0433\u043e\u0432\u044b\u0445 \u043b\u044b\u0436\u0430\u0445 SNOW \u0428\u0442\u0440\u0431\u0441\u043a\u0435 \u041f\u043b\u0435\u0441\u043e<\/h3>\n\n\n\n<h4 class=\"wp-block-heading\"><a href=\"http:\/\/abl.sk\/zima\/trate\/\">&gt;&gt;&gt;    \u0422\u0435\u043a\u0443\u0449\u0435\u0435 \u0441\u043e\u0441\u0442\u043e\u044f\u043d\u0438\u0435 \u0442\u0440\u0430\u0441\u0441 \u0434\u043b\u044f \u0431\u0435\u0433\u043e\u0432\u044b\u0445 \u043b\u044b\u0436  &nbsp;  <\/a><strong><a href=\"http:\/\/abl.sk\/zima\/trate\/\">&lt;&lt;&lt;<\/a><\/strong><\/h4>\n\n\n\n<figure class=\"wp-block-image\"><a href=\"https:\/\/regiontatry.sk\/wp-content\/uploads\/2021\/12\/SNOW-\u0160trbsk\u00e9-Pleso.jpg\" data-rel=\"lightbox-image-1\" data-rl_title=\"\" data-rl_caption=\"\" title=\"\"><img loading=\"lazy\" decoding=\"async\" width=\"2500\" height=\"1767\" src=\"https:\/\/regiontatry.sk\/wp-content\/uploads\/2021\/12\/SNOW-\u0160trbsk\u00e9-Pleso.jpg\" alt=\"\" class=\"wp-image-7201018\" srcset=\"https:\/\/regiontatry.sk\/wp-content\/uploads\/2021\/12\/SNOW-\u0160trbsk\u00e9-Pleso.jpg 2500w, https:\/\/regiontatry.sk\/wp-content\/uploads\/2021\/12\/SNOW-\u0160trbsk\u00e9-Pleso-300x212.jpg 300w, https:\/\/regiontatry.sk\/wp-content\/uploads\/2021\/12\/SNOW-\u0160trbsk\u00e9-Pleso-768x543.jpg 768w, https:\/\/regiontatry.sk\/wp-content\/uploads\/2021\/12\/SNOW-\u0160trbsk\u00e9-Pleso-1024x724.jpg 1024w, https:\/\/regiontatry.sk\/wp-content\/uploads\/2021\/12\/SNOW-\u0160trbsk\u00e9-Pleso-1920x1357.jpg 1920w, https:\/\/regiontatry.sk\/wp-content\/uploads\/2021\/12\/SNOW-\u0160trbsk\u00e9-Pleso-1705x1205.jpg 1705w, https:\/\/regiontatry.sk\/wp-content\/uploads\/2021\/12\/SNOW-\u0160trbsk\u00e9-Pleso-698x493.jpg 698w, https:\/\/regiontatry.sk\/wp-content\/uploads\/2021\/12\/SNOW-\u0160trbsk\u00e9-Pleso-552x390.jpg 552w\" sizes=\"(max-width: 2500px) 100vw, 2500px\" \/><\/a><\/figure>\n\n\n\n<h3 class=\"wp-block-heading\"><br>\u0422\u0440\u0430\u0441\u0441\u044b \u0434\u043b\u044f \u0431\u0435\u0433\u043e\u0432\u044b\u0445 \u043b\u044b\u0436 \u0432 \u0412\u044b\u0441\u043e\u043a\u0438\u0445 \u0422\u0430\u0442\u0440\u0430\u0445<\/h3>\n\n\n\n<h4 class=\"wp-block-heading\" id=\"mce_27\"><a href=\"https:\/\/www.vysoketatry.sk\/bt.html\">&gt;&gt;&gt;  \u0422\u0435\u043a\u0443\u0449\u0435\u0435 \u0441\u043e\u0441\u0442\u043e\u044f\u043d\u0438\u0435 \u0442\u0440\u0430\u0441\u0441 \u0434\u043b\u044f \u0431\u0435\u0433\u043e\u0432\u044b\u0445 \u043b\u044b\u0436 &lt;&lt;&lt; <\/a><\/h4>\n\n\n\n<figure class=\"wp-block-image\"><img loading=\"lazy\" decoding=\"async\" width=\"700\" height=\"362\" src=\"https:\/\/regiontatry.sk\/wp-content\/uploads\/2019\/12\/i_5927958.png\" alt=\"\" class=\"wp-image-23339\" srcset=\"https:\/\/regiontatry.sk\/wp-content\/uploads\/2019\/12\/i_5927958.png 700w, https:\/\/regiontatry.sk\/wp-content\/uploads\/2019\/12\/i_5927958-300x155.png 300w, https:\/\/regiontatry.sk\/wp-content\/uploads\/2019\/12\/i_5927958-698x361.png 698w, https:\/\/regiontatry.sk\/wp-content\/uploads\/2019\/12\/i_5927958-552x285.png 552w\" sizes=\"(max-width: 700px) 100vw, 700px\" \/><\/figure>\n\n\n\n<h3 class=\"wp-block-heading\"><br>\u0422\u0440\u0430\u0441\u0441\u044b \u0434\u043b\u044f \u0431\u0435\u0433\u043e\u0432\u044b\u0445 \u043b\u044b\u0436 Black Stork, \u0412\u0435\u043b\u044c\u043a\u0430 \u041b\u043e\u043c\u043d\u0438\u0446\u0430 <\/h3>\n\n\n\n<figure class=\"wp-block-image\"><a href=\"https:\/\/regiontatry.sk\/wp-content\/uploads\/2019\/12\/bezecke-trate-black-stork-velka-lomnica-hotel-international-mapa.jpg\" data-rel=\"lightbox-image-2\" data-rl_title=\"\" data-rl_caption=\"\" title=\"\"><img loading=\"lazy\" decoding=\"async\" width=\"1024\" height=\"724\" src=\"https:\/\/regiontatry.sk\/wp-content\/uploads\/2019\/12\/bezecke-trate-black-stork-velka-lomnica-hotel-international-mapa-1024x724.jpg\" alt=\"\" class=\"wp-image-23356\" srcset=\"https:\/\/regiontatry.sk\/wp-content\/uploads\/2019\/12\/bezecke-trate-black-stork-velka-lomnica-hotel-international-mapa-1024x724.jpg 1024w, https:\/\/regiontatry.sk\/wp-content\/uploads\/2019\/12\/bezecke-trate-black-stork-velka-lomnica-hotel-international-mapa-300x212.jpg 300w, https:\/\/regiontatry.sk\/wp-content\/uploads\/2019\/12\/bezecke-trate-black-stork-velka-lomnica-hotel-international-mapa-768x543.jpg 768w, https:\/\/regiontatry.sk\/wp-content\/uploads\/2019\/12\/bezecke-trate-black-stork-velka-lomnica-hotel-international-mapa-698x493.jpg 698w, https:\/\/regiontatry.sk\/wp-content\/uploads\/2019\/12\/bezecke-trate-black-stork-velka-lomnica-hotel-international-mapa-552x390.jpg 552w, https:\/\/regiontatry.sk\/wp-content\/uploads\/2019\/12\/bezecke-trate-black-stork-velka-lomnica-hotel-international-mapa.jpg 1600w\" sizes=\"(max-width: 1024px) 100vw, 1024px\" \/><\/a><\/figure>\n\n\n\n<div style=\"height:100px\" aria-hidden=\"true\" class=\"wp-block-spacer\"><\/div>\n\n\n\n<p> \u0412\u044b\u0431\u0435\u0440\u0438\u0442\u0435 \u0441\u0442\u0438\u043b\u044c, \u043a\u043e\u0442\u043e\u0440\u044b\u0439 \u0412\u0430\u043c \u0431\u043e\u043b\u044c\u0448\u0435 \u043f\u043e\u0434\u0445\u043e\u0434\u0438\u0442.   \u041a\u043b\u0430\u0441\u0441\u0438\u0447\u0435\u0441\u043a\u0438\u0439 \u0441\u0442\u0438\u043b\u044c \u043d\u0430 \u0444\u0440\u0435\u0437\u0435\u0440\u043e\u0432\u0430\u043d\u043d\u043e\u0439 \u043b\u044b\u0436\u043d\u0435 \u0438\u043b\u0438 \u0442\u0430\u043a \u043d\u0430\u0437\u044b\u0432\u0430\u0435\u043c\u044b\u0439 \u043a\u043e\u043d\u044c\u043a\u043e\u0432\u044b\u0439 \u0441\u0442\u0438\u043b\u044c   \u043d\u0430 \u043f\u043e\u0434\u0433\u043e\u0442\u043e\u0432\u043b\u0435\u043d\u043d\u043e\u0439 \u0440\u0430\u0442\u0440\u0430\u043a\u043e\u043c \u0442\u0440\u0430\u0441\u0441\u0435.   <br><\/p>\n\n\n\n<p>\u0415\u0441\u043b\u0438 \u0412\u044b \u0445\u043e\u0442\u0438\u0442\u0435 \u0437\u0430\u043d\u0438\u043c\u0430\u0442\u044c\u0441\u044f \u0441\u043f\u043e\u0440\u0442\u043e\u043c \u0432\u043e \u0432\u0440\u0435\u043c\u044f   \u043e\u0442\u043f\u0443\u0441\u043a\u0430, \u043d\u043e \u0441 \u043c\u0438\u043d\u0438\u043c\u0430\u043b\u044c\u043d\u043e\u0439 \u043d\u0430\u0433\u0440\u0443\u0437\u043a\u043e\u0439 \u043d\u0430 \u0441\u0443\u0441\u0442\u0430\u0432\u044b \u0438 \u043c\u0430\u043a\u0441\u0438\u043c\u0430\u043b\u044c\u043d\u043e\u0439 \u0444\u0438\u0437\u0438\u0447\u0435\u0441\u043a\u043e\u0439   \u043f\u043e\u0434\u0433\u043e\u0442\u043e\u0432\u043a\u043e\u0439, \u0431\u0435\u0433\u043e\u0432\u044b\u0435 \u043b\u044b\u0436\u0438 &#8212; \u043f\u043e\u0434\u0445\u043e\u0434\u044f\u0449\u0438\u0439 \u0434\u043b\u044f \u0412\u0430\u0441 \u0432\u0438\u0434 \u0441\u043f\u043e\u0440\u0442\u0430.   <br><\/p>\n\n\n\n<figure class=\"wp-block-image\"><a href=\"http:\/\/regiontatry.sk\/wp-content\/uploads\/2013\/10\/obr01_1000.png\" class=\"broken_link\" data-rel=\"lightbox-image-3\" data-rl_title=\"\" data-rl_caption=\"\" title=\"\"><img decoding=\"async\" src=\"http:\/\/regiontatry.sk\/wp-content\/uploads\/2013\/10\/obr01_1000.png\" alt=\"\"\/><\/a><\/figure>\n\n\n\n<h2 class=\"wp-block-heading\"><br><strong>\u041f\u0440\u043e\u043a\u0430\u0442 \u0431\u0435\u0433\u043e\u0432\u044b\u0445 \u043b\u044b\u0436 \u0438 \u043e\u0431\u043e\u0440\u0443\u0434\u043e\u0432\u0430\u043d\u0438\u044f \u0434\u043b\u044f \u0431\u0435\u0433\u043e\u0432\u044b\u0445 \u043b\u044b\u0436<\/strong>   <\/h2>\n\n\n\n<table class=\"wp-block-table\"><tbody><tr><td><strong>INTERSPORT RENT GALFY<\/strong><\/td><td>Horn\u00fd Smokovec<br>\u0160trbsk\u00e9 Pleso, Hotel Crocus<br><\/td><td>+421 52 478 14 02<br>+421 52 446 84 35<br><\/td><td><a href=\"https:\/\/www.galfy.sk\/pozicovna\" class=\"broken_link\">www.galfy.sk\/pozicovna<\/a><\/td><\/tr><tr><td><strong>INTERSPORT RENT \u0160TRBSK\u00c9 PLESO <\/strong><\/td><td>ved\u013ea budovy infocentra <\/td><td> +421 903 409 189 <\/td><td><a href=\"http:\/\/www.vt.sk\/ski-skola-a-pozicovna\/pozicovna-vystroje-tatry-motion\" target=\"_blank\" rel=\"noreferrer noopener\" label=\"www.vt.sk\/ski-skola-a-pozicovna\/pozicovna-vystroje-tatry-motion (otvor\u00ed sa v novej karte)\" class=\"broken_link\">www.vt.sk\/ski-skola-a-pozicovna\/pozicovna-vystroje-tatry-motion<\/a><br><\/td><\/tr><tr><td><strong>Are\u00e1l be\u017eeck\u00e9ho ly\u017eovania SNOW<\/strong> <\/td><td>ABL Snow, \u0160trbsk\u00e9 Pleso<\/td><td>+421 911 576 667<\/td><td><a href=\"http:\/\/abl.sk\/zima\/sluzby\/\">abl.sk<\/a><\/td><\/tr><tr><td><strong>KRAMER<\/strong><\/td><td>Tatransk\u00e1 Lomnica (Slne\u010dn\u00fd dom)<\/td><td>&nbsp;+421 917 420 976<\/td><td><a href=\"http:\/\/www.ski-tatry.sk\" target=\"_blank\" rel=\"noreferrer noopener\">www.ski-tatry.sk<\/a><\/td><\/tr><tr><td><strong>TATRA SKI SCHOOL<\/strong><\/td><td>\u0160trbsk\u00e9 Pleso (Are\u00e1l Snov)<\/td><td>&nbsp;+421 908 318 080<\/td><td><a href=\"https:\/\/www.skirent.sk\/\" target=\"_blank\" rel=\"noreferrer noopener\">www.skirent.sk<\/a><\/td><\/tr><tr><td><strong>SKIRENTAL<\/strong><br><\/td><td>Tatransk\u00e1 Lomnica (Hotel Morava)<br>\u0160trbsk\u00e9 Pleso (Hotel Crocus)<br>Tatransk\u00e1 \u0160trba (Penzi\u00f3n \u0160trba)<br><\/td><td>+421 907 125 436, <\/td><td><a href=\"http:\/\/www.skirental.sk\" target=\"_blank\" rel=\"noreferrer noopener\" aria-label=\"www.skirental.sk (otvor\u00ed sa v novej karte)\">www.skirental.sk<\/a><\/td><\/tr><tr><td><strong>PROGRES TATRY<\/strong> <\/td><td>Star\u00fd Smokovec<br>Tatransk\u00e1 Lomnica<br>\u0160trbsk\u00e9 Pleso<br><\/td><td>+421 905 202 845<br><\/td><td><a href=\"http:\/\/www.progrestatry.sk\" target=\"_blank\" rel=\"noreferrer noopener\" aria-label=\"www.progrestatry.sk (otvor\u00ed sa v novej karte)\">www.progrestatry.sk<\/a><\/td><\/tr><\/tbody><\/table>\n\n\n\n<div class=\"wp-block-image\"><figure class=\"alignright\"><img decoding=\"async\" src=\"http:\/\/regiontatry.sk\/wp-content\/uploads\/2017\/01\/ministerstvo-dopravy-a-vystavby-sr.jpg\" alt=\"\"\/><\/figure><\/div>\n\n\n\n<p><br>   \u0420\u0435\u0433\u0443\u043b\u044f\u0440\u043d\u0430\u044f \u043f\u043e\u0434\u0433\u043e\u0442\u043e\u0432\u043a\u0430   \u0442\u0440\u0430\u0441\u0441 \u0434\u043b\u044f \u0431\u0435\u0433\u043e\u0432\u044b\u0445 \u043b\u044b\u0436 \u043d\u0430 \u0428\u0442\u0440\u0431\u0441\u043a\u043e\u043c \u041f\u043b\u0435\u0441\u043e, \u0421\u0442\u0430\u0440\u043e\u043c \u0421\u043c\u043e\u043a\u043e\u0432\u0446\u0435 \u0438 \u0422\u0430\u0442\u0440\u0430\u043d\u0441\u043a\u043e\u0439 \u041b\u043e\u043c\u043d\u0438\u0446\u0435   \u043e\u0441\u0443\u0449\u0435\u0441\u0442\u0432\u043b\u044f\u0435\u0442\u0441\u044f \u043f\u0440\u0438 \u0444\u0438\u043d\u0430\u043d\u0441\u043e\u0432\u043e\u0439 \u043f\u043e\u0434\u0434\u0435\u0440\u0436\u043a\u0435 \u041c\u0438\u043d\u0438\u0441\u0442\u0435\u0440\u0441\u0442\u0432\u0430 \u0442\u0440\u0430\u043d\u0441\u043f\u043e\u0440\u0442\u0430 \u0438   \u0441\u0442\u0440\u043e\u0438\u0442\u0435\u043b\u044c\u0441\u0442\u0432\u0430 \u0421\u043b\u043e\u0432\u0430\u0446\u043a\u043e\u0439 \u0420\u0435\u0441\u043f\u0443\u0431\u043b\u0438\u043a\u0438.   <br><\/p>\n","protected":false},"excerpt":{"rendered":"<p>\u041a\u0430\u0442\u0430\u043d\u0438\u0435 \u043d\u0430 \u0431\u0435\u0433\u043e\u0432\u044b\u0445 \u043b\u044b\u0436\u0430\u0445 \u0445\u0430\u0440\u0430\u043a\u0442\u0435\u0440\u043d\u043e \u0434\u043b\u044f \u0437\u0438\u043c\u044b \u0432 \u0412\u044b\u0441\u043e\u043a\u0438\u0445 \u0422\u0430\u0442\u0440\u0430\u0445 \u0432 \u0442\u043e\u0439 \u0436\u0435 \u0441\u0442\u0435\u043f\u0435\u043d\u0438, \u0447\u0442\u043e \u0438 \u0433\u043e\u0440\u043d\u044b\u0435 \u043b\u044b\u0436\u0438 \u0438\u043b\u0438 \u0441\u043a\u0438-\u0430\u043b\u044c\u043f\u0438\u043d\u0438\u0437\u043c. \u0414\u043b\u044f \u0412\u0430\u0441 \u0432 \u043a\u0430\u0436\u0434\u043e\u043c \u0438\u0437 \u0442\u0430\u0442\u0440\u0430\u043d\u0441\u043a\u0438\u0445 \u043f\u043e\u0441\u0451\u043b\u043a\u043e\u0432 \u043f\u043e\u0434\u0433\u043e\u0442\u043e\u0432\u043b\u0435\u043d\u044b \u043e\u0442\u043b\u0438\u0447\u043d\u044b\u0435 \u0442\u0440\u0430\u0441\u0441\u044b \u0434\u043b\u044f \u0431\u0435\u0433\u043e\u0432\u044b\u0445 \u043b\u044b\u0436 \u043e\u0431\u0449\u0435\u0439 \u043f\u0440\u043e\u0442\u044f\u0436\u0451\u043d\u043d\u043e\u0441\u0442\u044c\u044e \u0431\u043e\u043b\u0435\u0435 64 \u043a\u043c. \u0421\u0430\u043c\u044b\u043c \u043a\u0440\u0443\u043f\u043d\u044b\u043c \u043c\u0435\u0441\u0442\u043e\u043c \u0434\u043b\u044f \u043a\u0430\u0442\u0430\u043d\u0438\u044f \u043d\u0430 \u0431\u0435\u0433\u043e\u0432\u044b\u0445 \u043b\u044b\u0436\u0430\u0445 \u0432 \u0422\u0430\u0442\u0440\u0430\u0445 \u044f\u0432\u043b\u044f\u0435\u0442\u0441\u044f \u0428\u0442\u0440\u0431\u0441\u043a\u0435 \u041f\u043b\u0435\u0441\u043e. \u041e\u043d\u043e \u043f\u0440\u0435\u0434\u043b\u0430\u0433\u0430\u0435\u0442 7 \u043f\u0440\u043e\u0444\u0435\u0441\u0441\u0438\u043e\u043d\u0430\u043b\u044c\u043d\u043e [&hellip;]<\/p>\n","protected":false},"author":1,"featured_media":9230243,"parent":0,"menu_order":0,"comment_status":"closed","ping_status":"closed","template":"template-simple-page.php","meta":{"footnotes":""},"class_list":["post-9230241","page","type-page","status-publish","has-post-thumbnail","hentry"],"_links":{"self":[{"href":"https:\/\/regiontatry.sk\/ru\/wp-json\/wp\/v2\/pages\/9230241"}],"collection":[{"href":"https:\/\/regiontatry.sk\/ru\/wp-json\/wp\/v2\/pages"}],"about":[{"href":"https:\/\/regiontatry.sk\/ru\/wp-json\/wp\/v2\/types\/page"}],"author":[{"embeddable":true,"href":"https:\/\/regiontatry.sk\/ru\/wp-json\/wp\/v2\/users\/1"}],"replies":[{"embeddable":true,"href":"https:\/\/regiontatry.sk\/ru\/wp-json\/wp\/v2\/comments?post=9230241"}],"version-history":[{"count":2,"href":"https:\/\/regiontatry.sk\/ru\/wp-json\/wp\/v2\/pages\/9230241\/revisions"}],"predecessor-version":[{"id":9239329,"href":"https:\/\/regiontatry.sk\/ru\/wp-json\/wp\/v2\/pages\/9230241\/revisions\/9239329"}],"wp:featuredmedia":[{"embeddable":true,"href":"https:\/\/regiontatry.sk\/ru\/wp-json\/wp\/v2\/media\/9230243"}],"wp:attachment":[{"href":"https:\/\/regiontatry.sk\/ru\/wp-json\/wp\/v2\/media?parent=9230241"}],"curies":[{"name":"wp","href":"https:\/\/api.w.org\/{rel}","templated":true}]}}