{"id":9232863,"date":"2022-10-20T13:32:53","date_gmt":"2022-10-20T11:32:53","guid":{"rendered":"https:\/\/regiontatry.sk\/templul-de-gheata-tatransky-dom\/"},"modified":"2025-11-14T10:08:13","modified_gmt":"2025-11-14T09:08:13","slug":"%d1%82%d0%b0%d1%82%d1%80%d0%b0%d0%bd%d1%81%d0%ba%d0%b8%d0%b9-%d0%b4%d0%be%d0%bc","status":"publish","type":"page","link":"https:\/\/regiontatry.sk\/ru\/%d1%82%d0%b0%d1%82%d1%80%d0%b0%d0%bd%d1%81%d0%ba%d0%b8%d0%b9-%d0%b4%d0%be%d0%bc\/","title":{"rendered":"\u0422\u0410\u0422\u0420\u0410\u041d\u0421\u041a\u0418\u0419 \u0414\u041e\u041c"},"content":{"rendered":"\n<p>\u0422\u0430\u0442\u0440\u0430\u043d\u0441\u043a\u0438\u0439 \u043b\u0435\u0434\u043e\u0432\u044b\u0439 \u0434\u043e\u043c &#8212; \u044d\u0442\u043e \u0443\u043d\u0438\u043a\u0430\u043b\u044c\u043d\u0430\u044f \u0434\u043e\u0441\u0442\u043e\u043f\u0440\u0438\u043c\u0435\u0447\u0430\u0442\u0435\u043b\u044c\u043d\u043e\u0441\u0442\u044c, \u043a\u043e\u0442\u043e\u0440\u0443\u044e \u043d\u0435\u043b\u044c\u0437\u044f \u043d\u0435 \u043f\u043e\u0441\u0435\u0442\u0438\u0442\u044c \u0432 \u0412\u044b\u0441\u043e\u043a\u0438\u0445 \u0422\u0430\u0442\u0440\u0430\u0445 \u0432 \u0437\u0438\u043c\u043d\u0438\u0439 \u0441\u0435\u0437\u043e\u043d. \u041f\u0440\u043e\u0432\u0435\u0434\u0438\u0442\u0435 \u043f\u0440\u0435\u043a\u0440\u0430\u0441\u043d\u043e\u0435 \u0437\u0438\u043c\u043d\u0435\u0435 \u0432\u0440\u0435\u043c\u044f \u0432 \u0422\u0430\u0442\u0440\u0430\u0445 \u0438 \u0443\u0432\u0435\u0437\u0438\u0442\u0435 \u0441 \u0441\u043e\u0431\u043e\u0439 <strong>\u043d\u0435\u0437\u0430\u0431\u044b\u0432\u0430\u0435\u043c\u044b\u0435 \u0432\u043f\u0435\u0447\u0430\u0442\u043b\u0435\u043d\u0438\u044f \u043e\u0442 \u0422\u0430\u0442\u0440\u0430\u043d\u0441\u043a\u043e\u0433\u043e \u043b\u0435\u0434\u043e\u0432\u043e\u0433\u043e \u0434\u043e\u043c\u0430 \u043d\u0430 \u0413\u0440\u0435\u0431\u0438\u0435\u043d\u043a\u0435.   <\/strong><br><\/p>\n\n\n\n<p>\u0412 \u044d\u0442\u043e\u043c \u0433\u043e\u0434\u0443 \u0412\u044b \u0442\u0430\u043a\u0436\u0435 \u043c\u043e\u0436\u0435\u0442\u0435 \u0440\u0430\u0441\u0441\u0447\u0438\u0442\u044b\u0432\u0430\u0442\u044c \u043d\u0430   \u0444\u0438\u043b\u0438\u0433\u0440\u0430\u043d\u043d\u0443\u044e \u0440\u0430\u0431\u043e\u0442\u0443 \u0438 \u0443\u0434\u0438\u0432\u0438\u0442\u0435\u043b\u044c\u043d\u044b\u0435 \u0434\u0435\u0442\u0430\u043b\u0438, \u043a\u043e\u0442\u043e\u0440\u044b\u0435 \u0443\u0441\u0438\u043b\u044f\u0442 \u0432\u043f\u0435\u0447\u0430\u0442\u043b\u0435\u043d\u0438\u044f \u043e\u0442   \u043f\u043e\u0441\u0435\u0449\u0435\u043d\u0438\u044f \u041b\u0435\u0434\u043e\u0432\u043e\u0433\u043e \u0434\u043e\u043c\u0430. \u041b\u0435\u0434\u044f\u043d\u0430\u044f \u043a\u043e\u043f\u0438\u044f \u043e\u0434\u043d\u043e\u0433\u043e \u0438\u0437 \u0441\u0430\u043c\u044b\u0445 \u0432\u0430\u0436\u043d\u044b\u0445 \u043c\u0435\u0441\u0442   \u043f\u0430\u043b\u043e\u043c\u043d\u0438\u0447\u0435\u0441\u0442\u0432\u0430 \u0432 \u0415\u0432\u0440\u043e\u043f\u0435 \u0432\u044b\u0440\u043e\u0441\u043b\u0430 \u043d\u0430 \u0413\u0440\u0435\u0431\u0438\u0435\u043d\u043a\u0435 \u0432 \u0412\u044b\u0441\u043e\u043a\u0438\u0445 \u0422\u0430\u0442\u0440\u0430\u0445. <strong>\u041a\u0430\u0444\u0435\u0434\u0440\u0430\u043b\u044c\u043d\u044b\u0439   \u0421\u043e\u0431\u043e\u0440 \u0421\u0432\u044f\u0442\u043e\u0433\u043e \u0418\u0430\u043a\u043e\u0432\u0430 \u0432 \u0421\u0430\u043d\u0442\u044c\u044f\u0433\u043e-\u0434\u0435-\u041a\u043e\u043c\u043f\u043e\u0441\u0442\u0435\u043b\u0430 \u043a\u0430\u043a \u0446\u0435\u043b\u044c \u043f\u0430\u043b\u043e\u043c\u043d\u0438\u0447\u0435\u0441\u0442\u0432\u0430 \u043f\u043e \u043f\u0443\u0442\u0438   \u0421\u0432\u044f\u0442\u043e\u0433\u043e \u0418\u0430\u043a\u043e\u0432\u0430<\/strong> \u0441\u0442\u0430\u043d\u0435\u0442 \u0431\u043b\u0430\u0433\u043e\u0434\u0430\u0440\u044f   \u0422\u0430\u0442\u0440\u0430\u043d\u0441\u043a\u043e\u043c\u0443 \u043b\u0435\u0434\u043e\u0432\u043e\u043c\u0443 \u0434\u043e\u043c\u0443 \u043e\u0440\u0438\u0433\u0438\u043d\u0430\u043b\u044c\u043d\u044b\u043c \u0441\u0438\u043c\u0432\u043e\u043b\u043e\u043c \u043a\u043e\u043d\u0446\u0430 \u044d\u043f\u043e\u0445\u0438, \u043e\u0442\u043c\u0435\u0447\u0435\u043d\u043d\u043e\u0439   \u043f\u0430\u043d\u0434\u0435\u043c\u0438\u0435\u0439, \u0438 \u043d\u043e\u0432\u043e\u0433\u043e \u043d\u0430\u0447\u0430\u043b\u0430.   <br><\/p>\n\n\n\n<p><strong>\u0422\u0430\u0442\u0440\u0430\u043d\u0441\u043a\u0430\u044f \u043b\u0435\u0434\u043e\u0432\u0430\u044f   \u043a\u0440\u0430\u0441\u0430\u0432\u0438\u0446\u0430 \u0438\u0449\u0435\u0442 \u0432\u0434\u043e\u0445\u043d\u043e\u0432\u0435\u043d\u0438\u0435 \u0432\u043e \u0432\u0441\u0435\u043c\u0438\u0440\u043d\u043e \u0438\u0437\u0432\u0435\u0441\u0442\u043d\u044b\u0445 \u0437\u0434\u0430\u043d\u0438\u044f\u0445, <\/strong>\u0438 \u044d\u0442\u043e\u0442 \u0433\u043e\u0434 \u043d\u0435 \u0441\u0442\u0430\u043d\u0435\u0442   \u0438\u0441\u043a\u043b\u044e\u0447\u0435\u043d\u0438\u0435\u043c. \u0421\u043e\u0431\u043e\u0440, \u043a\u043e\u0442\u043e\u0440\u044b\u0439 \u0441\u0442\u0430\u043b \u043c\u043e\u0434\u0435\u043b\u044c\u044e \u043d\u0430\u0448\u0435\u0433\u043e \u043f\u0440\u043e\u0435\u043a\u0442\u0430<strong>, \u0432\u0445\u043e\u0434\u0438\u0442 \u0432 \u0441\u043f\u0438\u0441\u043e\u043a   \u0412\u0441\u0435\u043c\u0438\u0440\u043d\u043e\u0433\u043e \u043d\u0430\u0441\u043b\u0435\u0434\u0438\u044f \u042e\u041d\u0415\u0421\u041a\u041e <\/strong>\u0438 \u0445\u0430\u0440\u0430\u043a\u0442\u0435\u0440\u0438\u0437\u0443\u0435\u0442\u0441\u044f \u0440\u043e\u043c\u0430\u043d\u0441\u043a\u0438\u043c \u0441\u0442\u0438\u043b\u0435\u043c \u0437\u0434\u0430\u043d\u0438\u044f.   \u041e\u0434\u043d\u0430\u043a\u043e \u0432 \u043e\u0442\u0434\u0435\u043b\u043a\u0435 \u0437\u0434\u0430\u043d\u0438\u044f \u043f\u0440\u0438\u0441\u0443\u0442\u0441\u0442\u0432\u0443\u044e\u0442 \u043a\u0430\u043a<strong> \u0433\u043e\u0442\u0438\u0447\u0435\u0441\u043a\u0438\u0435, \u0442\u0430\u043a \u0438 \u0431\u0430\u0440\u043e\u0447\u043d\u044b\u0435   \u0434\u043e\u043f\u043e\u043b\u043d\u0435\u043d\u0438\u044f.<\/strong>   <br><\/p>\n\n\n\n<p>\u0412 \u0441\u043e\u0437\u0434\u0430\u043d\u0438\u0438 \u0448\u0435\u0434\u0435\u0432\u0440\u0430   \u043f\u0440\u0438\u043d\u0438\u043c\u0430\u044e\u0442 \u0443\u0447\u0430\u0441\u0442\u0438\u0435 \u043c\u043d\u043e\u0433\u0438\u0435 \u0441\u043a\u0443\u043b\u044c\u043f\u0442\u043e\u0440\u044b \u0438 \u0440\u0435\u0437\u0447\u0438\u043a\u0438 \u0438\u0437 \u0427\u0435\u0445\u0438\u0438, \u0421\u043b\u043e\u0432\u0430\u043a\u0438\u0438 \u0438 \u0421\u0428\u0410.   \u0413\u043b\u0430\u0432\u043d\u044b\u043c \u0441\u0442\u0440\u043e\u0438\u0442\u0435\u043b\u0435\u043c \u0432 \u044d\u0442\u043e\u043c \u0433\u043e\u0434\u0443 \u0441\u043d\u043e\u0432\u0430 \u0441\u0442\u0430\u043b \u0442\u0430\u043b\u0430\u043d\u0442\u043b\u0438\u0432\u044b\u0439 \u0445\u0443\u0434\u043e\u0436\u043d\u0438\u043a \u0410\u0434\u0430\u043c \u0411\u0430\u043a\u043e\u0448.   \u0423\u043c\u0435\u043b\u044b\u0435 \u0440\u0443\u043a\u0438 \u043c\u0430\u0441\u0442\u0435\u0440\u043e\u0432 \u0441\u043e\u0437\u0434\u0430\u044e\u0442 \u0442\u043e\u0447\u043d\u043e\u0435 \u043f\u0440\u043e\u0438\u0437\u0432\u0435\u0434\u0435\u043d\u0438\u0435 \u0438\u0441\u043a\u0443\u0441\u0441\u0442\u0432\u0430. \u041f\u043e\u0434 \u0438\u0445 \u0440\u0443\u043a\u0430\u043c\u0438 \u043f\u0440\u043e\u0445\u043e\u0434\u044f\u0442   \u043d\u0435\u0432\u0435\u0440\u043e\u044f\u0442\u043d\u044b\u0435 1880 \u0433\u043b\u044b\u0431 \u043b\u044c\u0434\u0430, \u043a\u043e\u0442\u043e\u0440\u044b\u0435 \u0432\u043c\u0435\u0441\u0442\u0435 \u0432\u0435\u0441\u044f\u0442 \u0431\u043e\u043b\u0435\u0435 225 \u0442\u043e\u043d\u043d. \u0412 \u044d\u0442\u043e\u043c \u0433\u043e\u0434\u0443   \u041b\u0435\u0434\u043e\u0432\u044b\u0439 \u0434\u043e\u043c \u0441\u043d\u043e\u0432\u0430 \u0440\u0430\u0437\u043c\u0435\u0441\u0442\u0438\u043b\u0441\u044f \u0432 \u043a\u0443\u043f\u043e\u043b\u0435 \u0434\u0438\u0430\u043c\u0435\u0442\u0440\u043e\u043c 25 \u043c, \u0430 \u0441\u0430\u043c\u0430\u044f \u0432\u044b\u0441\u043e\u043a\u0430\u044f \u0442\u043e\u0447\u043a\u0430   \u043a\u043e\u043d\u0441\u0442\u0440\u0443\u043a\u0446\u0438\u0438 \u0432 \u043d\u0430\u0441\u0442\u043e\u044f\u0449\u0435\u0435 \u0432\u0440\u0435\u043c\u044f \u0434\u043e\u0441\u0442\u0438\u0433\u0430\u0435\u0442 12 \u043c \u0432 \u0432\u044b\u0441\u043e\u0442\u0443.   <br><\/p>\n\n\n\n<p>\u042d\u0442\u043e \u0432\u0435\u043b\u0438\u0447\u0435\u0441\u0442\u0432\u0435\u043d\u043d\u043e\u0435 \u0441\u043e\u043e\u0440\u0443\u0436\u0435\u043d\u0438\u0435, \u043d\u0435 \u0438\u043c\u0435\u044e\u0449\u0435\u0435   \u0430\u043d\u0430\u043b\u043e\u0433\u043e\u0432 \u0432 \u0421\u043b\u043e\u0432\u0430\u043a\u0438\u0438, \u043e\u043f\u0440\u0435\u0434\u0435\u043b\u0451\u043d\u043d\u043e \u0441\u0442\u043e\u0438\u0442 \u043f\u043e\u0441\u0435\u0442\u0438\u0442\u044c. \u041e\u043d\u043e \u043e\u0447\u0430\u0440\u0443\u0435\u0442 \u0412\u0430\u0441 \u0441\u0432\u043e\u0435\u0439   \u0442\u0449\u0430\u0442\u0435\u043b\u044c\u043d\u043e\u0439 \u0440\u0430\u0431\u043e\u0442\u043e\u0439 \u0438 \u0434\u0435\u0442\u0430\u043b\u044f\u043c\u0438, \u043a\u043e\u0442\u043e\u0440\u044b\u0435 \u043f\u043e\u0434\u0447\u0451\u0440\u043a\u0438\u0432\u0430\u044e\u0442\u0441\u044f \u043f\u0440\u0438\u044f\u0442\u043d\u044b\u043c \u043e\u0441\u0432\u0435\u0449\u0435\u043d\u0438\u0435\u043c.   \u041f\u0440\u0438\u0445\u043e\u0434\u0438\u0442\u0435 \u0438 \u043d\u0430\u0441\u043b\u0430\u0434\u0438\u0442\u0435\u0441\u044c \u044d\u0442\u0438\u043c \u0443\u043d\u0438\u043a\u0430\u043b\u044c\u043d\u044b\u043c \u0441\u043b\u043e\u0432\u0430\u0446\u043a\u0438\u043c \u0441\u043e\u043e\u0440\u0443\u0436\u0435\u043d\u0438\u0435\u043c \u0438 \u043d\u0430 \u043c\u0433\u043d\u043e\u0432\u0435\u043d\u0438\u0435   \u043f\u0435\u0440\u0435\u043d\u0435\u0441\u0438\u0442\u0435\u0441\u044c \u0432 \u0422\u0430\u0442\u0440\u0430\u043d\u0441\u043a\u0443\u044e \u043b\u0435\u0434\u043e\u0432\u0443\u044e \u0441\u043a\u0430\u0437\u043a\u0443. \u0415\u0449\u0451 \u0431\u043e\u043b\u0435\u0435 \u0441\u0438\u043b\u044c\u043d\u044b\u0435 \u044d\u043c\u043e\u0446\u0438\u0438 \u0432\u043e\u0437\u043d\u0438\u043a\u0430\u044e\u0442   \u0443 \u043f\u043e\u0441\u0435\u0442\u0438\u0442\u0435\u043b\u0435\u0439, \u043a\u043e\u0433\u0434\u0430 \u043a\u0443\u043f\u043e\u043b \u043d\u0430\u043f\u043e\u043b\u043d\u044f\u0435\u0442\u0441\u044f \u043c\u0443\u0437\u044b\u043a\u043e\u0439, \u0431\u043b\u0430\u0433\u043e\u0434\u0430\u0440\u044f \u043f\u0440\u043e\u0432\u043e\u0434\u0438\u043c\u044b\u043c \u043c\u0443\u0437\u044b\u043a\u0430\u043b\u044c\u043d\u044b\u043c   \u043a\u043e\u043d\u0446\u0435\u0440\u0442\u0430\u043c.   <\/p>\n\n\n\n<p>\u0422\u0430\u0442\u0440\u0430\u043d\u0441\u043a\u0438\u0439 \u0434\u043e\u043c \u043e\u0442\u043a\u0440\u044b\u0442 \u0435\u0436\u0435\u0434\u043d\u0435\u0432\u043d\u043e \u0441 9:00 \u0434\u043e 16:15, \u043f\u043e \u0441\u0443\u0431\u0431\u043e\u0442\u0430\u043c \u0441 9:00 \u0434\u043e 19:15.<\/p>\n\n\n\n<p> \u0412\u0445\u043e\u0434: \u0431\u0435\u0441\u043f\u043b\u0430\u0442\u043d\u044b\u0439 <br><\/p>\n\n\n\n<p><br><\/p>\n\n\n\n<div style=\"height:100px\" aria-hidden=\"true\" class=\"wp-block-spacer\"><\/div>\n\n\n\n<p> \u0413\u0410\u041b\u0415\u0420\u0415\u042f \u0422\u0410\u0422\u0420\u0410\u041d\u0421\u041a\u0418\u0425 \u041b\u0415\u0414\u041e\u0412\u042b\u0425 \u0414\u041e\u041c\u041e\u0412: <br><\/p>\n\n\n\n<p>2021\/2022 Catedrala Sf. James, Santiago de Compostela<br>2020\/2021 Biserica \u00cenvierea lui Hristos din Sankt Petersburg<br>2019\/2020 Templul Maicii Domnului din Paris, NotreDame <br>2018\/2019 Bazilica Sf\u00e2ntul Petru din Roma <br>2017\/2018 Sagrada Familia, Spania<br>2016\/2017 Stilul gotic din regiunea Spi\u0161 \u2013 Slovacia<br>2015\/2016 Baroc<br>2014\/2015 P\u0103durile c\u00e2nt\u0103 ve\u0219nic <br>2013\/2014 Stilul gotic din Praga<\/p>\n\n\n\n<figure class=\"wp-block-gallery has-nested-images columns-2 is-cropped wp-block-gallery-2 is-layout-flex wp-block-gallery-is-layout-flex\">\n<figure class=\"wp-block-image\"><img loading=\"lazy\" decoding=\"async\" width=\"1024\" height=\"664\" data-id=\"8567965\" src=\"https:\/\/regiontatry.sk\/wp-content\/uploads\/2022\/10\/c4418b01f144eed19813c5caa7cc6319-1024x664.jpg\" alt=\"\" class=\"wp-image-8567965\" srcset=\"https:\/\/regiontatry.sk\/wp-content\/uploads\/2022\/10\/c4418b01f144eed19813c5caa7cc6319-1024x664.jpg 1024w, https:\/\/regiontatry.sk\/wp-content\/uploads\/2022\/10\/c4418b01f144eed19813c5caa7cc6319-300x195.jpg 300w, https:\/\/regiontatry.sk\/wp-content\/uploads\/2022\/10\/c4418b01f144eed19813c5caa7cc6319-768x498.jpg 768w, https:\/\/regiontatry.sk\/wp-content\/uploads\/2022\/10\/c4418b01f144eed19813c5caa7cc6319-1705x1106.jpg 1705w, https:\/\/regiontatry.sk\/wp-content\/uploads\/2022\/10\/c4418b01f144eed19813c5caa7cc6319-698x453.jpg 698w, https:\/\/regiontatry.sk\/wp-content\/uploads\/2022\/10\/c4418b01f144eed19813c5caa7cc6319-552x358.jpg 552w, https:\/\/regiontatry.sk\/wp-content\/uploads\/2022\/10\/c4418b01f144eed19813c5caa7cc6319.jpg 1798w\" sizes=\"(max-width: 1024px) 100vw, 1024px\" \/><figcaption class=\"wp-element-caption\">2021\/2022 Katedr\u00e1la sv. Jakuba, Santiago de Compostela<\/figcaption><\/figure>\n\n\n\n<figure class=\"wp-block-image\"><img loading=\"lazy\" decoding=\"async\" width=\"1024\" height=\"676\" data-id=\"8567981\" src=\"https:\/\/regiontatry.sk\/wp-content\/uploads\/2022\/10\/csm_c_Marek_Hajkovsky_foto_LADOVY_DOM_2020__12_89c6ac49b4-1024x676.jpg\" alt=\"\" class=\"wp-image-8567981\" srcset=\"https:\/\/regiontatry.sk\/wp-content\/uploads\/2022\/10\/csm_c_Marek_Hajkovsky_foto_LADOVY_DOM_2020__12_89c6ac49b4.jpg 1024w, https:\/\/regiontatry.sk\/wp-content\/uploads\/2022\/10\/csm_c_Marek_Hajkovsky_foto_LADOVY_DOM_2020__12_89c6ac49b4-300x198.jpg 300w, https:\/\/regiontatry.sk\/wp-content\/uploads\/2022\/10\/csm_c_Marek_Hajkovsky_foto_LADOVY_DOM_2020__12_89c6ac49b4-768x507.jpg 768w, https:\/\/regiontatry.sk\/wp-content\/uploads\/2022\/10\/csm_c_Marek_Hajkovsky_foto_LADOVY_DOM_2020__12_89c6ac49b4-698x461.jpg 698w, https:\/\/regiontatry.sk\/wp-content\/uploads\/2022\/10\/csm_c_Marek_Hajkovsky_foto_LADOVY_DOM_2020__12_89c6ac49b4-552x364.jpg 552w\" sizes=\"(max-width: 1024px) 100vw, 1024px\" \/><figcaption class=\"wp-element-caption\">2020\/2021 Chr\u00e1m Kristovho vzkriesenia, Petrohrad<\/figcaption><\/figure>\n\n\n\n<figure class=\"wp-block-image\"><img loading=\"lazy\" decoding=\"async\" width=\"1024\" height=\"536\" data-id=\"8567935\" src=\"https:\/\/regiontatry.sk\/wp-content\/uploads\/2022\/10\/2d5beeb6cd59e3a60e5efd1275fe5f01-1024x536.jpg\" alt=\"\" class=\"wp-image-8567935\" srcset=\"https:\/\/regiontatry.sk\/wp-content\/uploads\/2022\/10\/2d5beeb6cd59e3a60e5efd1275fe5f01-1024x536.jpg 1024w, https:\/\/regiontatry.sk\/wp-content\/uploads\/2022\/10\/2d5beeb6cd59e3a60e5efd1275fe5f01-300x157.jpg 300w, https:\/\/regiontatry.sk\/wp-content\/uploads\/2022\/10\/2d5beeb6cd59e3a60e5efd1275fe5f01-768x402.jpg 768w, https:\/\/regiontatry.sk\/wp-content\/uploads\/2022\/10\/2d5beeb6cd59e3a60e5efd1275fe5f01-698x366.jpg 698w, https:\/\/regiontatry.sk\/wp-content\/uploads\/2022\/10\/2d5beeb6cd59e3a60e5efd1275fe5f01-552x289.jpg 552w, https:\/\/regiontatry.sk\/wp-content\/uploads\/2022\/10\/2d5beeb6cd59e3a60e5efd1275fe5f01.jpg 1224w\" sizes=\"(max-width: 1024px) 100vw, 1024px\" \/><figcaption class=\"wp-element-caption\">2018\/2019 Bazilika Sv\u00e4t\u00e9ho Petra v R\u00edme<\/figcaption><\/figure>\n\n\n\n<figure class=\"wp-block-image\"><img loading=\"lazy\" decoding=\"async\" width=\"1024\" height=\"681\" data-id=\"8567996\" src=\"https:\/\/regiontatry.sk\/wp-content\/uploads\/2022\/10\/img-5-1-1024x681-1024x681.jpg\" alt=\"\" class=\"wp-image-8567996\" srcset=\"https:\/\/regiontatry.sk\/wp-content\/uploads\/2022\/10\/img-5-1-1024x681.jpg 1024w, https:\/\/regiontatry.sk\/wp-content\/uploads\/2022\/10\/img-5-1-1024x681-300x200.jpg 300w, https:\/\/regiontatry.sk\/wp-content\/uploads\/2022\/10\/img-5-1-1024x681-768x511.jpg 768w, https:\/\/regiontatry.sk\/wp-content\/uploads\/2022\/10\/img-5-1-1024x681-698x464.jpg 698w, https:\/\/regiontatry.sk\/wp-content\/uploads\/2022\/10\/img-5-1-1024x681-552x367.jpg 552w\" sizes=\"(max-width: 1024px) 100vw, 1024px\" \/><figcaption class=\"wp-element-caption\">2017\/2018 SagradaFamilia, \u0160panielsko<\/figcaption><\/figure>\n\n\n\n<figure class=\"wp-block-image\"><img loading=\"lazy\" decoding=\"async\" width=\"1024\" height=\"555\" data-id=\"8567953\" src=\"https:\/\/regiontatry.sk\/wp-content\/uploads\/2022\/10\/781a980200e6bd9e8c42e3a0aef4eedd-1024x555.jpg\" alt=\"\" class=\"wp-image-8567953\" srcset=\"https:\/\/regiontatry.sk\/wp-content\/uploads\/2022\/10\/781a980200e6bd9e8c42e3a0aef4eedd-1024x555.jpg 1024w, https:\/\/regiontatry.sk\/wp-content\/uploads\/2022\/10\/781a980200e6bd9e8c42e3a0aef4eedd-300x163.jpg 300w, https:\/\/regiontatry.sk\/wp-content\/uploads\/2022\/10\/781a980200e6bd9e8c42e3a0aef4eedd-768x416.jpg 768w, https:\/\/regiontatry.sk\/wp-content\/uploads\/2022\/10\/781a980200e6bd9e8c42e3a0aef4eedd-698x378.jpg 698w, https:\/\/regiontatry.sk\/wp-content\/uploads\/2022\/10\/781a980200e6bd9e8c42e3a0aef4eedd-552x299.jpg 552w, https:\/\/regiontatry.sk\/wp-content\/uploads\/2022\/10\/781a980200e6bd9e8c42e3a0aef4eedd.jpg 1224w\" sizes=\"(max-width: 1024px) 100vw, 1024px\" \/><figcaption class=\"wp-element-caption\">2016\/2017 Spi\u0161sk\u00e1 Gotika<\/figcaption><\/figure>\n\n\n\n<figure class=\"wp-block-image\"><img loading=\"lazy\" decoding=\"async\" width=\"1024\" height=\"656\" data-id=\"8568003\" src=\"https:\/\/regiontatry.sk\/wp-content\/uploads\/2022\/10\/img-7-8-1024x656-1024x656.jpg\" alt=\"\" class=\"wp-image-8568003\" srcset=\"https:\/\/regiontatry.sk\/wp-content\/uploads\/2022\/10\/img-7-8-1024x656.jpg 1024w, https:\/\/regiontatry.sk\/wp-content\/uploads\/2022\/10\/img-7-8-1024x656-300x192.jpg 300w, https:\/\/regiontatry.sk\/wp-content\/uploads\/2022\/10\/img-7-8-1024x656-768x492.jpg 768w, https:\/\/regiontatry.sk\/wp-content\/uploads\/2022\/10\/img-7-8-1024x656-698x447.jpg 698w, https:\/\/regiontatry.sk\/wp-content\/uploads\/2022\/10\/img-7-8-1024x656-552x354.jpg 552w\" sizes=\"(max-width: 1024px) 100vw, 1024px\" \/><figcaption class=\"wp-element-caption\">2015\/2016 Baroko<\/figcaption><\/figure>\n<\/figure>\n\n\n\n<div style=\"height:100px\" aria-hidden=\"true\" class=\"wp-block-spacer\"><\/div>\n\n\n\n<p>\u041d\u0430\u0437\u0435\u043c\u043d\u0430\u044f \u043a\u0430\u043d\u0430\u0442\u043d\u0430\u044f \u0434\u043e\u0440\u043e\u0433\u0430 \u043e\u0442 \u0441\u0442\u0430\u043d\u0446\u0438\u0438 \u0421\u0442\u0430\u0440\u044b \u0421\u043c\u043e\u043a\u043e\u0432\u0435\u0446 \u0441 \u043a\u043e\u043c\u0444\u043e\u0440\u0442\u043e\u043c \u0434\u043e\u0441\u0442\u0430\u0432\u0438\u0442 \u0412\u0430\u0441 \u043d\u0430 <a rel=\"noreferrer noopener\" href=\"https:\/\/regiontatry.sk\/turistika\/lanovkami-za-vyhladmi\/?tour=796\" target=\"_blank\"><strong>\u0413\u0440\u0435\u0431\u0438\u0435\u043d\u043e\u043a<\/strong><\/a>\u043a \u0422\u0430\u0442\u0440\u0430\u043d\u0441\u043a\u043e\u043c\u0443 \u0434\u043e\u043c\u0443. \u0411\u0438\u043b\u0435\u0442\u044b \u043d\u0430 \u043a\u0430\u043d\u0430\u0442\u043d\u0443\u044e \u0434\u043e\u0440\u043e\u0433\u0443 \u043c\u043e\u0436\u043d\u043e&nbsp; \u043f\u0440\u0438\u043e\u0431\u0440\u0435\u0441\u0442\u0438 \u0432 \u043a\u0430\u0441\u0441\u0435 \u0432 \u0421\u0442\u0430\u0440\u043e\u043c \u0421\u043c\u043e\u043a\u043e\u0432\u0446\u0435 \u0438\u043b\u0438 \u043e\u043d\u043b\u0430\u0439\u043d \u043d\u0430 \u0441\u0430\u0439\u0442\u0435 <a href=\"https:\/\/www.gopass.travel\/SK\/homepage?category=ski\">gopass.travel.<\/a><br><\/p>\n\n\n<div class=\"wp-block-image\">\n<figure class=\"aligncenter\"><img loading=\"lazy\" decoding=\"async\" width=\"1896\" height=\"1106\" src=\"https:\/\/regiontatry.sk\/wp-content\/uploads\/2022\/10\/edd7a301866fed73d6268ffcf1631880.jpg\" alt=\"\" class=\"wp-image-8567929\" srcset=\"https:\/\/regiontatry.sk\/wp-content\/uploads\/2022\/10\/edd7a301866fed73d6268ffcf1631880.jpg 1896w, https:\/\/regiontatry.sk\/wp-content\/uploads\/2022\/10\/edd7a301866fed73d6268ffcf1631880-300x175.jpg 300w, https:\/\/regiontatry.sk\/wp-content\/uploads\/2022\/10\/edd7a301866fed73d6268ffcf1631880-768x448.jpg 768w, https:\/\/regiontatry.sk\/wp-content\/uploads\/2022\/10\/edd7a301866fed73d6268ffcf1631880-1024x597.jpg 1024w, https:\/\/regiontatry.sk\/wp-content\/uploads\/2022\/10\/edd7a301866fed73d6268ffcf1631880-1705x995.jpg 1705w, https:\/\/regiontatry.sk\/wp-content\/uploads\/2022\/10\/edd7a301866fed73d6268ffcf1631880-698x407.jpg 698w, https:\/\/regiontatry.sk\/wp-content\/uploads\/2022\/10\/edd7a301866fed73d6268ffcf1631880-552x322.jpg 552w\" sizes=\"(max-width: 1896px) 100vw, 1896px\" \/><\/figure><\/div>","protected":false},"excerpt":{"rendered":"<p>\u0422\u0430\u0442\u0440\u0430\u043d\u0441\u043a\u0438\u0439 \u043b\u0435\u0434\u043e\u0432\u044b\u0439 \u0434\u043e\u043c &#8212; \u044d\u0442\u043e \u0443\u043d\u0438\u043a\u0430\u043b\u044c\u043d\u0430\u044f \u0434\u043e\u0441\u0442\u043e\u043f\u0440\u0438\u043c\u0435\u0447\u0430\u0442\u0435\u043b\u044c\u043d\u043e\u0441\u0442\u044c, \u043a\u043e\u0442\u043e\u0440\u0443\u044e \u043d\u0435\u043b\u044c\u0437\u044f \u043d\u0435 \u043f\u043e\u0441\u0435\u0442\u0438\u0442\u044c \u0432 \u0412\u044b\u0441\u043e\u043a\u0438\u0445 \u0422\u0430\u0442\u0440\u0430\u0445 \u0432 \u0437\u0438\u043c\u043d\u0438\u0439 \u0441\u0435\u0437\u043e\u043d. \u041f\u0440\u043e\u0432\u0435\u0434\u0438\u0442\u0435 \u043f\u0440\u0435\u043a\u0440\u0430\u0441\u043d\u043e\u0435 \u0437\u0438\u043c\u043d\u0435\u0435 \u0432\u0440\u0435\u043c\u044f \u0432 \u0422\u0430\u0442\u0440\u0430\u0445 \u0438 \u0443\u0432\u0435\u0437\u0438\u0442\u0435 \u0441 \u0441\u043e\u0431\u043e\u0439 \u043d\u0435\u0437\u0430\u0431\u044b\u0432\u0430\u0435\u043c\u044b\u0435 \u0432\u043f\u0435\u0447\u0430\u0442\u043b\u0435\u043d\u0438\u044f \u043e\u0442 \u0422\u0430\u0442\u0440\u0430\u043d\u0441\u043a\u043e\u0433\u043e \u043b\u0435\u0434\u043e\u0432\u043e\u0433\u043e \u0434\u043e\u043c\u0430 \u043d\u0430 \u0413\u0440\u0435\u0431\u0438\u0435\u043d\u043a\u0435. \u0412 \u044d\u0442\u043e\u043c \u0433\u043e\u0434\u0443 \u0412\u044b \u0442\u0430\u043a\u0436\u0435 \u043c\u043e\u0436\u0435\u0442\u0435 \u0440\u0430\u0441\u0441\u0447\u0438\u0442\u044b\u0432\u0430\u0442\u044c \u043d\u0430 \u0444\u0438\u043b\u0438\u0433\u0440\u0430\u043d\u043d\u0443\u044e \u0440\u0430\u0431\u043e\u0442\u0443 \u0438 \u0443\u0434\u0438\u0432\u0438\u0442\u0435\u043b\u044c\u043d\u044b\u0435 \u0434\u0435\u0442\u0430\u043b\u0438, \u043a\u043e\u0442\u043e\u0440\u044b\u0435 \u0443\u0441\u0438\u043b\u044f\u0442 \u0432\u043f\u0435\u0447\u0430\u0442\u043b\u0435\u043d\u0438\u044f \u043e\u0442 \u043f\u043e\u0441\u0435\u0449\u0435\u043d\u0438\u044f \u041b\u0435\u0434\u043e\u0432\u043e\u0433\u043e \u0434\u043e\u043c\u0430. [&hellip;]<\/p>\n","protected":false},"author":2,"featured_media":9232865,"parent":0,"menu_order":0,"comment_status":"closed","ping_status":"closed","template":"template-simple-page.php","meta":{"footnotes":""},"class_list":["post-9232863","page","type-page","status-publish","has-post-thumbnail","hentry"],"_links":{"self":[{"href":"https:\/\/regiontatry.sk\/ru\/wp-json\/wp\/v2\/pages\/9232863"}],"collection":[{"href":"https:\/\/regiontatry.sk\/ru\/wp-json\/wp\/v2\/pages"}],"about":[{"href":"https:\/\/regiontatry.sk\/ru\/wp-json\/wp\/v2\/types\/page"}],"author":[{"embeddable":true,"href":"https:\/\/regiontatry.sk\/ru\/wp-json\/wp\/v2\/users\/2"}],"replies":[{"embeddable":true,"href":"https:\/\/regiontatry.sk\/ru\/wp-json\/wp\/v2\/comments?post=9232863"}],"version-history":[{"count":3,"href":"https:\/\/regiontatry.sk\/ru\/wp-json\/wp\/v2\/pages\/9232863\/revisions"}],"predecessor-version":[{"id":11185873,"href":"https:\/\/regiontatry.sk\/ru\/wp-json\/wp\/v2\/pages\/9232863\/revisions\/11185873"}],"wp:featuredmedia":[{"embeddable":true,"href":"https:\/\/regiontatry.sk\/ru\/wp-json\/wp\/v2\/media\/9232865"}],"wp:attachment":[{"href":"https:\/\/regiontatry.sk\/ru\/wp-json\/wp\/v2\/media?parent=9232863"}],"curies":[{"name":"wp","href":"https:\/\/api.w.org\/{rel}","templated":true}]}}