{"id":9239367,"date":"2018-08-23T13:05:39","date_gmt":"2018-08-23T11:05:39","guid":{"rendered":"https:\/\/regiontatry.sk\/%d0%bf%d1%80%d0%be%d0%b6%d0%b8%d0%b2%d0%b0%d0%bd%d0%b8%d0%b5-%d1%80%d1%83%d1%81%d1%81%d0%ba%d0%b8%d0%b9\/oferte-speciale\/"},"modified":"2023-09-04T22:51:53","modified_gmt":"2023-09-04T20:51:53","slug":"%d1%81%d0%bf%d0%b5%d1%86%d0%b8%d0%b0%d0%bb%d1%8c%d0%bd%d1%8b%d0%b5-%d0%bf%d1%80%d0%b5%d0%b4%d0%bb%d0%be%d0%b6%d0%b5%d0%bd%d0%b8%d1%8f","status":"publish","type":"page","link":"https:\/\/regiontatry.sk\/ru\/%d0%bf%d1%80%d0%be%d0%b6%d0%b8%d0%b2%d0%b0%d0%bd%d0%b8%d0%b5-%d1%80%d1%83%d1%81%d1%81%d0%ba%d0%b8%d0%b9\/%d1%81%d0%bf%d0%b5%d1%86%d0%b8%d0%b0%d0%bb%d1%8c%d0%bd%d1%8b%d0%b5-%d0%bf%d1%80%d0%b5%d0%b4%d0%bb%d0%be%d0%b6%d0%b5%d0%bd%d0%b8%d1%8f\/","title":{"rendered":"\u0421\u043f\u0435\u0446\u0438\u0430\u043b\u044c\u043d\u044b\u0435 \u043f\u0440\u0435\u0434\u043b\u043e\u0436\u0435\u043d\u0438\u044f"},"content":{"rendered":"\n<h2 class=\"wp-block-heading\"><a href=\"\/?page_id=3246\">Family friendly<\/a><\/h2>\n\n\n\n<p>N\u00e1jdite si&nbsp;<strong>to prav\u00e9 ubytovanie pre Va\u0161u rodinu<\/strong>&nbsp;v jednom z t\u00fdchto FAMILY friendly ubytovac\u00edch zariaden\u00ed a pre\u017eite kr\u00e1snu dovolenku pln\u00fa rodinnej pohody priamo vo Vysok\u00fdch Tatr\u00e1ch!<\/p>\n\n\n\n<h2 class=\"wp-block-heading\"><a href=\"\/?page_id=3249\">Bike friendly<\/a><\/h2>\n\n\n\n<p>Doprajte si neopakovate\u013en\u00fd z\u00e1\u017eitok. Spoznajte&nbsp;Vysok\u00e9 Tatry zo sedla v\u00e1\u0161ho bicykla a ubytujte sa v jednom z&nbsp;<strong>BIKE friendly<\/strong>&nbsp;ubytovac\u00edch zariaden\u00ed priamo v tatranskom regi\u00f3ne, ktor\u00fd pon\u00faka viac ako&nbsp;300 km&nbsp;zna\u010den\u00fdch cyklotr\u00e1s.<\/p>\n\n\n\n<h2 class=\"wp-block-heading\"><a href=\"\/?page_id=3252\">Dog \/ Pet friendly<\/a><\/h2>\n\n\n\n<p>Ubytujte sa v t\u00fdchto ubytovac\u00edch zariadeniach&nbsp;<strong>aj s va\u0161im dom\u00e1cim mil\u00e1\u010dikom<\/strong>&nbsp;a vychutnajte si va\u0161e&nbsp;dovolenkov\u00e9 dni v Tatr\u00e1ch spolo\u010dne!&nbsp;<\/p>\n\n\n\n<h2 class=\"wp-block-heading\"><a href=\"https:\/\/regiontatry.sk\/ubytovanie\/specialne-ponuky\/kongresy\/\">Kongresy<\/a><\/h2>\n\n\n\n<p>Vyberte si z ponuky nasledovn\u00fdch priestorov na realiz\u00e1ciu&nbsp;<strong>kongresov, konferenci\u00ed, pracovn\u00fdch stretnut\u00ed, firemn\u00fdch, kult\u00farnych a spolo\u010densk\u00fdch podujat\u00ed<\/strong>. Vysok\u00e9 Tatry sa v\u010faka svojmu \u0161pecifick\u00e9mu pr\u00edrodn\u00e9mu, kult\u00farnemu a&nbsp;historick\u00e9mu z\u00e1zemiu m\u00f4\u017eu sta\u0165 aj va\u0161ou ide\u00e1lnou kongresovou destin\u00e1ciou.<\/p>\n\n\n\n<p>(Pozn. Zariadenia s\u00fa zoraden\u00e9 pod\u013ea maxim\u00e1lnej kapacity kongresov\u00fdch priestorov, pri\u010dom za spr\u00e1vnos\u0165 uveden\u00fdch \u00fadajov zodpoved\u00e1 subjekt s\u00e1m).<\/p>\n","protected":false},"excerpt":{"rendered":"<p>Family friendly N\u00e1jdite si&nbsp;to prav\u00e9 ubytovanie pre Va\u0161u rodinu&nbsp;v jednom z t\u00fdchto FAMILY friendly ubytovac\u00edch zariaden\u00ed a pre\u017eite kr\u00e1snu dovolenku pln\u00fa rodinnej pohody priamo vo Vysok\u00fdch Tatr\u00e1ch! Bike friendly Doprajte si neopakovate\u013en\u00fd z\u00e1\u017eitok. Spoznajte&nbsp;Vysok\u00e9 Tatry zo sedla v\u00e1\u0161ho bicykla a ubytujte sa v jednom z&nbsp;BIKE friendly&nbsp;ubytovac\u00edch zariaden\u00ed priamo v tatranskom regi\u00f3ne, ktor\u00fd pon\u00faka viac ako&nbsp;300 [&hellip;]<\/p>\n","protected":false},"author":1,"featured_media":9239369,"parent":9229991,"menu_order":0,"comment_status":"closed","ping_status":"closed","template":"template-simple-page.php","meta":{"footnotes":""},"class_list":["post-9239367","page","type-page","status-publish","has-post-thumbnail","hentry"],"_links":{"self":[{"href":"https:\/\/regiontatry.sk\/ru\/wp-json\/wp\/v2\/pages\/9239367"}],"collection":[{"href":"https:\/\/regiontatry.sk\/ru\/wp-json\/wp\/v2\/pages"}],"about":[{"href":"https:\/\/regiontatry.sk\/ru\/wp-json\/wp\/v2\/types\/page"}],"author":[{"embeddable":true,"href":"https:\/\/regiontatry.sk\/ru\/wp-json\/wp\/v2\/users\/1"}],"replies":[{"embeddable":true,"href":"https:\/\/regiontatry.sk\/ru\/wp-json\/wp\/v2\/comments?post=9239367"}],"version-history":[{"count":1,"href":"https:\/\/regiontatry.sk\/ru\/wp-json\/wp\/v2\/pages\/9239367\/revisions"}],"predecessor-version":[{"id":9239370,"href":"https:\/\/regiontatry.sk\/ru\/wp-json\/wp\/v2\/pages\/9239367\/revisions\/9239370"}],"up":[{"embeddable":true,"href":"https:\/\/regiontatry.sk\/ru\/wp-json\/wp\/v2\/pages\/9229991"}],"wp:featuredmedia":[{"embeddable":true,"href":"https:\/\/regiontatry.sk\/ru\/wp-json\/wp\/v2\/media\/9239369"}],"wp:attachment":[{"href":"https:\/\/regiontatry.sk\/ru\/wp-json\/wp\/v2\/media?parent=9239367"}],"curies":[{"name":"wp","href":"https:\/\/api.w.org\/{rel}","templated":true}]}}