{"id":9239386,"date":"2018-09-03T13:42:57","date_gmt":"2018-09-03T11:42:57","guid":{"rendered":"https:\/\/regiontatry.sk\/informatii-turistice\/"},"modified":"2023-09-04T23:13:51","modified_gmt":"2023-09-04T21:13:51","slug":"%d1%82%d1%83%d1%80%d0%b8%d1%81%d1%82%d0%b8%d1%87%d0%b5%d1%81%d0%ba%d0%b0%d1%8f-%d0%b8%d0%bd%d1%84%d0%be%d1%80%d0%bc%d0%b0%d1%86%d0%b8%d1%8f","status":"publish","type":"page","link":"https:\/\/regiontatry.sk\/ru\/%d1%82%d1%83%d1%80%d0%b8%d1%81%d1%82%d0%b8%d1%87%d0%b5%d1%81%d0%ba%d0%b0%d1%8f-%d0%b8%d0%bd%d1%84%d0%be%d1%80%d0%bc%d0%b0%d1%86%d0%b8%d1%8f\/","title":{"rendered":"\u0422\u0443\u0440\u0438\u0441\u0442\u0438\u0447\u0435\u0441\u043a\u0430\u044f \u0438\u043d\u0444\u043e\u0440\u043c\u0430\u0446\u0438\u044f"},"content":{"rendered":"\n<h2 class=\"wp-block-heading\">Doprava<\/h2>\n\n\n\n<p><a href=\"https:\/\/regiontatry.sk\/turisticke-informacie\/doprava\/\">Ako sa dostaneme do Tatier<\/a><br><a href=\"https:\/\/regiontatry.sk\/turisticke-informacie\/doprava-v-regione\/\">Doprava v regi\u00f3ne<\/a><br><\/p>\n\n\n\n<h2 class=\"wp-block-heading\">Gastron\u00f3mia<\/h2>\n\n\n\n<p><a href=\"https:\/\/regiontatry.sk\/turisticke-informacie\/restauracie-pizza\/\">Re\u0161taur\u00e1cie \/ Pizza<\/a><br><a href=\"https:\/\/regiontatry.sk\/turisticke-informacie\/salase-koliby\/\">Sala\u0161e \/ Koliby<\/a><br><a href=\"https:\/\/regiontatry.sk\/turisticke-informacie\/kaviarne\/\">Kaviarne<\/a><br><a href=\"https:\/\/regiontatry.sk\/turisticke-informacie\/bary-nocny-zivot\/\">Bary \/ No\u010dn\u00fd \u017eivot<\/a><\/p>\n\n\n\n<h2 class=\"wp-block-heading\">Zdravie<\/h2>\n\n\n\n<p><a href=\"https:\/\/regiontatry.sk\/turisticke-informacie\/poistenie-na-horach\/\">Poistenie na hor\u00e1ch<\/a><br><a href=\"https:\/\/regiontatry.sk\/turisticke-informacie\/zdravotnicke-zariadenia\/\">Zdravotn\u00edcke zariadenia<\/a><br><a href=\"https:\/\/regiontatry.sk\/turisticke-informacie\/lekarne\/\" class=\"broken_link\">Lek\u00e1rne<\/a><\/p>\n\n\n\n<p><br><a href=\"https:\/\/regiontatry.sk\/turisticke-informacie\/turisticke-informacne-centra\/\">Turistick\u00e9 informa\u010dn\u00e9 centr\u00e1<\/a><\/p>\n\n\n\n<p><a href=\"https:\/\/regiontatry.sk\/turisticke-informacie\/nakupovanie\/\">Nakupovanie<\/a><\/p>\n\n\n\n<p><a href=\"https:\/\/regiontatry.sk\/brozury\/\">Bro\u017e\u00fary<\/a><\/p>\n","protected":false},"excerpt":{"rendered":"<p>Doprava Ako sa dostaneme do TatierDoprava v regi\u00f3ne Gastron\u00f3mia Re\u0161taur\u00e1cie \/ PizzaSala\u0161e \/ KolibyKaviarneBary \/ No\u010dn\u00fd \u017eivot Zdravie Poistenie na hor\u00e1chZdravotn\u00edcke zariadeniaLek\u00e1rne Turistick\u00e9 informa\u010dn\u00e9 centr\u00e1 Nakupovanie Bro\u017e\u00fary<\/p>\n","protected":false},"author":1,"featured_media":9239322,"parent":0,"menu_order":0,"comment_status":"closed","ping_status":"closed","template":"template-subpages.php","meta":{"footnotes":""},"class_list":["post-9239386","page","type-page","status-publish","has-post-thumbnail","hentry"],"_links":{"self":[{"href":"https:\/\/regiontatry.sk\/ru\/wp-json\/wp\/v2\/pages\/9239386"}],"collection":[{"href":"https:\/\/regiontatry.sk\/ru\/wp-json\/wp\/v2\/pages"}],"about":[{"href":"https:\/\/regiontatry.sk\/ru\/wp-json\/wp\/v2\/types\/page"}],"author":[{"embeddable":true,"href":"https:\/\/regiontatry.sk\/ru\/wp-json\/wp\/v2\/users\/1"}],"replies":[{"embeddable":true,"href":"https:\/\/regiontatry.sk\/ru\/wp-json\/wp\/v2\/comments?post=9239386"}],"version-history":[{"count":1,"href":"https:\/\/regiontatry.sk\/ru\/wp-json\/wp\/v2\/pages\/9239386\/revisions"}],"predecessor-version":[{"id":9239387,"href":"https:\/\/regiontatry.sk\/ru\/wp-json\/wp\/v2\/pages\/9239386\/revisions\/9239387"}],"wp:featuredmedia":[{"embeddable":true,"href":"https:\/\/regiontatry.sk\/ru\/wp-json\/wp\/v2\/media\/9239322"}],"wp:attachment":[{"href":"https:\/\/regiontatry.sk\/ru\/wp-json\/wp\/v2\/media?parent=9239386"}],"curies":[{"name":"wp","href":"https:\/\/api.w.org\/{rel}","templated":true}]}}